{"id":7000,"date":"2024-06-25T22:37:15","date_gmt":"2024-06-25T17:37:15","guid":{"rendered":"https:\/\/essilorpro.com.co\/instruments\/?page_id=7000"},"modified":"2024-09-13T22:07:26","modified_gmt":"2024-09-13T17:07:26","slug":"mediciones-2","status":"publish","type":"page","link":"https:\/\/essilorpro.com.co\/instruments\/mediciones-2\/","title":{"rendered":"MEDICIONES"},"content":{"rendered":"\t\t<div data-elementor-type=\"wp-page\" data-elementor-id=\"7000\" class=\"elementor elementor-7000\" data-elementor-post-type=\"page\">\n\t\t\t\t<div class=\"elementor-element elementor-element-3395a2b5 e-con-full e-flex wpr-particle-no wpr-jarallax-no wpr-parallax-no wpr-sticky-section-no e-con e-parent\" data-id=\"3395a2b5\" data-element_type=\"container\">\n\t\t\t\t<div class=\"elementor-element elementor-element-776824f1 elementor--h-position-left elementor--v-position-bottom elementor-arrows-position-inside elementor-pagination-position-inside elementor-widget elementor-widget-slides\" data-id=\"776824f1\" data-element_type=\"widget\" data-settings=\"{&quot;navigation&quot;:&quot;both&quot;,&quot;autoplay&quot;:&quot;yes&quot;,&quot;pause_on_hover&quot;:&quot;yes&quot;,&quot;pause_on_interaction&quot;:&quot;yes&quot;,&quot;autoplay_speed&quot;:5000,&quot;infinite&quot;:&quot;yes&quot;,&quot;transition&quot;:&quot;slide&quot;,&quot;transition_speed&quot;:500}\" data-widget_type=\"slides.default\">\n\t\t\t\t<div class=\"elementor-widget-container\">\n\t\t\t\t\t\t\t\t\t<div class=\"elementor-swiper\">\n\t\t\t\t\t<div class=\"elementor-slides-wrapper elementor-main-swiper swiper\" role=\"region\" aria-roledescription=\"carousel\" aria-label=\"Diapositivas\" dir=\"ltr\" data-animation=\"fadeInUp\">\n\t\t\t\t<div class=\"swiper-wrapper elementor-slides\">\n\t\t\t\t\t\t\t\t\t\t<div class=\"elementor-repeater-item-733ef24 swiper-slide\" role=\"group\" aria-roledescription=\"slide\"><div class=\"swiper-slide-bg\" role=\"img\"><\/div><div class=\"swiper-slide-inner\" ><div class=\"swiper-slide-contents\"><div class=\"elementor-slide-description\">Essilor instrumentos tiene un amplio rango que combina alta tecnolog\u00eda de vanguardia con una gesti\u00f3n intuitiva para evaluaci\u00f3n y detecci\u00f3n de enfermedades visuales facilitando y brindando una experiencia memorable a sus usuarios. \nTenemos la soluci\u00f3n adecuada para las necesidades de cualquier pr\u00e1ctica en el cuidado de la visi\u00f3n.<\/div><\/div><\/div><\/div><div class=\"elementor-repeater-item-5607617 swiper-slide\" role=\"group\" aria-roledescription=\"slide\"><div class=\"swiper-slide-bg\" role=\"img\"><\/div><div class=\"swiper-slide-inner\" ><div class=\"swiper-slide-contents\"><\/div><\/div><\/div>\t\t\t\t<\/div>\n\t\t\t\t\t\t\t\t\t\t\t\t\t\t\t<div class=\"elementor-swiper-button elementor-swiper-button-prev\" role=\"button\" tabindex=\"0\" aria-label=\"Diapositiva anterior\">\n\t\t\t\t\t\t\t<svg aria-hidden=\"true\" class=\"e-font-icon-svg e-eicon-chevron-left\" viewBox=\"0 0 1000 1000\" xmlns=\"http:\/\/www.w3.org\/2000\/svg\"><path d=\"M646 125C629 125 613 133 604 142L308 442C296 454 292 471 292 487 292 504 296 521 308 533L604 854C617 867 629 875 646 875 663 875 679 871 692 858 704 846 713 829 713 812 713 796 708 779 692 767L438 487 692 225C700 217 708 204 708 187 708 171 704 154 692 142 675 129 663 125 646 125Z\"><\/path><\/svg>\t\t\t\t\t\t<\/div>\n\t\t\t\t\t\t<div class=\"elementor-swiper-button elementor-swiper-button-next\" role=\"button\" tabindex=\"0\" aria-label=\"Diapositiva siguiente\">\n\t\t\t\t\t\t\t<svg aria-hidden=\"true\" class=\"e-font-icon-svg e-eicon-chevron-right\" viewBox=\"0 0 1000 1000\" xmlns=\"http:\/\/www.w3.org\/2000\/svg\"><path d=\"M696 533C708 521 713 504 713 487 713 471 708 454 696 446L400 146C388 133 375 125 354 125 338 125 325 129 313 142 300 154 292 171 292 187 292 204 296 221 308 233L563 492 304 771C292 783 288 800 288 817 288 833 296 850 308 863 321 871 338 875 354 875 371 875 388 867 400 854L696 533Z\"><\/path><\/svg>\t\t\t\t\t\t<\/div>\n\t\t\t\t\t\t\t\t\t\t\t\t\t\t\t\t<div class=\"swiper-pagination\"><\/div>\n\t\t\t\t\t\t\t\t\t\t\t\t<\/div>\n\t\t\t\t<\/div>\n\t\t\t\t\t\t\t\t<\/div>\n\t\t\t\t<\/div>\n\t\t\t\t<\/div>\n\t\t\t\t<section class=\"elementor-section elementor-top-section elementor-element elementor-element-4171f5c0 elementor-section-boxed elementor-section-height-default elementor-section-height-default wpr-particle-no wpr-jarallax-no wpr-parallax-no wpr-sticky-section-no\" data-id=\"4171f5c0\" data-element_type=\"section\">\n\t\t\t\t\t\t<div class=\"elementor-container elementor-column-gap-default\">\n\t\t\t\t\t<div class=\"elementor-column elementor-col-50 elementor-top-column elementor-element elementor-element-1f6a4a98\" data-id=\"1f6a4a98\" data-element_type=\"column\">\n\t\t\t<div class=\"elementor-widget-wrap elementor-element-populated\">\n\t\t\t\t\t\t<div class=\"elementor-element elementor-element-d0ed3c4 elementor-widget elementor-widget-image\" data-id=\"d0ed3c4\" data-element_type=\"widget\" data-widget_type=\"image.default\">\n\t\t\t\t<div class=\"elementor-widget-container\">\n\t\t\t\t\t\t\t\t\t\t\t\t\t\t\t<img decoding=\"async\" width=\"83\" height=\"83\" src=\"https:\/\/essilorpro.com.co\/instruments\/wp-content\/uploads\/2024\/02\/essilor-instruments-1.webp\" class=\"attachment-large size-large wp-image-5352\" alt=\"essilor instruments\" \/>\t\t\t\t\t\t\t\t\t\t\t\t\t\t\t<\/div>\n\t\t\t\t<\/div>\n\t\t\t\t\t<\/div>\n\t\t<\/div>\n\t\t\t\t<div class=\"elementor-column elementor-col-50 elementor-top-column elementor-element elementor-element-2e8c8ae7\" data-id=\"2e8c8ae7\" data-element_type=\"column\">\n\t\t\t<div class=\"elementor-widget-wrap elementor-element-populated\">\n\t\t\t\t\t\t<div class=\"elementor-element elementor-element-1f5b9ebb elementor-widget elementor-widget-text-editor\" data-id=\"1f5b9ebb\" data-element_type=\"widget\" data-widget_type=\"text-editor.default\">\n\t\t\t\t<div class=\"elementor-widget-container\">\n\t\t\t\t\t\t\t\t\t<p>EXPERIENCIAS DE PERSONALIZACI\u00d3N<\/p>\t\t\t\t\t\t\t\t<\/div>\n\t\t\t\t<\/div>\n\t\t\t\t\t<\/div>\n\t\t<\/div>\n\t\t\t\t\t<\/div>\n\t\t<\/section>\n\t\t<div class=\"elementor-element elementor-element-29f94a15 e-flex e-con-boxed wpr-particle-no wpr-jarallax-no wpr-parallax-no wpr-sticky-section-no e-con e-parent\" data-id=\"29f94a15\" data-element_type=\"container\">\n\t\t\t\t\t<div class=\"e-con-inner\">\n\t\t\t\t<div class=\"elementor-element elementor-element-6a681a1d elementor-widget-divider--view-line elementor-widget elementor-widget-divider\" data-id=\"6a681a1d\" data-element_type=\"widget\" data-widget_type=\"divider.default\">\n\t\t\t\t<div class=\"elementor-widget-container\">\n\t\t\t\t\t\t\t<div class=\"elementor-divider\">\n\t\t\t<span class=\"elementor-divider-separator\">\n\t\t\t\t\t\t<\/span>\n\t\t<\/div>\n\t\t\t\t\t\t<\/div>\n\t\t\t\t<\/div>\n\t\t\t\t\t<\/div>\n\t\t\t\t<\/div>\n\t\t<div class=\"elementor-element elementor-element-92d9ad2 e-flex e-con-boxed wpr-particle-no wpr-jarallax-no wpr-parallax-no wpr-sticky-section-no e-con e-parent\" data-id=\"92d9ad2\" data-element_type=\"container\">\n\t\t\t\t\t<div class=\"e-con-inner\">\n\t\t<div class=\"elementor-element elementor-element-18aedec0 e-con-full e-flex wpr-particle-no wpr-jarallax-no wpr-parallax-no wpr-sticky-section-no e-con e-child\" data-id=\"18aedec0\" data-element_type=\"container\">\n\t\t\t\t<div class=\"elementor-element elementor-element-1e5cd976 elementor-widget__width-inherit elementor-widget elementor-widget-image\" data-id=\"1e5cd976\" data-element_type=\"widget\" data-widget_type=\"image.default\">\n\t\t\t\t<div class=\"elementor-widget-container\">\n\t\t\t\t\t\t\t\t\t\t\t\t\t\t\t\t<a href=\"https:\/\/essilorpro.com.co\/instruments\/spark4\/\">\n\t\t\t\t\t\t\t<img fetchpriority=\"high\" decoding=\"async\" width=\"518\" height=\"1024\" src=\"https:\/\/essilorpro.com.co\/instruments\/wp-content\/uploads\/2024\/02\/shamir-spark_spark-2-518x1024.png\" class=\"attachment-large size-large wp-image-6120\" alt=\"\" srcset=\"https:\/\/essilorpro.com.co\/instruments\/wp-content\/uploads\/2024\/02\/shamir-spark_spark-2-518x1024.png 518w, https:\/\/essilorpro.com.co\/instruments\/wp-content\/uploads\/2024\/02\/shamir-spark_spark-2-324x640.png 324w, https:\/\/essilorpro.com.co\/instruments\/wp-content\/uploads\/2024\/02\/shamir-spark_spark-2-162x320.png 162w, https:\/\/essilorpro.com.co\/instruments\/wp-content\/uploads\/2024\/02\/shamir-spark_spark-2-768x1518.png 768w, https:\/\/essilorpro.com.co\/instruments\/wp-content\/uploads\/2024\/02\/shamir-spark_spark-2-777x1536.png 777w, https:\/\/essilorpro.com.co\/instruments\/wp-content\/uploads\/2024\/02\/shamir-spark_spark-2-1036x2048.png 1036w, https:\/\/essilorpro.com.co\/instruments\/wp-content\/uploads\/2024\/02\/shamir-spark_spark-2.png 1155w\" sizes=\"(max-width: 518px) 100vw, 518px\" \/>\t\t\t\t\t\t\t\t<\/a>\n\t\t\t\t\t\t\t\t\t\t\t\t\t\t\t<\/div>\n\t\t\t\t<\/div>\n\t\t\t\t<div class=\"elementor-element elementor-element-477ceab elementor-widget elementor-widget-heading\" data-id=\"477ceab\" data-element_type=\"widget\" data-widget_type=\"heading.default\">\n\t\t\t\t<div class=\"elementor-widget-container\">\n\t\t\t\t\t<h3 class=\"elementor-heading-title elementor-size-default\"><a href=\"https:\/\/essilorpro.com.co\/instruments\/shamir-spark\/\">Spark 4<\/a><\/h3>\t\t\t\t<\/div>\n\t\t\t\t<\/div>\n\t\t\t\t<\/div>\n\t\t<div class=\"elementor-element elementor-element-5ee0cf3b e-con-full e-flex wpr-particle-no wpr-jarallax-no wpr-parallax-no wpr-sticky-section-no e-con e-child\" data-id=\"5ee0cf3b\" data-element_type=\"container\">\n\t\t\t\t<div class=\"elementor-element elementor-element-7f26ba3b elementor-widget__width-inherit elementor-widget elementor-widget-image\" data-id=\"7f26ba3b\" data-element_type=\"widget\" data-widget_type=\"image.default\">\n\t\t\t\t<div class=\"elementor-widget-container\">\n\t\t\t\t\t\t\t\t\t\t\t\t\t\t\t\t<a href=\"https:\/\/essilorpro.com.co\/instruments\/visioffice\/\">\n\t\t\t\t\t\t\t<img decoding=\"async\" width=\"524\" height=\"1488\" src=\"https:\/\/essilorpro.com.co\/instruments\/wp-content\/uploads\/2024\/02\/X3@2x.png\" class=\"attachment-full size-full wp-image-5248\" alt=\"\" srcset=\"https:\/\/essilorpro.com.co\/instruments\/wp-content\/uploads\/2024\/02\/X3@2x.png 524w, https:\/\/essilorpro.com.co\/instruments\/wp-content\/uploads\/2024\/02\/X3@2x-225x640.png 225w, https:\/\/essilorpro.com.co\/instruments\/wp-content\/uploads\/2024\/02\/X3@2x-361x1024.png 361w, https:\/\/essilorpro.com.co\/instruments\/wp-content\/uploads\/2024\/02\/X3@2x-113x320.png 113w\" sizes=\"(max-width: 524px) 100vw, 524px\" \/>\t\t\t\t\t\t\t\t<\/a>\n\t\t\t\t\t\t\t\t\t\t\t\t\t\t\t<\/div>\n\t\t\t\t<\/div>\n\t\t\t\t<div class=\"elementor-element elementor-element-40083ba2 elementor-widget elementor-widget-heading\" data-id=\"40083ba2\" data-element_type=\"widget\" data-widget_type=\"heading.default\">\n\t\t\t\t<div class=\"elementor-widget-container\">\n\t\t\t\t\t<h2 class=\"elementor-heading-title elementor-size-default\">Visioffice 3<\/h2>\t\t\t\t<\/div>\n\t\t\t\t<\/div>\n\t\t\t\t<\/div>\n\t\t<div class=\"elementor-element elementor-element-6a3b074 e-con-full e-flex wpr-particle-no wpr-jarallax-no wpr-parallax-no wpr-sticky-section-no e-con e-child\" data-id=\"6a3b074\" data-element_type=\"container\">\n\t\t\t\t<div class=\"elementor-element elementor-element-5d0479cb elementor-widget__width-inherit elementor-widget elementor-widget-image\" data-id=\"5d0479cb\" data-element_type=\"widget\" data-widget_type=\"image.default\">\n\t\t\t\t<div class=\"elementor-widget-container\">\n\t\t\t\t\t\t\t\t\t\t\t\t\t\t\t\t<a href=\"https:\/\/essilorpro.com.co\/instruments\/visioffice-x\/\">\n\t\t\t\t\t\t\t<img loading=\"lazy\" decoding=\"async\" width=\"149\" height=\"395\" src=\"https:\/\/essilorpro.com.co\/instruments\/wp-content\/uploads\/2024\/02\/BrochureInstrumentos_Compaginado_VISIOFFICEX-30.png\" class=\"attachment-full size-full wp-image-5553\" alt=\"\" srcset=\"https:\/\/essilorpro.com.co\/instruments\/wp-content\/uploads\/2024\/02\/BrochureInstrumentos_Compaginado_VISIOFFICEX-30.png 149w, https:\/\/essilorpro.com.co\/instruments\/wp-content\/uploads\/2024\/02\/BrochureInstrumentos_Compaginado_VISIOFFICEX-30-121x320.png 121w\" sizes=\"(max-width: 149px) 100vw, 149px\" \/>\t\t\t\t\t\t\t\t<\/a>\n\t\t\t\t\t\t\t\t\t\t\t\t\t\t\t<\/div>\n\t\t\t\t<\/div>\n\t\t\t\t<div class=\"elementor-element elementor-element-215ed705 elementor-widget elementor-widget-heading\" data-id=\"215ed705\" data-element_type=\"widget\" data-widget_type=\"heading.default\">\n\t\t\t\t<div class=\"elementor-widget-container\">\n\t\t\t\t\t<h2 class=\"elementor-heading-title elementor-size-default\">Visioffice X<\/h2>\t\t\t\t<\/div>\n\t\t\t\t<\/div>\n\t\t\t\t<\/div>\n\t\t<div class=\"elementor-element elementor-element-5cf33627 e-con-full e-flex wpr-particle-no wpr-jarallax-no wpr-parallax-no wpr-sticky-section-no e-con e-child\" data-id=\"5cf33627\" data-element_type=\"container\">\n\t\t\t\t<div class=\"elementor-element elementor-element-43faf200 elementor-widget__width-inherit elementor-widget elementor-widget-image\" data-id=\"43faf200\" data-element_type=\"widget\" data-widget_type=\"image.default\">\n\t\t\t\t<div class=\"elementor-widget-container\">\n\t\t\t\t\t\t\t\t\t\t\t\t\t\t\t\t<a href=\"https:\/\/essilorpro.com.co\/instruments\/eye-ruler-2\/\">\n\t\t\t\t\t\t\t<img loading=\"lazy\" decoding=\"async\" width=\"738\" height=\"1024\" src=\"https:\/\/essilorpro.com.co\/instruments\/wp-content\/uploads\/2024\/08\/pixelcut-export-9-738x1024.png\" class=\"attachment-large size-large wp-image-7593\" alt=\"EYERULER2\" srcset=\"https:\/\/essilorpro.com.co\/instruments\/wp-content\/uploads\/2024\/08\/pixelcut-export-9-738x1024.png 738w, https:\/\/essilorpro.com.co\/instruments\/wp-content\/uploads\/2024\/08\/pixelcut-export-9-461x640.png 461w, https:\/\/essilorpro.com.co\/instruments\/wp-content\/uploads\/2024\/08\/pixelcut-export-9-231x320.png 231w, https:\/\/essilorpro.com.co\/instruments\/wp-content\/uploads\/2024\/08\/pixelcut-export-9-768x1065.png 768w, https:\/\/essilorpro.com.co\/instruments\/wp-content\/uploads\/2024\/08\/pixelcut-export-9-1107x1536.png 1107w, https:\/\/essilorpro.com.co\/instruments\/wp-content\/uploads\/2024\/08\/pixelcut-export-9-1476x2048.png 1476w, https:\/\/essilorpro.com.co\/instruments\/wp-content\/uploads\/2024\/08\/pixelcut-export-9.png 1488w\" sizes=\"(max-width: 738px) 100vw, 738px\" \/>\t\t\t\t\t\t\t\t<\/a>\n\t\t\t\t\t\t\t\t\t\t\t\t\t\t\t<\/div>\n\t\t\t\t<\/div>\n\t\t\t\t<div class=\"elementor-element elementor-element-51576759 elementor-widget elementor-widget-heading\" data-id=\"51576759\" data-element_type=\"widget\" data-widget_type=\"heading.default\">\n\t\t\t\t<div class=\"elementor-widget-container\">\n\t\t\t\t\t<h2 class=\"elementor-heading-title elementor-size-default\">Eye Ruler 2<\/h2>\t\t\t\t<\/div>\n\t\t\t\t<\/div>\n\t\t\t\t<\/div>\n\t\t\t\t\t<\/div>\n\t\t\t\t<\/div>\n\t\t\t\t<\/div>\n\t\t","protected":false},"excerpt":{"rendered":"<p>Essilor instrumentos tiene un amplio rango que combina alta tecnolog\u00eda de vanguardia con una gesti\u00f3n intuitiva para evaluaci\u00f3n y detecci\u00f3n de enfermedades visuales facilitando y brindando una experiencia memorable a sus usuarios. Tenemos la soluci\u00f3n adecuada para las necesidades de cualquier pr\u00e1ctica en el cuidado de la visi\u00f3n. Diapositiva anterior Diapositiva siguiente EXPERIENCIAS DE PERSONALIZACI\u00d3N Spark 4 Visioffice 3 Visioffice X Eye Ruler 2<\/p>\n","protected":false},"author":4,"featured_media":0,"parent":0,"menu_order":0,"comment_status":"closed","ping_status":"closed","template":"","meta":{"footnotes":""},"class_list":["post-7000","page","type-page","status-publish","hentry"],"_links":{"self":[{"href":"https:\/\/essilorpro.com.co\/instruments\/wp-json\/wp\/v2\/pages\/7000","targetHints":{"allow":["GET"]}}],"collection":[{"href":"https:\/\/essilorpro.com.co\/instruments\/wp-json\/wp\/v2\/pages"}],"about":[{"href":"https:\/\/essilorpro.com.co\/instruments\/wp-json\/wp\/v2\/types\/page"}],"author":[{"embeddable":true,"href":"https:\/\/essilorpro.com.co\/instruments\/wp-json\/wp\/v2\/users\/4"}],"replies":[{"embeddable":true,"href":"https:\/\/essilorpro.com.co\/instruments\/wp-json\/wp\/v2\/comments?post=7000"}],"version-history":[{"count":50,"href":"https:\/\/essilorpro.com.co\/instruments\/wp-json\/wp\/v2\/pages\/7000\/revisions"}],"predecessor-version":[{"id":8109,"href":"https:\/\/essilorpro.com.co\/instruments\/wp-json\/wp\/v2\/pages\/7000\/revisions\/8109"}],"wp:attachment":[{"href":"https:\/\/essilorpro.com.co\/instruments\/wp-json\/wp\/v2\/media?parent=7000"}],"curies":[{"name":"wp","href":"https:\/\/api.w.org\/{rel}","templated":true}]}}