{"id":6802,"date":"2024-06-21T20:15:18","date_gmt":"2024-06-21T15:15:18","guid":{"rendered":"https:\/\/essilorpro.com.co\/instruments\/?page_id=6802"},"modified":"2024-06-25T22:51:53","modified_gmt":"2024-06-25T17:51:53","slug":"cornea-550","status":"publish","type":"page","link":"https:\/\/essilorpro.com.co\/instruments\/cornea-550\/","title":{"rendered":"CORNEA 550"},"content":{"rendered":"\t\t<div data-elementor-type=\"wp-page\" data-elementor-id=\"6802\" class=\"elementor elementor-6802\" data-elementor-post-type=\"page\">\n\t\t\t\t<div class=\"elementor-element elementor-element-113ab6f1 e-flex e-con-boxed wpr-particle-no wpr-jarallax-no wpr-parallax-no wpr-sticky-section-no wpr-column-slider-no wpr-equal-height-no e-con e-parent\" data-id=\"113ab6f1\" data-element_type=\"container\" data-e-type=\"container\">\n\t\t\t\t\t<div class=\"e-con-inner\">\n\t\t\t\t<div class=\"elementor-element elementor-element-c360938 elementor-widget elementor-widget-text-editor\" data-id=\"c360938\" data-element_type=\"widget\" data-e-type=\"widget\" data-widget_type=\"text-editor.default\">\n\t\t\t\t<div class=\"elementor-widget-container\">\n\t\t\t\t\t\t\t\t\t<p>Instrumentos \/ EQUIPOS ESPECIALIZADOS<\/p>\t\t\t\t\t\t\t\t<\/div>\n\t\t\t\t<\/div>\n\t\t\t\t\t<\/div>\n\t\t\t\t<\/div>\n\t\t\t\t<section class=\"elementor-section elementor-top-section elementor-element elementor-element-83367a7 elementor-section-boxed elementor-section-height-default elementor-section-height-default wpr-particle-no wpr-jarallax-no wpr-parallax-no wpr-sticky-section-no wpr-column-slider-no wpr-equal-height-no\" data-id=\"83367a7\" data-element_type=\"section\" data-e-type=\"section\">\n\t\t\t\t\t\t<div class=\"elementor-container elementor-column-gap-default\">\n\t\t\t\t\t<div class=\"elementor-column elementor-col-50 elementor-top-column elementor-element elementor-element-9f51a6b\" data-id=\"9f51a6b\" data-element_type=\"column\" data-e-type=\"column\">\n\t\t\t<div class=\"elementor-widget-wrap elementor-element-populated\">\n\t\t\t\t\t\t<div class=\"elementor-element elementor-element-63f8475f elementor-widget elementor-widget-image\" data-id=\"63f8475f\" data-element_type=\"widget\" data-e-type=\"widget\" data-widget_type=\"image.default\">\n\t\t\t\t<div class=\"elementor-widget-container\">\n\t\t\t\t\t\t\t\t\t\t\t\t\t\t\t<img fetchpriority=\"high\" decoding=\"async\" width=\"640\" height=\"424\" src=\"https:\/\/essilorpro.com.co\/instruments\/wp-content\/uploads\/2022\/09\/cornea-new-design-new-screen.psd-1_-1xoxar-1208x800-1-640x424.png\" class=\"attachment-medium size-medium wp-image-4714\" alt=\"\" srcset=\"https:\/\/essilorpro.com.co\/instruments\/wp-content\/uploads\/2022\/09\/cornea-new-design-new-screen.psd-1_-1xoxar-1208x800-1-640x424.png 640w, https:\/\/essilorpro.com.co\/instruments\/wp-content\/uploads\/2022\/09\/cornea-new-design-new-screen.psd-1_-1xoxar-1208x800-1-1024x678.png 1024w, https:\/\/essilorpro.com.co\/instruments\/wp-content\/uploads\/2022\/09\/cornea-new-design-new-screen.psd-1_-1xoxar-1208x800-1-320x212.png 320w, https:\/\/essilorpro.com.co\/instruments\/wp-content\/uploads\/2022\/09\/cornea-new-design-new-screen.psd-1_-1xoxar-1208x800-1-768x509.png 768w, https:\/\/essilorpro.com.co\/instruments\/wp-content\/uploads\/2022\/09\/cornea-new-design-new-screen.psd-1_-1xoxar-1208x800-1-220x146.png 220w, https:\/\/essilorpro.com.co\/instruments\/wp-content\/uploads\/2022\/09\/cornea-new-design-new-screen.psd-1_-1xoxar-1208x800-1-50x33.png 50w, https:\/\/essilorpro.com.co\/instruments\/wp-content\/uploads\/2022\/09\/cornea-new-design-new-screen.psd-1_-1xoxar-1208x800-1-113x75.png 113w, https:\/\/essilorpro.com.co\/instruments\/wp-content\/uploads\/2022\/09\/cornea-new-design-new-screen.psd-1_-1xoxar-1208x800-1.png 1208w\" sizes=\"(max-width: 640px) 100vw, 640px\" \/>\t\t\t\t\t\t\t\t\t\t\t\t\t\t\t<\/div>\n\t\t\t\t<\/div>\n\t\t\t\t\t<\/div>\n\t\t<\/div>\n\t\t\t\t<div class=\"elementor-column elementor-col-50 elementor-top-column elementor-element elementor-element-5c5987e\" data-id=\"5c5987e\" data-element_type=\"column\" data-e-type=\"column\">\n\t\t\t<div class=\"elementor-widget-wrap elementor-element-populated\">\n\t\t\t\t\t\t<div class=\"elementor-element elementor-element-121d2ec elementor-position-top elementor-widget elementor-widget-image-box\" data-id=\"121d2ec\" data-element_type=\"widget\" data-e-type=\"widget\" data-widget_type=\"image-box.default\">\n\t\t\t\t<div class=\"elementor-widget-container\">\n\t\t\t\t\t<div class=\"elementor-image-box-wrapper\"><figure class=\"elementor-image-box-img\"><img decoding=\"async\" width=\"506\" height=\"78\" src=\"https:\/\/essilorpro.com.co\/instruments\/wp-content\/uploads\/2022\/09\/Captura-de-pantalla-2019-04-09-a-las-10.34.52-a.-m.-1073x800-1-e1719324532780.png\" class=\"attachment-2048x2048 size-2048x2048 wp-image-4717\" alt=\"\" srcset=\"https:\/\/essilorpro.com.co\/instruments\/wp-content\/uploads\/2022\/09\/Captura-de-pantalla-2019-04-09-a-las-10.34.52-a.-m.-1073x800-1-e1719324532780.png 506w, https:\/\/essilorpro.com.co\/instruments\/wp-content\/uploads\/2022\/09\/Captura-de-pantalla-2019-04-09-a-las-10.34.52-a.-m.-1073x800-1-e1719324532780-320x49.png 320w\" sizes=\"(max-width: 506px) 100vw, 506px\" \/><\/figure><div class=\"elementor-image-box-content\"><p class=\"elementor-image-box-description\">ABERR\u00d3METROS FRENTE DE ONDA<\/p><\/div><\/div>\t\t\t\t<\/div>\n\t\t\t\t<\/div>\n\t\t\t\t<div class=\"elementor-element elementor-element-92bd7d9 elementor-widget elementor-widget-text-editor\" data-id=\"92bd7d9\" data-element_type=\"widget\" data-e-type=\"widget\" data-widget_type=\"text-editor.default\">\n\t\t\t\t<div class=\"elementor-widget-container\">\n\t\t\t\t\t\t\t\t\t<p>El top\u00f3grafo corneal CORNEA550 es un sistema electrom\u00e9dico para la detecci\u00f3n, la captura y el procesamiento digital de im\u00e1genes de la c\u00f3rnea para su diagn\u00f3stico \u00a0a cargo del profesional de la salud visual. Este dispositivo, es una innovaci\u00f3n absoluta en el campo de la topograf\u00eda, permite capturas \u201cen vivo\u201d en la pantalla de la computadora. Gracias al control electr\u00f3nico de las funciones operativas y a la amplia distancia de funcionamiento (comparada con otros dispositivos del mismo tipo), este dispositivo elimina la descentralizaci\u00f3n de la imagen y los errores de enfoque, garantizando la precisi\u00f3n de medici\u00f3n y la repetibilidad. Adem\u00e1s, el brillo reducido de los anillos de Pl\u00e1cido hace que el examen resulte c\u00f3modo para el paciente y garantiza un tama\u00f1o de la pupila grande. El videoqueratoscopio est\u00e1 compuesto por El disco de Pl\u00e1cido con 24 anillos, Una c\u00e1mara de video de alta resoluci\u00f3n en color (1024&#215;960 p\u00edxeles) y un Software de gesti\u00f3n y control, que incluye la medici\u00f3n de la c\u00f3rnea (AnaEyes)<\/p>\t\t\t\t\t\t\t\t<\/div>\n\t\t\t\t<\/div>\n\t\t\t\t\t<\/div>\n\t\t<\/div>\n\t\t\t\t\t<\/div>\n\t\t<\/section>\n\t\t<div class=\"elementor-element elementor-element-3eda75d0 e-flex e-con-boxed wpr-particle-no wpr-jarallax-no wpr-parallax-no wpr-sticky-section-no wpr-column-slider-no wpr-equal-height-no e-con e-parent\" data-id=\"3eda75d0\" data-element_type=\"container\" data-e-type=\"container\">\n\t\t\t\t\t<div class=\"e-con-inner\">\n\t\t\t\t\t<\/div>\n\t\t\t\t<\/div>\n\t\t\t\t<section class=\"elementor-section elementor-top-section elementor-element elementor-element-2b5fc253 elementor-section-boxed elementor-section-height-default elementor-section-height-default wpr-particle-no wpr-jarallax-no wpr-parallax-no wpr-sticky-section-no wpr-column-slider-no wpr-equal-height-no\" data-id=\"2b5fc253\" data-element_type=\"section\" data-e-type=\"section\">\n\t\t\t\t\t\t<div class=\"elementor-container elementor-column-gap-default\">\n\t\t\t\t\t<div class=\"elementor-column elementor-col-100 elementor-top-column elementor-element elementor-element-2d843770\" data-id=\"2d843770\" data-element_type=\"column\" data-e-type=\"column\">\n\t\t\t<div class=\"elementor-widget-wrap elementor-element-populated\">\n\t\t\t\t\t\t<div class=\"elementor-element elementor-element-17f7a4cf elementor-widget elementor-widget-text-editor\" data-id=\"17f7a4cf\" data-element_type=\"widget\" data-e-type=\"widget\" data-widget_type=\"text-editor.default\">\n\t\t\t\t<div class=\"elementor-widget-container\">\n\t\t\t\t\t\t\t\t\t<p>EQUIPOS ESPECIALIZADOS<\/p>\t\t\t\t\t\t\t\t<\/div>\n\t\t\t\t<\/div>\n\t\t\t\t\t<\/div>\n\t\t<\/div>\n\t\t\t\t\t<\/div>\n\t\t<\/section>\n\t\t<div class=\"elementor-element elementor-element-2cb2a75c e-flex e-con-boxed wpr-particle-no wpr-jarallax-no wpr-parallax-no wpr-sticky-section-no wpr-column-slider-no wpr-equal-height-no e-con e-parent\" data-id=\"2cb2a75c\" data-element_type=\"container\" data-e-type=\"container\">\n\t\t\t\t\t<div class=\"e-con-inner\">\n\t\t\t\t<div class=\"elementor-element elementor-element-3e852a73 elementor-widget-divider--view-line elementor-widget elementor-widget-divider\" data-id=\"3e852a73\" data-element_type=\"widget\" data-e-type=\"widget\" data-widget_type=\"divider.default\">\n\t\t\t\t<div class=\"elementor-widget-container\">\n\t\t\t\t\t\t\t<div class=\"elementor-divider\">\n\t\t\t<span class=\"elementor-divider-separator\">\n\t\t\t\t\t\t<\/span>\n\t\t<\/div>\n\t\t\t\t\t\t<\/div>\n\t\t\t\t<\/div>\n\t\t\t\t\t<\/div>\n\t\t\t\t<\/div>\n\t\t<div class=\"elementor-element elementor-element-74c60ed0 e-flex e-con-boxed wpr-particle-no wpr-jarallax-no wpr-parallax-no wpr-sticky-section-no wpr-column-slider-no wpr-equal-height-no e-con e-parent\" data-id=\"74c60ed0\" data-element_type=\"container\" data-e-type=\"container\">\n\t\t\t\t\t<div class=\"e-con-inner\">\n\t\t<div class=\"elementor-element elementor-element-352f4168 e-con-full e-flex wpr-particle-no wpr-jarallax-no wpr-parallax-no wpr-sticky-section-no wpr-column-slider-no wpr-equal-height-no e-con e-child\" data-id=\"352f4168\" data-element_type=\"container\" data-e-type=\"container\">\n\t\t\t\t<div class=\"elementor-element elementor-element-2e2587d5 wpr-flip-box-animation-flip wpr-flip-box-animation-3d-yes wpr-flip-box-anim-direction-right wpr-flip-box-front-align-center wpr-flip-box-back-align-center elementor-widget elementor-widget-wpr-flip-box\" data-id=\"2e2587d5\" data-element_type=\"widget\" data-e-type=\"widget\" data-widget_type=\"wpr-flip-box.default\">\n\t\t\t\t<div class=\"elementor-widget-container\">\n\t\t\t\t\t\t\t\t\n\t\t<div class=\"wpr-flip-box\" data-trigger=\"hover\">\n\t\t\t\n\t\t\t<div class=\"wpr-flip-box-item wpr-flip-box-front wpr-anim-timing-ease-default\">\n\n\t\t\t\t<div class=\"wpr-flip-box-overlay\"><\/div>\n\n\t\t\t\t<div class=\"wpr-flip-box-content\">\n\t\t\t\t\t\n\t\t\t\t\t\t\t\t\t\t\n\t\t\t\t\t\n\t\t\t\t\t\t\t\t\t\t\t<div class=\"wpr-flip-box-description\"><p><img decoding=\"async\" class=\"wp-image-5358 aligncenter\" src=\"https:\/\/essilorpro.com.co\/instruments\/wp-content\/uploads\/2024\/02\/examenes-especiale@2x-640x604.png\" alt=\"\" width=\"210\" height=\"198\" srcset=\"https:\/\/essilorpro.com.co\/instruments\/wp-content\/uploads\/2024\/02\/examenes-especiale@2x-640x604.png 640w, https:\/\/essilorpro.com.co\/instruments\/wp-content\/uploads\/2024\/02\/examenes-especiale@2x-320x302.png 320w, https:\/\/essilorpro.com.co\/instruments\/wp-content\/uploads\/2024\/02\/examenes-especiale@2x.png 714w\" sizes=\"(max-width: 210px) 100vw, 210px\" \/>DIAGN\u00d3STICO ESPECIALIZADO<\/p><\/div>\t\t\t\t\t\t\n\t\t\t\t\t\t\n\n\t\t\t\t\t\t\n\n\t\t\t\t<\/div>\n\t\t\t<\/div>\n\n\t\t\t<div class=\"wpr-flip-box-item wpr-flip-box-back wpr-anim-timing-ease-default\">\n\n\t\t\t\t<div class=\"wpr-flip-box-overlay\"><\/div>\n\t\t\t\t\n\t\t\t\t<div class=\"wpr-flip-box-content\">\n\t\t\t\t\t\n\t\t\t\t\t\t\t\t\t\t<a class=\"wpr-flip-box-link\" ><\/a>\t\n\t\t\t\t\t\n\t\t\t\t\t\t\t\t\t\t\n\t\t\t\t\t\t\t\t\t\t\t<h3 class=\"wpr-flip-box-title\">\n\t\t\t\t\t\t\tDIAGN\u00d3STICO ESPECIALIZADO\t\t\t\t\t\t<\/h3>\n\t\t\t\t\t\n\t\t\t\t\t\t\n\n\t\t\t\t\t\t\n\n\t\t\t\t<\/div>\n\t\t\t<\/div>\n\t\t<\/div>\n\n\t\t\t\t\t\t<\/div>\n\t\t\t\t<\/div>\n\t\t\t\t<\/div>\n\t\t<div class=\"elementor-element elementor-element-672cd2f0 e-con-full e-flex wpr-particle-no wpr-jarallax-no wpr-parallax-no wpr-sticky-section-no wpr-column-slider-no wpr-equal-height-no e-con e-child\" data-id=\"672cd2f0\" data-element_type=\"container\" data-e-type=\"container\">\n\t\t\t\t<div class=\"elementor-element elementor-element-5e1322b6 elementor-nav-menu--dropdown-tablet elementor-nav-menu__text-align-aside elementor-nav-menu--toggle elementor-nav-menu--burger elementor-widget elementor-widget-nav-menu\" data-id=\"5e1322b6\" data-element_type=\"widget\" data-e-type=\"widget\" data-settings=\"{&quot;layout&quot;:&quot;vertical&quot;,&quot;submenu_icon&quot;:{&quot;value&quot;:&quot;&lt;svg aria-hidden=\\&quot;true\\&quot; class=\\&quot;e-font-icon-svg e-fas-caret-down\\&quot; viewBox=\\&quot;0 0 320 512\\&quot; xmlns=\\&quot;http:\\\/\\\/www.w3.org\\\/2000\\\/svg\\&quot;&gt;&lt;path d=\\&quot;M31.3 192h257.3c17.8 0 26.7 21.5 14.1 34.1L174.1 354.8c-7.8 7.8-20.5 7.8-28.3 0L17.2 226.1C4.6 213.5 13.5 192 31.3 192z\\&quot;&gt;&lt;\\\/path&gt;&lt;\\\/svg&gt;&quot;,&quot;library&quot;:&quot;fa-solid&quot;},&quot;toggle&quot;:&quot;burger&quot;}\" data-widget_type=\"nav-menu.default\">\n\t\t\t\t<div class=\"elementor-widget-container\">\n\t\t\t\t\t\t\t\t<nav aria-label=\"Men\u00fa\" class=\"elementor-nav-menu--main elementor-nav-menu__container elementor-nav-menu--layout-vertical e--pointer-underline e--animation-fade\">\n\t\t\t\t<ul id=\"menu-1-5e1322b6\" class=\"elementor-nav-menu sm-vertical\"><li class=\"menu-item menu-item-type-custom menu-item-object-custom menu-item-has-children menu-item-6615\"><a href=\"#\" class=\"elementor-item elementor-item-anchor\">WAVEANALIZER MEDICAL<\/a>\n<ul class=\"sub-menu elementor-nav-menu--dropdown\">\n\t<li class=\"menu-item menu-item-type-post_type menu-item-object-page menu-item-6620\"><a href=\"https:\/\/essilorpro.com.co\/instruments\/wam-800\/\" class=\"elementor-sub-item\">WAM 800<\/a><\/li>\n\t<li class=\"menu-item menu-item-type-post_type menu-item-object-page menu-item-6619\"><a href=\"https:\/\/essilorpro.com.co\/instruments\/wam-700\/\" class=\"elementor-sub-item\">WAM 700<\/a><\/li>\n<\/ul>\n<\/li>\n<li class=\"menu-item menu-item-type-post_type menu-item-object-page menu-item-6808\"><a href=\"https:\/\/essilorpro.com.co\/instruments\/cornea-550\/\" class=\"elementor-item\">CORNEA 550<\/a><\/li>\n<li class=\"menu-item menu-item-type-custom menu-item-object-custom menu-item-has-children menu-item-6623\"><a href=\"#\" class=\"elementor-item elementor-item-anchor\">CAMARAS RETINALES<\/a>\n<ul class=\"sub-menu elementor-nav-menu--dropdown\">\n\t<li class=\"menu-item menu-item-type-post_type menu-item-object-page menu-item-6625\"><a href=\"https:\/\/essilorpro.com.co\/instruments\/retina-800\/\" class=\"elementor-sub-item\">RETINA 800<\/a><\/li>\n\t<li class=\"menu-item menu-item-type-post_type menu-item-object-page menu-item-6624\"><a href=\"https:\/\/essilorpro.com.co\/instruments\/?page_id=5707\" class=\"elementor-sub-item\">RETINA 550<\/a><\/li>\n<\/ul>\n<\/li>\n<li class=\"menu-item menu-item-type-post_type menu-item-object-page menu-item-6627\"><a href=\"https:\/\/essilorpro.com.co\/instruments\/myopia-expert-700\/\" class=\"elementor-item\">MYOPIA XPERTS 700<\/a><\/li>\n<li class=\"menu-item menu-item-type-post_type menu-item-object-page menu-item-6628\"><a href=\"https:\/\/essilorpro.com.co\/instruments\/atnc-550\/\" class=\"elementor-item\">ATNC 550<\/a><\/li>\n<\/ul>\t\t\t<\/nav>\n\t\t\t\t\t<div class=\"elementor-menu-toggle\" role=\"button\" tabindex=\"0\" aria-label=\"Alternar men\u00fa\" aria-expanded=\"false\">\n\t\t\t<svg aria-hidden=\"true\" role=\"presentation\" class=\"elementor-menu-toggle__icon--open e-font-icon-svg e-eicon-menu-bar\" viewBox=\"0 0 1000 1000\" xmlns=\"http:\/\/www.w3.org\/2000\/svg\"><path d=\"M104 333H896C929 333 958 304 958 271S929 208 896 208H104C71 208 42 237 42 271S71 333 104 333ZM104 583H896C929 583 958 554 958 521S929 458 896 458H104C71 458 42 487 42 521S71 583 104 583ZM104 833H896C929 833 958 804 958 771S929 708 896 708H104C71 708 42 737 42 771S71 833 104 833Z\"><\/path><\/svg><svg aria-hidden=\"true\" role=\"presentation\" class=\"elementor-menu-toggle__icon--close e-font-icon-svg e-eicon-close\" viewBox=\"0 0 1000 1000\" xmlns=\"http:\/\/www.w3.org\/2000\/svg\"><path d=\"M742 167L500 408 258 167C246 154 233 150 217 150 196 150 179 158 167 167 154 179 150 196 150 212 150 229 154 242 171 254L408 500 167 742C138 771 138 800 167 829 196 858 225 858 254 829L496 587 738 829C750 842 767 846 783 846 800 846 817 842 829 829 842 817 846 804 846 783 846 767 842 750 829 737L588 500 833 258C863 229 863 200 833 171 804 137 775 137 742 167Z\"><\/path><\/svg>\t\t<\/div>\n\t\t\t\t\t<nav class=\"elementor-nav-menu--dropdown elementor-nav-menu__container\" aria-hidden=\"true\">\n\t\t\t\t<ul id=\"menu-2-5e1322b6\" class=\"elementor-nav-menu sm-vertical\"><li class=\"menu-item menu-item-type-custom menu-item-object-custom menu-item-has-children menu-item-6615\"><a href=\"#\" class=\"elementor-item elementor-item-anchor\" tabindex=\"-1\">WAVEANALIZER MEDICAL<\/a>\n<ul class=\"sub-menu elementor-nav-menu--dropdown\">\n\t<li class=\"menu-item menu-item-type-post_type menu-item-object-page menu-item-6620\"><a href=\"https:\/\/essilorpro.com.co\/instruments\/wam-800\/\" class=\"elementor-sub-item\" tabindex=\"-1\">WAM 800<\/a><\/li>\n\t<li class=\"menu-item menu-item-type-post_type menu-item-object-page menu-item-6619\"><a href=\"https:\/\/essilorpro.com.co\/instruments\/wam-700\/\" class=\"elementor-sub-item\" tabindex=\"-1\">WAM 700<\/a><\/li>\n<\/ul>\n<\/li>\n<li class=\"menu-item menu-item-type-post_type menu-item-object-page menu-item-6808\"><a href=\"https:\/\/essilorpro.com.co\/instruments\/cornea-550\/\" class=\"elementor-item\" tabindex=\"-1\">CORNEA 550<\/a><\/li>\n<li class=\"menu-item menu-item-type-custom menu-item-object-custom menu-item-has-children menu-item-6623\"><a href=\"#\" class=\"elementor-item elementor-item-anchor\" tabindex=\"-1\">CAMARAS RETINALES<\/a>\n<ul class=\"sub-menu elementor-nav-menu--dropdown\">\n\t<li class=\"menu-item menu-item-type-post_type menu-item-object-page menu-item-6625\"><a href=\"https:\/\/essilorpro.com.co\/instruments\/retina-800\/\" class=\"elementor-sub-item\" tabindex=\"-1\">RETINA 800<\/a><\/li>\n\t<li class=\"menu-item menu-item-type-post_type menu-item-object-page menu-item-6624\"><a href=\"https:\/\/essilorpro.com.co\/instruments\/?page_id=5707\" class=\"elementor-sub-item\" tabindex=\"-1\">RETINA 550<\/a><\/li>\n<\/ul>\n<\/li>\n<li class=\"menu-item menu-item-type-post_type menu-item-object-page menu-item-6627\"><a href=\"https:\/\/essilorpro.com.co\/instruments\/myopia-expert-700\/\" class=\"elementor-item\" tabindex=\"-1\">MYOPIA XPERTS 700<\/a><\/li>\n<li class=\"menu-item menu-item-type-post_type menu-item-object-page menu-item-6628\"><a href=\"https:\/\/essilorpro.com.co\/instruments\/atnc-550\/\" class=\"elementor-item\" tabindex=\"-1\">ATNC 550<\/a><\/li>\n<\/ul>\t\t\t<\/nav>\n\t\t\t\t\t\t<\/div>\n\t\t\t\t<\/div>\n\t\t\t\t<\/div>\n\t\t\t\t\t<\/div>\n\t\t\t\t<\/div>\n\t\t\t\t<\/div>\n\t\t","protected":false},"excerpt":{"rendered":"<p>Instrumentos \/ EQUIPOS ESPECIALIZADOS ABERR\u00d3METROS FRENTE DE ONDA El top\u00f3grafo corneal CORNEA550 es un sistema electrom\u00e9dico para la detecci\u00f3n, la captura y el procesamiento digital de im\u00e1genes de la c\u00f3rnea para su diagn\u00f3stico \u00a0a cargo del profesional de la salud visual. Este dispositivo, es una innovaci\u00f3n absoluta en el campo de la topograf\u00eda, permite capturas \u201cen vivo\u201d en la pantalla de la computadora. Gracias al control electr\u00f3nico de las funciones operativas y a la amplia distancia de funcionamiento (comparada con otros dispositivos del mismo tipo), este dispositivo elimina la descentralizaci\u00f3n de la imagen y los errores de enfoque, garantizando la precisi\u00f3n de medici\u00f3n y la repetibilidad. Adem\u00e1s, el brillo reducido de los anillos de Pl\u00e1cido hace que el examen resulte c\u00f3modo para el paciente y garantiza un tama\u00f1o de la pupila grande. El videoqueratoscopio est\u00e1 compuesto por El disco de Pl\u00e1cido con 24 anillos, Una c\u00e1mara de video de alta resoluci\u00f3n en color (1024&#215;960 p\u00edxeles) y un Software de gesti\u00f3n y control, que incluye la medici\u00f3n de la c\u00f3rnea (AnaEyes) EQUIPOS ESPECIALIZADOS DIAGN\u00d3STICO ESPECIALIZADO DIAGN\u00d3STICO ESPECIALIZADO<\/p>\n","protected":false},"author":4,"featured_media":0,"parent":0,"menu_order":0,"comment_status":"closed","ping_status":"closed","template":"","meta":{"footnotes":""},"class_list":["post-6802","page","type-page","status-publish","hentry"],"_links":{"self":[{"href":"https:\/\/essilorpro.com.co\/instruments\/wp-json\/wp\/v2\/pages\/6802","targetHints":{"allow":["GET"]}}],"collection":[{"href":"https:\/\/essilorpro.com.co\/instruments\/wp-json\/wp\/v2\/pages"}],"about":[{"href":"https:\/\/essilorpro.com.co\/instruments\/wp-json\/wp\/v2\/types\/page"}],"author":[{"embeddable":true,"href":"https:\/\/essilorpro.com.co\/instruments\/wp-json\/wp\/v2\/users\/4"}],"replies":[{"embeddable":true,"href":"https:\/\/essilorpro.com.co\/instruments\/wp-json\/wp\/v2\/comments?post=6802"}],"version-history":[{"count":13,"href":"https:\/\/essilorpro.com.co\/instruments\/wp-json\/wp\/v2\/pages\/6802\/revisions"}],"predecessor-version":[{"id":7020,"href":"https:\/\/essilorpro.com.co\/instruments\/wp-json\/wp\/v2\/pages\/6802\/revisions\/7020"}],"wp:attachment":[{"href":"https:\/\/essilorpro.com.co\/instruments\/wp-json\/wp\/v2\/media?parent=6802"}],"curies":[{"name":"wp","href":"https:\/\/api.w.org\/{rel}","templated":true}]}}