{"id":6765,"date":"2024-06-21T05:54:56","date_gmt":"2024-06-21T00:54:56","guid":{"rendered":"https:\/\/essilorpro.com.co\/instruments\/?page_id=6765"},"modified":"2024-11-05T22:27:05","modified_gmt":"2024-11-05T17:27:05","slug":"cs-pola-600","status":"publish","type":"page","link":"https:\/\/essilorpro.com.co\/instruments\/cs-pola-600\/","title":{"rendered":"CS POLA 600"},"content":{"rendered":"\t\t<div data-elementor-type=\"wp-page\" data-elementor-id=\"6765\" class=\"elementor elementor-6765\" data-elementor-post-type=\"page\">\n\t\t\t\t<div class=\"elementor-element elementor-element-c9d02ff e-flex e-con-boxed wpr-particle-no wpr-jarallax-no wpr-parallax-no wpr-sticky-section-no wpr-equal-height-no e-con e-parent\" data-id=\"c9d02ff\" data-element_type=\"container\" data-e-type=\"container\">\n\t\t\t\t\t<div class=\"e-con-inner\">\n\t\t\t\t<div class=\"elementor-element elementor-element-410acb9b elementor-widget elementor-widget-text-editor\" data-id=\"410acb9b\" data-element_type=\"widget\" data-e-type=\"widget\" data-widget_type=\"text-editor.default\">\n\t\t\t\t<div class=\"elementor-widget-container\">\n\t\t\t\t\t\t\t\t\t<p>Instrumentos \/ CONSULTORIOS<\/p>\t\t\t\t\t\t\t\t<\/div>\n\t\t\t\t<\/div>\n\t\t\t\t\t<\/div>\n\t\t\t\t<\/div>\n\t\t\t\t<section class=\"elementor-section elementor-top-section elementor-element elementor-element-7fd6ceb1 elementor-section-boxed elementor-section-height-default elementor-section-height-default wpr-particle-no wpr-jarallax-no wpr-parallax-no wpr-sticky-section-no wpr-equal-height-no\" data-id=\"7fd6ceb1\" data-element_type=\"section\" data-e-type=\"section\">\n\t\t\t\t\t\t<div class=\"elementor-container elementor-column-gap-default\">\n\t\t\t\t\t<div class=\"elementor-column elementor-col-50 elementor-top-column elementor-element elementor-element-700daa79\" data-id=\"700daa79\" data-element_type=\"column\" data-e-type=\"column\">\n\t\t\t<div class=\"elementor-widget-wrap elementor-element-populated\">\n\t\t\t\t\t\t<div class=\"elementor-element elementor-element-4f8f8125 elementor-widget elementor-widget-image\" data-id=\"4f8f8125\" data-element_type=\"widget\" data-e-type=\"widget\" data-widget_type=\"image.default\">\n\t\t\t\t<div class=\"elementor-widget-container\">\n\t\t\t\t\t\t\t\t\t\t\t\t\t\t\t<img fetchpriority=\"high\" decoding=\"async\" width=\"561\" height=\"431\" src=\"https:\/\/essilorpro.com.co\/instruments\/wp-content\/uploads\/2024\/06\/Captura-de-Pantalla-2024-06-20-a-las-7.52.10-p.m.-Photoroom.png\" class=\"attachment-medium size-medium wp-image-6768\" alt=\"\" srcset=\"https:\/\/essilorpro.com.co\/instruments\/wp-content\/uploads\/2024\/06\/Captura-de-Pantalla-2024-06-20-a-las-7.52.10-p.m.-Photoroom.png 561w, https:\/\/essilorpro.com.co\/instruments\/wp-content\/uploads\/2024\/06\/Captura-de-Pantalla-2024-06-20-a-las-7.52.10-p.m.-Photoroom-320x246.png 320w\" sizes=\"(max-width: 561px) 100vw, 561px\" \/>\t\t\t\t\t\t\t\t\t\t\t\t\t\t\t<\/div>\n\t\t\t\t<\/div>\n\t\t\t\t\t<\/div>\n\t\t<\/div>\n\t\t\t\t<div class=\"elementor-column elementor-col-50 elementor-top-column elementor-element elementor-element-6a48208c\" data-id=\"6a48208c\" data-element_type=\"column\" data-e-type=\"column\">\n\t\t\t<div class=\"elementor-widget-wrap elementor-element-populated\">\n\t\t\t\t\t\t<div class=\"elementor-element elementor-element-f82625 elementor-position-top elementor-widget elementor-widget-image-box\" data-id=\"f82625\" data-element_type=\"widget\" data-e-type=\"widget\" data-widget_type=\"image-box.default\">\n\t\t\t\t<div class=\"elementor-widget-container\">\n\t\t\t\t\t<div class=\"elementor-image-box-wrapper\"><figure class=\"elementor-image-box-img\"><img decoding=\"async\" width=\"523\" height=\"73\" src=\"https:\/\/essilorpro.com.co\/instruments\/wp-content\/uploads\/2024\/06\/Captura-de-Pantalla-2024-06-20-a-las-7.51.49-p.m.-Photoroom.png\" class=\"attachment-2048x2048 size-2048x2048 wp-image-6767\" alt=\"\" srcset=\"https:\/\/essilorpro.com.co\/instruments\/wp-content\/uploads\/2024\/06\/Captura-de-Pantalla-2024-06-20-a-las-7.51.49-p.m.-Photoroom.png 523w, https:\/\/essilorpro.com.co\/instruments\/wp-content\/uploads\/2024\/06\/Captura-de-Pantalla-2024-06-20-a-las-7.51.49-p.m.-Photoroom-320x45.png 320w\" sizes=\"(max-width: 523px) 100vw, 523px\" \/><\/figure><\/div>\t\t\t\t<\/div>\n\t\t\t\t<\/div>\n\t\t\t\t<div class=\"elementor-element elementor-element-15f8b8fd elementor-widget elementor-widget-text-editor\" data-id=\"15f8b8fd\" data-element_type=\"widget\" data-e-type=\"widget\" data-widget_type=\"text-editor.default\">\n\t\t\t\t<div class=\"elementor-widget-container\">\n\t\t\t\t\t\t\t\t\t<div title=\"Page 34\"><div><div title=\"Page 35\"><p>Amplia gama de optotipos de agudeza visual ETDRS con m\u00faltiple.<\/p><ul><li><p>Pantalla de cristal l\u00edquido polarizada de 24 pulgadas.<\/p><\/li><li><p>Distancia de proyecci\u00f3n de 2 a 8.<\/p><\/li><li><p>Diapositivas personalizadas.<\/p><\/li><li><p>Conexi\u00f3n inal\u00e1mbrica.<\/p><\/li><\/ul><\/div><\/div><div>\u00a0<\/div><\/div>\t\t\t\t\t\t\t\t<\/div>\n\t\t\t\t<\/div>\n\t\t\t\t\t<\/div>\n\t\t<\/div>\n\t\t\t\t\t<\/div>\n\t\t<\/section>\n\t\t<div class=\"elementor-element elementor-element-20f2390e e-flex e-con-boxed wpr-particle-no wpr-jarallax-no wpr-parallax-no wpr-sticky-section-no wpr-equal-height-no e-con e-parent\" data-id=\"20f2390e\" data-element_type=\"container\" data-e-type=\"container\">\n\t\t\t\t\t<div class=\"e-con-inner\">\n\t\t\t\t\t<\/div>\n\t\t\t\t<\/div>\n\t\t\t\t<section class=\"elementor-section elementor-top-section elementor-element elementor-element-213b2b37 elementor-section-boxed elementor-section-height-default elementor-section-height-default wpr-particle-no wpr-jarallax-no wpr-parallax-no wpr-sticky-section-no wpr-equal-height-no\" data-id=\"213b2b37\" data-element_type=\"section\" data-e-type=\"section\">\n\t\t\t\t\t\t<div class=\"elementor-container elementor-column-gap-default\">\n\t\t\t\t\t<div class=\"elementor-column elementor-col-100 elementor-top-column elementor-element elementor-element-790c0e3e\" data-id=\"790c0e3e\" data-element_type=\"column\" data-e-type=\"column\">\n\t\t\t<div class=\"elementor-widget-wrap elementor-element-populated\">\n\t\t\t\t\t\t<div class=\"elementor-element elementor-element-3153860c elementor-widget elementor-widget-text-editor\" data-id=\"3153860c\" data-element_type=\"widget\" data-e-type=\"widget\" data-widget_type=\"text-editor.default\">\n\t\t\t\t<div class=\"elementor-widget-container\">\n\t\t\t\t\t\t\t\t\t<p>CONSULTORIOS<\/p>\t\t\t\t\t\t\t\t<\/div>\n\t\t\t\t<\/div>\n\t\t\t\t\t<\/div>\n\t\t<\/div>\n\t\t\t\t\t<\/div>\n\t\t<\/section>\n\t\t<div class=\"elementor-element elementor-element-3dd74253 e-flex e-con-boxed wpr-particle-no wpr-jarallax-no wpr-parallax-no wpr-sticky-section-no wpr-equal-height-no e-con e-parent\" data-id=\"3dd74253\" data-element_type=\"container\" data-e-type=\"container\">\n\t\t\t\t\t<div class=\"e-con-inner\">\n\t\t\t\t<div class=\"elementor-element elementor-element-1120556a elementor-widget-divider--view-line elementor-widget elementor-widget-divider\" data-id=\"1120556a\" data-element_type=\"widget\" data-e-type=\"widget\" data-widget_type=\"divider.default\">\n\t\t\t\t<div class=\"elementor-widget-container\">\n\t\t\t\t\t\t\t<div class=\"elementor-divider\">\n\t\t\t<span class=\"elementor-divider-separator\">\n\t\t\t\t\t\t<\/span>\n\t\t<\/div>\n\t\t\t\t\t\t<\/div>\n\t\t\t\t<\/div>\n\t\t\t\t\t<\/div>\n\t\t\t\t<\/div>\n\t\t<div class=\"elementor-element elementor-element-45726028 e-flex e-con-boxed wpr-particle-no wpr-jarallax-no wpr-parallax-no wpr-sticky-section-no wpr-equal-height-no e-con e-parent\" data-id=\"45726028\" data-element_type=\"container\" data-e-type=\"container\">\n\t\t\t\t\t<div class=\"e-con-inner\">\n\t\t<div class=\"elementor-element elementor-element-72634f14 e-con-full e-flex wpr-particle-no wpr-jarallax-no wpr-parallax-no wpr-sticky-section-no wpr-equal-height-no e-con e-child\" data-id=\"72634f14\" data-element_type=\"container\" data-e-type=\"container\">\n\t\t\t\t<div class=\"elementor-element elementor-element-528cb167 wpr-flip-box-animation-flip wpr-flip-box-animation-3d-yes wpr-flip-box-anim-direction-right wpr-flip-box-front-align-center wpr-flip-box-back-align-center elementor-widget elementor-widget-wpr-flip-box\" data-id=\"528cb167\" data-element_type=\"widget\" data-e-type=\"widget\" data-widget_type=\"wpr-flip-box.default\">\n\t\t\t\t<div class=\"elementor-widget-container\">\n\t\t\t\t\t\t\t\t\n\t\t<div class=\"wpr-flip-box\" data-trigger=\"hover\">\n\t\t\t\n\t\t\t<div class=\"wpr-flip-box-item wpr-flip-box-front wpr-anim-timing-ease-default\">\n\n\t\t\t\t<div class=\"wpr-flip-box-overlay\"><\/div>\n\n\t\t\t\t<div class=\"wpr-flip-box-content\">\n\t\t\t\t\t\n\t\t\t\t\t\t\t\t\t\t\n\t\t\t\t\t\n\t\t\t\t\t\t\t\t\t\t\t<div class=\"wpr-flip-box-description\"><p><img decoding=\"async\" class=\"wp-image-5364 aligncenter\" src=\"https:\/\/essilorpro.com.co\/instruments\/wp-content\/uploads\/2024\/02\/xr-1@2x-304x640.png\" alt=\"\" width=\"145\" height=\"305\" srcset=\"https:\/\/essilorpro.com.co\/instruments\/wp-content\/uploads\/2024\/02\/xr-1@2x-304x640.png 304w, https:\/\/essilorpro.com.co\/instruments\/wp-content\/uploads\/2024\/02\/xr-1@2x-152x320.png 152w, https:\/\/essilorpro.com.co\/instruments\/wp-content\/uploads\/2024\/02\/xr-1@2x.png 456w\" sizes=\"(max-width: 145px) 100vw, 145px\" \/>CONSULTORIOS<\/p><\/div>\t\t\t\t\t\t\n\t\t\t\t\t\t\n\n\t\t\t\t\t\t\n\n\t\t\t\t<\/div>\n\t\t\t<\/div>\n\n\t\t\t<div class=\"wpr-flip-box-item wpr-flip-box-back wpr-anim-timing-ease-default\">\n\n\t\t\t\t<div class=\"wpr-flip-box-overlay\"><\/div>\n\t\t\t\t\n\t\t\t\t<div class=\"wpr-flip-box-content\">\n\t\t\t\t\t\n\t\t\t\t\t\t\t\t\t\t<a class=\"wpr-flip-box-link\" ><\/a>\t\n\t\t\t\t\t\n\t\t\t\t\t\t\t\t\t\t\n\t\t\t\t\t\t\t\t\t\t\t<h3 class=\"wpr-flip-box-title\">\n\t\t\t\t\t\t\tCONSULTORIOS\t\t\t\t\t\t<\/h3>\n\t\t\t\t\t\n\t\t\t\t\t\t\n\n\t\t\t\t\t\t\n\n\t\t\t\t<\/div>\n\t\t\t<\/div>\n\t\t<\/div>\n\n\t\t\t\t\t\t<\/div>\n\t\t\t\t<\/div>\n\t\t\t\t<\/div>\n\t\t<div class=\"elementor-element elementor-element-499da4a8 e-con-full e-flex wpr-particle-no wpr-jarallax-no wpr-parallax-no wpr-sticky-section-no wpr-equal-height-no e-con e-child\" data-id=\"499da4a8\" data-element_type=\"container\" data-e-type=\"container\">\n\t\t\t\t<div class=\"elementor-element elementor-element-28239ca1 elementor-nav-menu--dropdown-tablet elementor-nav-menu__text-align-aside elementor-nav-menu--toggle elementor-nav-menu--burger elementor-widget elementor-widget-nav-menu\" data-id=\"28239ca1\" data-element_type=\"widget\" data-e-type=\"widget\" data-settings=\"{&quot;layout&quot;:&quot;vertical&quot;,&quot;submenu_icon&quot;:{&quot;value&quot;:&quot;&lt;svg aria-hidden=\\&quot;true\\&quot; class=\\&quot;e-font-icon-svg e-fas-caret-down\\&quot; viewBox=\\&quot;0 0 320 512\\&quot; xmlns=\\&quot;http:\\\/\\\/www.w3.org\\\/2000\\\/svg\\&quot;&gt;&lt;path d=\\&quot;M31.3 192h257.3c17.8 0 26.7 21.5 14.1 34.1L174.1 354.8c-7.8 7.8-20.5 7.8-28.3 0L17.2 226.1C4.6 213.5 13.5 192 31.3 192z\\&quot;&gt;&lt;\\\/path&gt;&lt;\\\/svg&gt;&quot;,&quot;library&quot;:&quot;fa-solid&quot;},&quot;toggle&quot;:&quot;burger&quot;}\" data-widget_type=\"nav-menu.default\">\n\t\t\t\t<div class=\"elementor-widget-container\">\n\t\t\t\t\t\t\t\t<nav aria-label=\"Men\u00fa\" class=\"elementor-nav-menu--main elementor-nav-menu__container elementor-nav-menu--layout-vertical e--pointer-underline e--animation-fade\">\n\t\t\t\t<ul id=\"menu-1-28239ca1\" class=\"elementor-nav-menu sm-vertical\"><li class=\"menu-item menu-item-type-custom menu-item-object-custom menu-item-has-children menu-item-6577\"><a href=\"#\" class=\"elementor-item elementor-item-anchor\">FOR\u00d3PTER Y PANTALLAS<\/a>\n<ul class=\"sub-menu elementor-nav-menu--dropdown\">\n\t<li class=\"menu-item menu-item-type-post_type menu-item-object-page menu-item-6579\"><a href=\"https:\/\/essilorpro.com.co\/instruments\/vision-air-r800\/\" class=\"elementor-sub-item\">VISION-R 800<\/a><\/li>\n\t<li class=\"menu-item menu-item-type-post_type menu-item-object-page menu-item-6580\"><a href=\"https:\/\/essilorpro.com.co\/instruments\/vision-r-700\/\" class=\"elementor-sub-item\">VISION-R 700<\/a><\/li>\n\t<li class=\"menu-item menu-item-type-post_type menu-item-object-page menu-item-6581\"><a href=\"https:\/\/essilorpro.com.co\/instruments\/vision-s-700\/\" class=\"elementor-sub-item\">VISION-S 700<\/a><\/li>\n\t<li class=\"menu-item menu-item-type-post_type menu-item-object-page menu-item-8120\"><a href=\"https:\/\/essilorpro.com.co\/instruments\/vision-c-600\/\" class=\"elementor-sub-item\">VISION-C 600<\/a><\/li>\n\t<li class=\"menu-item menu-item-type-post_type menu-item-object-page menu-item-8121\"><a href=\"https:\/\/essilorpro.com.co\/instruments\/cs-pola-600\/\" class=\"elementor-sub-item\">CS POLA 600<\/a><\/li>\n\t<li class=\"menu-item menu-item-type-post_type menu-item-object-page menu-item-6583\"><a href=\"https:\/\/essilorpro.com.co\/instruments\/aph-550\/\" class=\"elementor-sub-item\">APH 550<\/a><\/li>\n\t<li class=\"menu-item menu-item-type-post_type menu-item-object-page menu-item-6585\"><a href=\"https:\/\/essilorpro.com.co\/instruments\/cs550\/\" class=\"elementor-sub-item\">CS550<\/a><\/li>\n\t<li class=\"menu-item menu-item-type-post_type menu-item-object-page menu-item-6586\"><a href=\"https:\/\/essilorpro.com.co\/instruments\/mph-150\/\" class=\"elementor-sub-item\">MPH 150<\/a><\/li>\n<\/ul>\n<\/li>\n<li class=\"menu-item menu-item-type-custom menu-item-object-custom menu-item-has-children menu-item-6594\"><a href=\"#\" class=\"elementor-item elementor-item-anchor\">L\u00c1MPARAS DE HENDIDURAS<\/a>\n<ul class=\"sub-menu elementor-nav-menu--dropdown\">\n\t<li class=\"menu-item menu-item-type-custom menu-item-object-custom menu-item-8218\"><a href=\"https:\/\/essilorpro.com.co\/instruments\/sl650plus\/\" class=\"elementor-sub-item\">SL650+<\/a><\/li>\n\t<li class=\"menu-item menu-item-type-post_type menu-item-object-page menu-item-6598\"><a href=\"https:\/\/essilorpro.com.co\/instruments\/sl-500\/\" class=\"elementor-sub-item\">SL500<\/a><\/li>\n\t<li class=\"menu-item menu-item-type-post_type menu-item-object-page menu-item-6599\"><a href=\"https:\/\/essilorpro.com.co\/instruments\/sl-450\/\" class=\"elementor-sub-item\">SL450<\/a><\/li>\n\t<li class=\"menu-item menu-item-type-post_type menu-item-object-page menu-item-6600\"><a href=\"https:\/\/essilorpro.com.co\/instruments\/sl400\/\" class=\"elementor-sub-item\">SL400<\/a><\/li>\n\t<li class=\"menu-item menu-item-type-post_type menu-item-object-page menu-item-6601\"><a href=\"https:\/\/essilorpro.com.co\/instruments\/sl350\/\" class=\"elementor-sub-item\">Sl350<\/a><\/li>\n\t<li class=\"menu-item menu-item-type-post_type menu-item-object-page menu-item-6602\"><a href=\"https:\/\/essilorpro.com.co\/instruments\/sl300-sl350\/\" class=\"elementor-sub-item\">Sl300-SL350<\/a><\/li>\n<\/ul>\n<\/li>\n<li class=\"menu-item menu-item-type-custom menu-item-object-custom menu-item-has-children menu-item-6603\"><a href=\"#\" class=\"elementor-item elementor-item-anchor\">LENS\u00d3METRO<\/a>\n<ul class=\"sub-menu elementor-nav-menu--dropdown\">\n\t<li class=\"menu-item menu-item-type-post_type menu-item-object-page menu-item-6611\"><a href=\"https:\/\/essilorpro.com.co\/instruments\/alm-800\/\" class=\"elementor-sub-item\">ALM 800<\/a><\/li>\n\t<li class=\"menu-item menu-item-type-post_type menu-item-object-page menu-item-6606\"><a href=\"https:\/\/essilorpro.com.co\/instruments\/alm-700\/\" class=\"elementor-sub-item\">ALM 700<\/a><\/li>\n\t<li class=\"menu-item menu-item-type-post_type menu-item-object-page menu-item-6605\"><a href=\"https:\/\/essilorpro.com.co\/instruments\/alm-500\/\" class=\"elementor-sub-item\">ALM 500<\/a><\/li>\n<\/ul>\n<\/li>\n<li class=\"menu-item menu-item-type-custom menu-item-object-custom menu-item-has-children menu-item-6607\"><a href=\"#\" class=\"elementor-item elementor-item-anchor\">AUTOQUERATORE FRACTOMETROS<\/a>\n<ul class=\"sub-menu elementor-nav-menu--dropdown\">\n\t<li class=\"menu-item menu-item-type-post_type menu-item-object-page menu-item-6610\"><a href=\"https:\/\/essilorpro.com.co\/instruments\/alm-800\/\" class=\"elementor-sub-item\">ALM 800<\/a><\/li>\n\t<li class=\"menu-item menu-item-type-post_type menu-item-object-page menu-item-6609\"><a href=\"https:\/\/essilorpro.com.co\/instruments\/akr-550\/\" class=\"elementor-sub-item\">AKR 550<\/a><\/li>\n\t<li class=\"menu-item menu-item-type-post_type menu-item-object-page menu-item-6608\"><a href=\"https:\/\/essilorpro.com.co\/instruments\/akr-300\/\" class=\"elementor-sub-item\">AKR 300<\/a><\/li>\n<\/ul>\n<\/li>\n<\/ul>\t\t\t<\/nav>\n\t\t\t\t\t<div class=\"elementor-menu-toggle\" role=\"button\" tabindex=\"0\" aria-label=\"Alternar men\u00fa\" aria-expanded=\"false\">\n\t\t\t<svg aria-hidden=\"true\" role=\"presentation\" class=\"elementor-menu-toggle__icon--open e-font-icon-svg e-eicon-menu-bar\" viewBox=\"0 0 1000 1000\" xmlns=\"http:\/\/www.w3.org\/2000\/svg\"><path d=\"M104 333H896C929 333 958 304 958 271S929 208 896 208H104C71 208 42 237 42 271S71 333 104 333ZM104 583H896C929 583 958 554 958 521S929 458 896 458H104C71 458 42 487 42 521S71 583 104 583ZM104 833H896C929 833 958 804 958 771S929 708 896 708H104C71 708 42 737 42 771S71 833 104 833Z\"><\/path><\/svg><svg aria-hidden=\"true\" role=\"presentation\" class=\"elementor-menu-toggle__icon--close e-font-icon-svg e-eicon-close\" viewBox=\"0 0 1000 1000\" xmlns=\"http:\/\/www.w3.org\/2000\/svg\"><path d=\"M742 167L500 408 258 167C246 154 233 150 217 150 196 150 179 158 167 167 154 179 150 196 150 212 150 229 154 242 171 254L408 500 167 742C138 771 138 800 167 829 196 858 225 858 254 829L496 587 738 829C750 842 767 846 783 846 800 846 817 842 829 829 842 817 846 804 846 783 846 767 842 750 829 737L588 500 833 258C863 229 863 200 833 171 804 137 775 137 742 167Z\"><\/path><\/svg>\t\t<\/div>\n\t\t\t\t\t<nav class=\"elementor-nav-menu--dropdown elementor-nav-menu__container\" aria-hidden=\"true\">\n\t\t\t\t<ul id=\"menu-2-28239ca1\" class=\"elementor-nav-menu sm-vertical\"><li class=\"menu-item menu-item-type-custom menu-item-object-custom menu-item-has-children menu-item-6577\"><a href=\"#\" class=\"elementor-item elementor-item-anchor\" tabindex=\"-1\">FOR\u00d3PTER Y PANTALLAS<\/a>\n<ul class=\"sub-menu elementor-nav-menu--dropdown\">\n\t<li class=\"menu-item menu-item-type-post_type menu-item-object-page menu-item-6579\"><a href=\"https:\/\/essilorpro.com.co\/instruments\/vision-air-r800\/\" class=\"elementor-sub-item\" tabindex=\"-1\">VISION-R 800<\/a><\/li>\n\t<li class=\"menu-item menu-item-type-post_type menu-item-object-page menu-item-6580\"><a href=\"https:\/\/essilorpro.com.co\/instruments\/vision-r-700\/\" class=\"elementor-sub-item\" tabindex=\"-1\">VISION-R 700<\/a><\/li>\n\t<li class=\"menu-item menu-item-type-post_type menu-item-object-page menu-item-6581\"><a href=\"https:\/\/essilorpro.com.co\/instruments\/vision-s-700\/\" class=\"elementor-sub-item\" tabindex=\"-1\">VISION-S 700<\/a><\/li>\n\t<li class=\"menu-item menu-item-type-post_type menu-item-object-page menu-item-8120\"><a href=\"https:\/\/essilorpro.com.co\/instruments\/vision-c-600\/\" class=\"elementor-sub-item\" tabindex=\"-1\">VISION-C 600<\/a><\/li>\n\t<li class=\"menu-item menu-item-type-post_type menu-item-object-page menu-item-8121\"><a href=\"https:\/\/essilorpro.com.co\/instruments\/cs-pola-600\/\" class=\"elementor-sub-item\" tabindex=\"-1\">CS POLA 600<\/a><\/li>\n\t<li class=\"menu-item menu-item-type-post_type menu-item-object-page menu-item-6583\"><a href=\"https:\/\/essilorpro.com.co\/instruments\/aph-550\/\" class=\"elementor-sub-item\" tabindex=\"-1\">APH 550<\/a><\/li>\n\t<li class=\"menu-item menu-item-type-post_type menu-item-object-page menu-item-6585\"><a href=\"https:\/\/essilorpro.com.co\/instruments\/cs550\/\" class=\"elementor-sub-item\" tabindex=\"-1\">CS550<\/a><\/li>\n\t<li class=\"menu-item menu-item-type-post_type menu-item-object-page menu-item-6586\"><a href=\"https:\/\/essilorpro.com.co\/instruments\/mph-150\/\" class=\"elementor-sub-item\" tabindex=\"-1\">MPH 150<\/a><\/li>\n<\/ul>\n<\/li>\n<li class=\"menu-item menu-item-type-custom menu-item-object-custom menu-item-has-children menu-item-6594\"><a href=\"#\" class=\"elementor-item elementor-item-anchor\" tabindex=\"-1\">L\u00c1MPARAS DE HENDIDURAS<\/a>\n<ul class=\"sub-menu elementor-nav-menu--dropdown\">\n\t<li class=\"menu-item menu-item-type-custom menu-item-object-custom menu-item-8218\"><a href=\"https:\/\/essilorpro.com.co\/instruments\/sl650plus\/\" class=\"elementor-sub-item\" tabindex=\"-1\">SL650+<\/a><\/li>\n\t<li class=\"menu-item menu-item-type-post_type menu-item-object-page menu-item-6598\"><a href=\"https:\/\/essilorpro.com.co\/instruments\/sl-500\/\" class=\"elementor-sub-item\" tabindex=\"-1\">SL500<\/a><\/li>\n\t<li class=\"menu-item menu-item-type-post_type menu-item-object-page menu-item-6599\"><a href=\"https:\/\/essilorpro.com.co\/instruments\/sl-450\/\" class=\"elementor-sub-item\" tabindex=\"-1\">SL450<\/a><\/li>\n\t<li class=\"menu-item menu-item-type-post_type menu-item-object-page menu-item-6600\"><a href=\"https:\/\/essilorpro.com.co\/instruments\/sl400\/\" class=\"elementor-sub-item\" tabindex=\"-1\">SL400<\/a><\/li>\n\t<li class=\"menu-item menu-item-type-post_type menu-item-object-page menu-item-6601\"><a href=\"https:\/\/essilorpro.com.co\/instruments\/sl350\/\" class=\"elementor-sub-item\" tabindex=\"-1\">Sl350<\/a><\/li>\n\t<li class=\"menu-item menu-item-type-post_type menu-item-object-page menu-item-6602\"><a href=\"https:\/\/essilorpro.com.co\/instruments\/sl300-sl350\/\" class=\"elementor-sub-item\" tabindex=\"-1\">Sl300-SL350<\/a><\/li>\n<\/ul>\n<\/li>\n<li class=\"menu-item menu-item-type-custom menu-item-object-custom menu-item-has-children menu-item-6603\"><a href=\"#\" class=\"elementor-item elementor-item-anchor\" tabindex=\"-1\">LENS\u00d3METRO<\/a>\n<ul class=\"sub-menu elementor-nav-menu--dropdown\">\n\t<li class=\"menu-item menu-item-type-post_type menu-item-object-page menu-item-6611\"><a href=\"https:\/\/essilorpro.com.co\/instruments\/alm-800\/\" class=\"elementor-sub-item\" tabindex=\"-1\">ALM 800<\/a><\/li>\n\t<li class=\"menu-item menu-item-type-post_type menu-item-object-page menu-item-6606\"><a href=\"https:\/\/essilorpro.com.co\/instruments\/alm-700\/\" class=\"elementor-sub-item\" tabindex=\"-1\">ALM 700<\/a><\/li>\n\t<li class=\"menu-item menu-item-type-post_type menu-item-object-page menu-item-6605\"><a href=\"https:\/\/essilorpro.com.co\/instruments\/alm-500\/\" class=\"elementor-sub-item\" tabindex=\"-1\">ALM 500<\/a><\/li>\n<\/ul>\n<\/li>\n<li class=\"menu-item menu-item-type-custom menu-item-object-custom menu-item-has-children menu-item-6607\"><a href=\"#\" class=\"elementor-item elementor-item-anchor\" tabindex=\"-1\">AUTOQUERATORE FRACTOMETROS<\/a>\n<ul class=\"sub-menu elementor-nav-menu--dropdown\">\n\t<li class=\"menu-item menu-item-type-post_type menu-item-object-page menu-item-6610\"><a href=\"https:\/\/essilorpro.com.co\/instruments\/alm-800\/\" class=\"elementor-sub-item\" tabindex=\"-1\">ALM 800<\/a><\/li>\n\t<li class=\"menu-item menu-item-type-post_type menu-item-object-page menu-item-6609\"><a href=\"https:\/\/essilorpro.com.co\/instruments\/akr-550\/\" class=\"elementor-sub-item\" tabindex=\"-1\">AKR 550<\/a><\/li>\n\t<li class=\"menu-item menu-item-type-post_type menu-item-object-page menu-item-6608\"><a href=\"https:\/\/essilorpro.com.co\/instruments\/akr-300\/\" class=\"elementor-sub-item\" tabindex=\"-1\">AKR 300<\/a><\/li>\n<\/ul>\n<\/li>\n<\/ul>\t\t\t<\/nav>\n\t\t\t\t\t\t<\/div>\n\t\t\t\t<\/div>\n\t\t\t\t<\/div>\n\t\t\t\t\t<\/div>\n\t\t\t\t<\/div>\n\t\t\t\t<\/div>\n\t\t","protected":false},"excerpt":{"rendered":"<p>Instrumentos \/ CONSULTORIOS Amplia gama de optotipos de agudeza visual ETDRS con m\u00faltiple. Pantalla de cristal l\u00edquido polarizada de 24 pulgadas. Distancia de proyecci\u00f3n de 2 a 8. Diapositivas personalizadas. Conexi\u00f3n inal\u00e1mbrica. \u00a0 CONSULTORIOS CONSULTORIOS CONSULTORIOS<\/p>\n","protected":false},"author":4,"featured_media":0,"parent":0,"menu_order":0,"comment_status":"closed","ping_status":"closed","template":"","meta":{"footnotes":""},"class_list":["post-6765","page","type-page","status-publish","hentry"],"_links":{"self":[{"href":"https:\/\/essilorpro.com.co\/instruments\/wp-json\/wp\/v2\/pages\/6765","targetHints":{"allow":["GET"]}}],"collection":[{"href":"https:\/\/essilorpro.com.co\/instruments\/wp-json\/wp\/v2\/pages"}],"about":[{"href":"https:\/\/essilorpro.com.co\/instruments\/wp-json\/wp\/v2\/types\/page"}],"author":[{"embeddable":true,"href":"https:\/\/essilorpro.com.co\/instruments\/wp-json\/wp\/v2\/users\/4"}],"replies":[{"embeddable":true,"href":"https:\/\/essilorpro.com.co\/instruments\/wp-json\/wp\/v2\/comments?post=6765"}],"version-history":[{"count":19,"href":"https:\/\/essilorpro.com.co\/instruments\/wp-json\/wp\/v2\/pages\/6765\/revisions"}],"predecessor-version":[{"id":8179,"href":"https:\/\/essilorpro.com.co\/instruments\/wp-json\/wp\/v2\/pages\/6765\/revisions\/8179"}],"wp:attachment":[{"href":"https:\/\/essilorpro.com.co\/instruments\/wp-json\/wp\/v2\/media?parent=6765"}],"curies":[{"name":"wp","href":"https:\/\/api.w.org\/{rel}","templated":true}]}}