{"id":6230,"date":"2024-03-05T00:38:32","date_gmt":"2024-03-04T19:38:32","guid":{"rendered":"https:\/\/essilorpro.com.co\/instruments\/?page_id=6230"},"modified":"2024-09-12T21:15:39","modified_gmt":"2024-09-12T16:15:39","slug":"ark-800","status":"publish","type":"page","link":"https:\/\/essilorpro.com.co\/instruments\/ark-800\/","title":{"rendered":"AKR 800"},"content":{"rendered":"\t\t<div data-elementor-type=\"wp-page\" data-elementor-id=\"6230\" class=\"elementor elementor-6230\" data-elementor-post-type=\"page\">\n\t\t\t\t<div class=\"elementor-element elementor-element-491710d6 e-flex e-con-boxed wpr-particle-no wpr-jarallax-no wpr-parallax-no wpr-sticky-section-no e-con e-parent\" data-id=\"491710d6\" data-element_type=\"container\">\n\t\t\t\t\t<div class=\"e-con-inner\">\n\t\t\t\t<div class=\"elementor-element elementor-element-1db42fe8 elementor-widget elementor-widget-text-editor\" data-id=\"1db42fe8\" data-element_type=\"widget\" data-widget_type=\"text-editor.default\">\n\t\t\t\t<div class=\"elementor-widget-container\">\n\t\t\t\t\t\t\t\t\t<p>Instrumentos \/ CONSULTORIOS<\/p>\t\t\t\t\t\t\t\t<\/div>\n\t\t\t\t<\/div>\n\t\t\t\t\t<\/div>\n\t\t\t\t<\/div>\n\t\t\t\t<section class=\"elementor-section elementor-top-section elementor-element elementor-element-1b6535a elementor-section-boxed elementor-section-height-default elementor-section-height-default wpr-particle-no wpr-jarallax-no wpr-parallax-no wpr-sticky-section-no\" data-id=\"1b6535a\" data-element_type=\"section\">\n\t\t\t\t\t\t<div class=\"elementor-container elementor-column-gap-default\">\n\t\t\t\t\t<div class=\"elementor-column elementor-col-50 elementor-top-column elementor-element elementor-element-5cb8811b\" data-id=\"5cb8811b\" data-element_type=\"column\">\n\t\t\t<div class=\"elementor-widget-wrap elementor-element-populated\">\n\t\t\t\t\t\t<div class=\"elementor-element elementor-element-2ed98ae4 elementor-widget elementor-widget-image\" data-id=\"2ed98ae4\" data-element_type=\"widget\" data-widget_type=\"image.default\">\n\t\t\t\t<div class=\"elementor-widget-container\">\n\t\t\t\t\t\t\t\t\t\t\t\t\t\t\t<img fetchpriority=\"high\" decoding=\"async\" width=\"637\" height=\"640\" src=\"https:\/\/essilorpro.com.co\/instruments\/wp-content\/uploads\/2024\/07\/pixelcut-export-2-7-637x640.png\" class=\"attachment-medium size-medium wp-image-7304\" alt=\"\" srcset=\"https:\/\/essilorpro.com.co\/instruments\/wp-content\/uploads\/2024\/07\/pixelcut-export-2-7-637x640.png 637w, https:\/\/essilorpro.com.co\/instruments\/wp-content\/uploads\/2024\/07\/pixelcut-export-2-7-1019x1024.png 1019w, https:\/\/essilorpro.com.co\/instruments\/wp-content\/uploads\/2024\/07\/pixelcut-export-2-7-768x771.png 768w, https:\/\/essilorpro.com.co\/instruments\/wp-content\/uploads\/2024\/07\/pixelcut-export-2-7-1529x1536.png 1529w, https:\/\/essilorpro.com.co\/instruments\/wp-content\/uploads\/2024\/07\/pixelcut-export-2-7.png 1756w\" sizes=\"(max-width: 637px) 100vw, 637px\" \/>\t\t\t\t\t\t\t\t\t\t\t\t\t\t\t<\/div>\n\t\t\t\t<\/div>\n\t\t\t\t\t<\/div>\n\t\t<\/div>\n\t\t\t\t<div class=\"elementor-column elementor-col-50 elementor-top-column elementor-element elementor-element-440816b9\" data-id=\"440816b9\" data-element_type=\"column\">\n\t\t\t<div class=\"elementor-widget-wrap elementor-element-populated\">\n\t\t\t\t\t\t<div class=\"elementor-element elementor-element-22151b54 elementor-position-top elementor-widget elementor-widget-image-box\" data-id=\"22151b54\" data-element_type=\"widget\" data-widget_type=\"image-box.default\">\n\t\t\t\t<div class=\"elementor-widget-container\">\n\t\t\t\t\t<div class=\"elementor-image-box-wrapper\"><figure class=\"elementor-image-box-img\"><img decoding=\"async\" width=\"384\" height=\"162\" src=\"https:\/\/essilorpro.com.co\/instruments\/wp-content\/uploads\/2024\/07\/Captura-de-Pantalla-2024-07-16-a-las-11.26.20-a.-m.png\" class=\"attachment-2048x2048 size-2048x2048 wp-image-7372\" alt=\"\" srcset=\"https:\/\/essilorpro.com.co\/instruments\/wp-content\/uploads\/2024\/07\/Captura-de-Pantalla-2024-07-16-a-las-11.26.20-a.-m.png 384w, https:\/\/essilorpro.com.co\/instruments\/wp-content\/uploads\/2024\/07\/Captura-de-Pantalla-2024-07-16-a-las-11.26.20-a.-m-320x135.png 320w\" sizes=\"(max-width: 384px) 100vw, 384px\" \/><\/figure><div class=\"elementor-image-box-content\"><p class=\"elementor-image-box-description\">AKR 800 AUTOREFRACTO\u0301METRO \u2013 KERATO\u0301METRO\n<\/p><\/div><\/div>\t\t\t\t<\/div>\n\t\t\t\t<\/div>\n\t\t\t\t<div class=\"elementor-element elementor-element-3732844b elementor-widget elementor-widget-text-editor\" data-id=\"3732844b\" data-element_type=\"widget\" data-widget_type=\"text-editor.default\">\n\t\t\t\t<div class=\"elementor-widget-container\">\n\t\t\t\t\t\t\t\t\t<p>F\u00e1cil de usar totalmente autom\u00e1tico, sus funciones avanzadas como visi\u00f3n nocturna, y evaluaci\u00f3n de la acomodaci\u00f3n, permite comprender mejor las necesidades de los pacientes y guiarlos a mejores y acertadas soluciones, retroiluminaci\u00f3n, pupilometr\u00eda y medida de la cornea.<\/p>\t\t\t\t\t\t\t\t<\/div>\n\t\t\t\t<\/div>\n\t\t\t\t<div class=\"elementor-element elementor-element-8e1e1a2 elementor-align-center elementor-widget elementor-widget-button\" data-id=\"8e1e1a2\" data-element_type=\"widget\" data-widget_type=\"button.default\">\n\t\t\t\t<div class=\"elementor-widget-container\">\n\t\t\t\t\t\t\t\t\t<div class=\"elementor-button-wrapper\">\n\t\t\t\t\t<a class=\"elementor-button elementor-button-link elementor-size-sm\" href=\"https:\/\/essilorpro.com.co\/instruments\/wp-content\/uploads\/2024\/09\/M01509-01-en-AKR-800NV-Brochure-low-res-PDF-PP-1.pdf\">\n\t\t\t\t\t\t<span class=\"elementor-button-content-wrapper\">\n\t\t\t\t\t\t\t\t\t<span class=\"elementor-button-text\">Descargar<\/span>\n\t\t\t\t\t<\/span>\n\t\t\t\t\t<\/a>\n\t\t\t\t<\/div>\n\t\t\t\t\t\t\t\t<\/div>\n\t\t\t\t<\/div>\n\t\t\t\t\t<\/div>\n\t\t<\/div>\n\t\t\t\t\t<\/div>\n\t\t<\/section>\n\t\t<div class=\"elementor-element elementor-element-593e859c e-flex e-con-boxed wpr-particle-no wpr-jarallax-no wpr-parallax-no wpr-sticky-section-no e-con e-parent\" data-id=\"593e859c\" data-element_type=\"container\">\n\t\t\t\t\t<div class=\"e-con-inner\">\n\t\t\t\t\t<\/div>\n\t\t\t\t<\/div>\n\t\t\t\t<section class=\"elementor-section elementor-top-section elementor-element elementor-element-5354ac3e elementor-section-boxed elementor-section-height-default elementor-section-height-default wpr-particle-no wpr-jarallax-no wpr-parallax-no wpr-sticky-section-no\" data-id=\"5354ac3e\" data-element_type=\"section\">\n\t\t\t\t\t\t<div class=\"elementor-container elementor-column-gap-default\">\n\t\t\t\t\t<div class=\"elementor-column elementor-col-100 elementor-top-column elementor-element elementor-element-66031c88\" data-id=\"66031c88\" data-element_type=\"column\">\n\t\t\t<div class=\"elementor-widget-wrap elementor-element-populated\">\n\t\t\t\t\t\t<div class=\"elementor-element elementor-element-2a4c6604 elementor-widget elementor-widget-text-editor\" data-id=\"2a4c6604\" data-element_type=\"widget\" data-widget_type=\"text-editor.default\">\n\t\t\t\t<div class=\"elementor-widget-container\">\n\t\t\t\t\t\t\t\t\t<p>NUESTRAS SOLUCIONES<\/p>\t\t\t\t\t\t\t\t<\/div>\n\t\t\t\t<\/div>\n\t\t\t\t\t<\/div>\n\t\t<\/div>\n\t\t\t\t\t<\/div>\n\t\t<\/section>\n\t\t<div class=\"elementor-element elementor-element-36245c8f e-flex e-con-boxed wpr-particle-no wpr-jarallax-no wpr-parallax-no wpr-sticky-section-no e-con e-parent\" data-id=\"36245c8f\" data-element_type=\"container\">\n\t\t\t\t\t<div class=\"e-con-inner\">\n\t\t<div class=\"elementor-element elementor-element-227ebe62 e-con-full e-flex wpr-particle-no wpr-jarallax-no wpr-parallax-no wpr-sticky-section-no e-con e-child\" data-id=\"227ebe62\" data-element_type=\"container\">\n\t\t\t\t<div class=\"elementor-element elementor-element-16353322 wpr-flip-box-animation-flip wpr-flip-box-animation-3d-yes wpr-flip-box-anim-direction-right wpr-flip-box-front-align-center wpr-flip-box-back-align-center elementor-widget elementor-widget-wpr-flip-box\" data-id=\"16353322\" data-element_type=\"widget\" data-widget_type=\"wpr-flip-box.default\">\n\t\t\t\t<div class=\"elementor-widget-container\">\n\t\t\t\t\t\t\t\t\n\t\t<div class=\"wpr-flip-box\" data-trigger=\"hover\">\n\t\t\t\n\t\t\t<div class=\"wpr-flip-box-item wpr-flip-box-front wpr-anim-timing-ease-default\">\n\n\t\t\t\t<div class=\"wpr-flip-box-overlay\"><\/div>\n\n\t\t\t\t<div class=\"wpr-flip-box-content\">\n\t\t\t\t\t\n\t\t\t\t\t\t\t\t\t\t\n\t\t\t\t\t\n\t\t\t\t\t\t\t\t\t\t\t<div class=\"wpr-flip-box-description\"><p><img decoding=\"async\" class=\"wp-image-5365 aligncenter\" src=\"https:\/\/essilorpro.com.co\/instruments\/wp-content\/uploads\/2024\/02\/xr@2x-304x640.png\" alt=\"\" width=\"112\" height=\"236\" srcset=\"https:\/\/essilorpro.com.co\/instruments\/wp-content\/uploads\/2024\/02\/xr@2x-304x640.png 304w, https:\/\/essilorpro.com.co\/instruments\/wp-content\/uploads\/2024\/02\/xr@2x-152x320.png 152w, https:\/\/essilorpro.com.co\/instruments\/wp-content\/uploads\/2024\/02\/xr@2x.png 346w\" sizes=\"(max-width: 112px) 100vw, 112px\" \/>EXPERIENCIA EN PERSONALIZACI\u00d3N<\/p><\/div>\t\t\t\t\t\t\n\t\t\t\t\t\t\n\n\t\t\t\t\t\t\n\n\t\t\t\t<\/div>\n\t\t\t<\/div>\n\n\t\t\t<div class=\"wpr-flip-box-item wpr-flip-box-back wpr-anim-timing-ease-default\">\n\n\t\t\t\t<div class=\"wpr-flip-box-overlay\"><\/div>\n\t\t\t\t\n\t\t\t\t<div class=\"wpr-flip-box-content\">\n\t\t\t\t\t\n\t\t\t\t\t\t\t\t\t\t<a class=\"wpr-flip-box-link\" href=\"https:\/\/essilorpro.com.co\/instruments\/visioffice-x3\/\"><\/a>\t\n\t\t\t\t\t\n\t\t\t\t\t\t\t\t\t\t\n\t\t\t\t\t\t\t\t\t\t\t<h3 class=\"wpr-flip-box-title\">\n\t\t\t\t\t\t\tEXPERIENCIA EN PERSONALIZACI\u00d3N\t\t\t\t\t\t<\/h3>\n\t\t\t\t\t\n\t\t\t\t\t\t\t\t\t\t\t<div class=\"wpr-flip-box-description\"><p>M\u00c1S INFORMACI\u00d3N<\/p><\/div>\t\t\t\t\t\t\n\t\t\t\t\t\t\n\n\t\t\t\t\t\t\n\n\t\t\t\t<\/div>\n\t\t\t<\/div>\n\t\t<\/div>\n\n\t\t\t\t\t\t<\/div>\n\t\t\t\t<\/div>\n\t\t\t\t<\/div>\n\t\t<div class=\"elementor-element elementor-element-767b0532 e-con-full e-flex wpr-particle-no wpr-jarallax-no wpr-parallax-no wpr-sticky-section-no e-con e-child\" data-id=\"767b0532\" data-element_type=\"container\">\n\t\t\t\t<div class=\"elementor-element elementor-element-262efb11 wpr-flip-box-animation-flip wpr-flip-box-animation-3d-yes wpr-flip-box-anim-direction-right wpr-flip-box-front-align-center wpr-flip-box-back-align-center elementor-widget elementor-widget-wpr-flip-box\" data-id=\"262efb11\" data-element_type=\"widget\" data-widget_type=\"wpr-flip-box.default\">\n\t\t\t\t<div class=\"elementor-widget-container\">\n\t\t\t\t\t\t\t\t\n\t\t<div class=\"wpr-flip-box\" data-trigger=\"hover\">\n\t\t\t\n\t\t\t<div class=\"wpr-flip-box-item wpr-flip-box-front wpr-anim-timing-ease-default\">\n\n\t\t\t\t<div class=\"wpr-flip-box-overlay\"><\/div>\n\n\t\t\t\t<div class=\"wpr-flip-box-content\">\n\t\t\t\t\t\n\t\t\t\t\t\t\t\t\t\t\n\t\t\t\t\t\n\t\t\t\t\t\t\t\t\t\t\t<div class=\"wpr-flip-box-description\"><p><img loading=\"lazy\" decoding=\"async\" class=\"wp-image-5364 aligncenter\" src=\"https:\/\/essilorpro.com.co\/instruments\/wp-content\/uploads\/2024\/02\/xr-1@2x-304x640.png\" alt=\"\" width=\"145\" height=\"305\" srcset=\"https:\/\/essilorpro.com.co\/instruments\/wp-content\/uploads\/2024\/02\/xr-1@2x-304x640.png 304w, https:\/\/essilorpro.com.co\/instruments\/wp-content\/uploads\/2024\/02\/xr-1@2x-152x320.png 152w, https:\/\/essilorpro.com.co\/instruments\/wp-content\/uploads\/2024\/02\/xr-1@2x.png 456w\" sizes=\"(max-width: 145px) 100vw, 145px\" \/>CONSULTORIOS<\/p><\/div>\t\t\t\t\t\t\n\t\t\t\t\t\t\n\n\t\t\t\t\t\t\n\n\t\t\t\t<\/div>\n\t\t\t<\/div>\n\n\t\t\t<div class=\"wpr-flip-box-item wpr-flip-box-back wpr-anim-timing-ease-default\">\n\n\t\t\t\t<div class=\"wpr-flip-box-overlay\"><\/div>\n\t\t\t\t\n\t\t\t\t<div class=\"wpr-flip-box-content\">\n\t\t\t\t\t\n\t\t\t\t\t\t\t\t\t\t<a class=\"wpr-flip-box-link\" href=\"https:\/\/essilorpro.com.co\/instruments\/vision-air-r800\/\"><\/a>\t\n\t\t\t\t\t\n\t\t\t\t\t\t\t\t\t\t\n\t\t\t\t\t\t\t\t\t\t\t<h3 class=\"wpr-flip-box-title\">\n\t\t\t\t\t\t\tCONSULTORIOS\t\t\t\t\t\t<\/h3>\n\t\t\t\t\t\n\t\t\t\t\t\t\t\t\t\t\t<div class=\"wpr-flip-box-description\"><p>M\u00c1S INFORMACI\u00d3N<\/p><\/div>\t\t\t\t\t\t\n\t\t\t\t\t\t\n\n\t\t\t\t\t\t\n\n\t\t\t\t<\/div>\n\t\t\t<\/div>\n\t\t<\/div>\n\n\t\t\t\t\t\t<\/div>\n\t\t\t\t<\/div>\n\t\t\t\t<\/div>\n\t\t<div class=\"elementor-element elementor-element-6d143d81 e-con-full e-flex wpr-particle-no wpr-jarallax-no wpr-parallax-no wpr-sticky-section-no e-con e-child\" data-id=\"6d143d81\" data-element_type=\"container\">\n\t\t\t\t<div class=\"elementor-element elementor-element-2dbf01c4 wpr-flip-box-animation-flip wpr-flip-box-animation-3d-yes wpr-flip-box-anim-direction-right wpr-flip-box-front-align-center wpr-flip-box-back-align-center elementor-widget elementor-widget-wpr-flip-box\" data-id=\"2dbf01c4\" data-element_type=\"widget\" data-widget_type=\"wpr-flip-box.default\">\n\t\t\t\t<div class=\"elementor-widget-container\">\n\t\t\t\t\t\t\t\t\n\t\t<div class=\"wpr-flip-box\" data-trigger=\"hover\">\n\t\t\t\n\t\t\t<div class=\"wpr-flip-box-item wpr-flip-box-front wpr-anim-timing-ease-default\">\n\n\t\t\t\t<div class=\"wpr-flip-box-overlay\"><\/div>\n\n\t\t\t\t<div class=\"wpr-flip-box-content\">\n\t\t\t\t\t\n\t\t\t\t\t\t\t\t\t\t\n\t\t\t\t\t\n\t\t\t\t\t\t\t\t\t\t\t<div class=\"wpr-flip-box-description\"><p><img loading=\"lazy\" decoding=\"async\" class=\"wp-image-5358 aligncenter\" src=\"https:\/\/essilorpro.com.co\/instruments\/wp-content\/uploads\/2024\/02\/examenes-especiale@2x-640x604.png\" alt=\"\" width=\"210\" height=\"198\" srcset=\"https:\/\/essilorpro.com.co\/instruments\/wp-content\/uploads\/2024\/02\/examenes-especiale@2x-640x604.png 640w, https:\/\/essilorpro.com.co\/instruments\/wp-content\/uploads\/2024\/02\/examenes-especiale@2x-320x302.png 320w, https:\/\/essilorpro.com.co\/instruments\/wp-content\/uploads\/2024\/02\/examenes-especiale@2x.png 714w\" sizes=\"(max-width: 210px) 100vw, 210px\" \/><\/p><p>DIAGN\u00d3STICO ESPECIALIZADO<\/p><\/div>\t\t\t\t\t\t\n\t\t\t\t\t\t\n\n\t\t\t\t\t\t\n\n\t\t\t\t<\/div>\n\t\t\t<\/div>\n\n\t\t\t<div class=\"wpr-flip-box-item wpr-flip-box-back wpr-anim-timing-ease-default\">\n\n\t\t\t\t<div class=\"wpr-flip-box-overlay\"><\/div>\n\t\t\t\t\n\t\t\t\t<div class=\"wpr-flip-box-content\">\n\t\t\t\t\t\n\t\t\t\t\t\t\t\t\t\t<a class=\"wpr-flip-box-link\" href=\"https:\/\/essilorpro.com.co\/instruments\/wave-analyzer-aberrometro-wavefront\/\"><\/a>\t\n\t\t\t\t\t\n\t\t\t\t\t\t\t\t\t\t\n\t\t\t\t\t\t\t\t\t\t\t<h3 class=\"wpr-flip-box-title\">\n\t\t\t\t\t\t\tDIAGN\u00d3TICO ESPECIALIZADO\t\t\t\t\t\t<\/h3>\n\t\t\t\t\t\n\t\t\t\t\t\t\t\t\t\t\t<div class=\"wpr-flip-box-description\"><p>M\u00c1S INFORMACI\u00d3N<\/p><\/div>\t\t\t\t\t\t\n\t\t\t\t\t\t\n\n\t\t\t\t\t\t\n\n\t\t\t\t<\/div>\n\t\t\t<\/div>\n\t\t<\/div>\n\n\t\t\t\t\t\t<\/div>\n\t\t\t\t<\/div>\n\t\t\t\t<\/div>\n\t\t\t\t\t<\/div>\n\t\t\t\t<\/div>\n\t\t<div class=\"elementor-element elementor-element-745ac185 e-flex e-con-boxed wpr-particle-no wpr-jarallax-no wpr-parallax-no wpr-sticky-section-no e-con e-parent\" data-id=\"745ac185\" data-element_type=\"container\">\n\t\t\t\t\t<div class=\"e-con-inner\">\n\t\t\t\t<div class=\"elementor-element elementor-element-7f9407de elementor-widget-divider--view-line elementor-widget elementor-widget-divider\" data-id=\"7f9407de\" data-element_type=\"widget\" data-widget_type=\"divider.default\">\n\t\t\t\t<div class=\"elementor-widget-container\">\n\t\t\t\t\t\t\t<div class=\"elementor-divider\">\n\t\t\t<span class=\"elementor-divider-separator\">\n\t\t\t\t\t\t<\/span>\n\t\t<\/div>\n\t\t\t\t\t\t<\/div>\n\t\t\t\t<\/div>\n\t\t\t\t\t<\/div>\n\t\t\t\t<\/div>\n\t\t<div class=\"elementor-element elementor-element-10320261 e-flex e-con-boxed wpr-particle-no wpr-jarallax-no wpr-parallax-no wpr-sticky-section-no e-con e-parent\" data-id=\"10320261\" data-element_type=\"container\">\n\t\t\t\t\t<div class=\"e-con-inner\">\n\t\t<div class=\"elementor-element elementor-element-4e42e008 e-con-full e-flex wpr-particle-no wpr-jarallax-no wpr-parallax-no wpr-sticky-section-no e-con e-child\" data-id=\"4e42e008\" data-element_type=\"container\">\n\t\t\t\t<div class=\"elementor-element elementor-element-7558e59b wpr-flip-box-animation-flip wpr-flip-box-animation-3d-yes wpr-flip-box-anim-direction-right wpr-flip-box-front-align-center wpr-flip-box-back-align-center elementor-widget elementor-widget-wpr-flip-box\" data-id=\"7558e59b\" data-element_type=\"widget\" data-widget_type=\"wpr-flip-box.default\">\n\t\t\t\t<div class=\"elementor-widget-container\">\n\t\t\t\t\t\t\t\t\n\t\t<div class=\"wpr-flip-box\" data-trigger=\"hover\">\n\t\t\t\n\t\t\t<div class=\"wpr-flip-box-item wpr-flip-box-front wpr-anim-timing-ease-default\">\n\n\t\t\t\t<div class=\"wpr-flip-box-overlay\"><\/div>\n\n\t\t\t\t<div class=\"wpr-flip-box-content\">\n\t\t\t\t\t\n\t\t\t\t\t\t\t\t\t\t\n\t\t\t\t\t\n\t\t\t\t\t\t\t\t\t\t\t<div class=\"wpr-flip-box-description\"><p><img loading=\"lazy\" decoding=\"async\" class=\"wp-image-5361 aligncenter\" src=\"https:\/\/essilorpro.com.co\/instruments\/wp-content\/uploads\/2024\/02\/laboratorio_1@2x.png\" alt=\"\" width=\"184\" height=\"198\" srcset=\"https:\/\/essilorpro.com.co\/instruments\/wp-content\/uploads\/2024\/02\/laboratorio_1@2x.png 568w, https:\/\/essilorpro.com.co\/instruments\/wp-content\/uploads\/2024\/02\/laboratorio_1@2x-298x320.png 298w\" sizes=\"(max-width: 184px) 100vw, 184px\" \/><\/p><p>LABORATORIOS<\/p><\/div>\t\t\t\t\t\t\n\t\t\t\t\t\t\n\n\t\t\t\t\t\t\n\n\t\t\t\t<\/div>\n\t\t\t<\/div>\n\n\t\t\t<div class=\"wpr-flip-box-item wpr-flip-box-back wpr-anim-timing-ease-default\">\n\n\t\t\t\t<div class=\"wpr-flip-box-overlay\"><\/div>\n\t\t\t\t\n\t\t\t\t<div class=\"wpr-flip-box-content\">\n\t\t\t\t\t\n\t\t\t\t\t\t\t\t\t\t<a class=\"wpr-flip-box-link\" href=\"https:\/\/essilorpro.com.co\/instruments\/pro-e600\/\"><\/a>\t\n\t\t\t\t\t\n\t\t\t\t\t\t\t\t\t\t\n\t\t\t\t\t\t\t\t\t\t\t<h3 class=\"wpr-flip-box-title\">\n\t\t\t\t\t\t\tLABORATORIOS\t\t\t\t\t\t<\/h3>\n\t\t\t\t\t\n\t\t\t\t\t\t\t\t\t\t\t<div class=\"wpr-flip-box-description\"><p>M\u00c1S INFORMACI\u00d3N<\/p><\/div>\t\t\t\t\t\t\n\t\t\t\t\t\t\n\n\t\t\t\t\t\t\n\n\t\t\t\t<\/div>\n\t\t\t<\/div>\n\t\t<\/div>\n\n\t\t\t\t\t\t<\/div>\n\t\t\t\t<\/div>\n\t\t\t\t<\/div>\n\t\t<div class=\"elementor-element elementor-element-4a01e040 e-con-full e-flex wpr-particle-no wpr-jarallax-no wpr-parallax-no wpr-sticky-section-no e-con e-child\" data-id=\"4a01e040\" data-element_type=\"container\">\n\t\t\t\t<div class=\"elementor-element elementor-element-7e67b6ed wpr-flip-box-animation-flip wpr-flip-box-animation-3d-yes wpr-flip-box-anim-direction-right wpr-flip-box-front-align-center wpr-flip-box-back-align-center elementor-widget elementor-widget-wpr-flip-box\" data-id=\"7e67b6ed\" data-element_type=\"widget\" data-widget_type=\"wpr-flip-box.default\">\n\t\t\t\t<div class=\"elementor-widget-container\">\n\t\t\t\t\t\t\t\t\n\t\t<div class=\"wpr-flip-box\" data-trigger=\"hover\">\n\t\t\t\n\t\t\t<div class=\"wpr-flip-box-item wpr-flip-box-front wpr-anim-timing-ease-default\">\n\n\t\t\t\t<div class=\"wpr-flip-box-overlay\"><\/div>\n\n\t\t\t\t<div class=\"wpr-flip-box-content\">\n\t\t\t\t\t\n\t\t\t\t\t\t\t\t\t\t\n\t\t\t\t\t\n\t\t\t\t\t\t\t\t\t\t\t<div class=\"wpr-flip-box-description\"><p><img loading=\"lazy\" decoding=\"async\" class=\"wp-image-5362 aligncenter\" src=\"https:\/\/essilorpro.com.co\/instruments\/wp-content\/uploads\/2024\/02\/mobiliario@2x-640x634.png\" alt=\"\" width=\"201\" height=\"199\" srcset=\"https:\/\/essilorpro.com.co\/instruments\/wp-content\/uploads\/2024\/02\/mobiliario@2x-640x634.png 640w, https:\/\/essilorpro.com.co\/instruments\/wp-content\/uploads\/2024\/02\/mobiliario@2x-320x317.png 320w, https:\/\/essilorpro.com.co\/instruments\/wp-content\/uploads\/2024\/02\/mobiliario@2x.png 680w\" sizes=\"(max-width: 201px) 100vw, 201px\" \/><\/p><p>MOBILIARIOS<\/p><\/div>\t\t\t\t\t\t\n\t\t\t\t\t\t\n\n\t\t\t\t\t\t\n\n\t\t\t\t<\/div>\n\t\t\t<\/div>\n\n\t\t\t<div class=\"wpr-flip-box-item wpr-flip-box-back wpr-anim-timing-ease-default\">\n\n\t\t\t\t<div class=\"wpr-flip-box-overlay\"><\/div>\n\t\t\t\t\n\t\t\t\t<div class=\"wpr-flip-box-content\">\n\t\t\t\t\t\n\t\t\t\t\t\t\t\t\t\t<a class=\"wpr-flip-box-link\" href=\"https:\/\/essilorpro.com.co\/instruments\/refralinesmini\/\"><\/a>\t\n\t\t\t\t\t\n\t\t\t\t\t\t\t\t\t\t\n\t\t\t\t\t\t\t\t\t\t\t<h3 class=\"wpr-flip-box-title\">\n\t\t\t\t\t\t\tMOBILIARIO\t\t\t\t\t\t<\/h3>\n\t\t\t\t\t\n\t\t\t\t\t\t\t\t\t\t\t<div class=\"wpr-flip-box-description\"><p>M\u00c1S INFORMACI\u00d3N<\/p><\/div>\t\t\t\t\t\t\n\t\t\t\t\t\t\n\n\t\t\t\t\t\t\n\n\t\t\t\t<\/div>\n\t\t\t<\/div>\n\t\t<\/div>\n\n\t\t\t\t\t\t<\/div>\n\t\t\t\t<\/div>\n\t\t\t\t<\/div>\n\t\t<div class=\"elementor-element elementor-element-1e47be1c e-con-full e-flex wpr-particle-no wpr-jarallax-no wpr-parallax-no wpr-sticky-section-no e-con e-child\" data-id=\"1e47be1c\" data-element_type=\"container\">\n\t\t\t\t<div class=\"elementor-element elementor-element-72220325 wpr-flip-box-animation-flip wpr-flip-box-animation-3d-yes wpr-flip-box-anim-direction-right wpr-flip-box-front-align-center wpr-flip-box-back-align-center elementor-widget elementor-widget-wpr-flip-box\" data-id=\"72220325\" data-element_type=\"widget\" data-widget_type=\"wpr-flip-box.default\">\n\t\t\t\t<div class=\"elementor-widget-container\">\n\t\t\t\t\t\t\t\t\n\t\t<div class=\"wpr-flip-box\" data-trigger=\"hover\">\n\t\t\t\n\t\t\t<div class=\"wpr-flip-box-item wpr-flip-box-front wpr-anim-timing-ease-default\">\n\n\t\t\t\t<div class=\"wpr-flip-box-overlay\"><\/div>\n\n\t\t\t\t<div class=\"wpr-flip-box-content\">\n\t\t\t\t\t\n\t\t\t\t\t\t\t\t\t\t\n\t\t\t\t\t\n\t\t\t\t\t\t\t\t\t\t\t<div class=\"wpr-flip-box-description\"><p><img loading=\"lazy\" decoding=\"async\" class=\"wp-image-5360 alignnone\" src=\"https:\/\/essilorpro.com.co\/instruments\/wp-content\/uploads\/2024\/02\/Grupo-266@2x-640x633.png\" alt=\"\" width=\"245\" height=\"243\" srcset=\"https:\/\/essilorpro.com.co\/instruments\/wp-content\/uploads\/2024\/02\/Grupo-266@2x-640x633.png 640w, https:\/\/essilorpro.com.co\/instruments\/wp-content\/uploads\/2024\/02\/Grupo-266@2x-320x317.png 320w, https:\/\/essilorpro.com.co\/instruments\/wp-content\/uploads\/2024\/02\/Grupo-266@2x-768x760.png 768w, https:\/\/essilorpro.com.co\/instruments\/wp-content\/uploads\/2024\/02\/Grupo-266@2x.png 784w\" sizes=\"(max-width: 245px) 100vw, 245px\" \/><\/p><p>CONT\u00c1CTENOS<\/p><\/div>\t\t\t\t\t\t\n\t\t\t\t\t\t\n\n\t\t\t\t\t\t\n\n\t\t\t\t<\/div>\n\t\t\t<\/div>\n\n\t\t\t<div class=\"wpr-flip-box-item wpr-flip-box-back wpr-anim-timing-ease-default\">\n\n\t\t\t\t<div class=\"wpr-flip-box-overlay\"><\/div>\n\t\t\t\t\n\t\t\t\t<div class=\"wpr-flip-box-content\">\n\t\t\t\t\t\n\t\t\t\t\t\t\t\t\t\t<a class=\"wpr-flip-box-link\" href=\"https:\/\/essilorpro.com.co\/instruments\/contactenos\/\"><\/a>\t\n\t\t\t\t\t\n\t\t\t\t\t\t\t\t\t\t\n\t\t\t\t\t\t\t\t\t\t\t<h3 class=\"wpr-flip-box-title\">\n\t\t\t\t\t\t\tCONT\u00c1CTENOS\t\t\t\t\t\t<\/h3>\n\t\t\t\t\t\n\t\t\t\t\t\t\t\t\t\t\t<div class=\"wpr-flip-box-description\"><p>M\u00c1S INFORMACI\u00d3N<\/p><\/div>\t\t\t\t\t\t\n\t\t\t\t\t\t\n\n\t\t\t\t\t\t\n\n\t\t\t\t<\/div>\n\t\t\t<\/div>\n\t\t<\/div>\n\n\t\t\t\t\t\t<\/div>\n\t\t\t\t<\/div>\n\t\t\t\t<\/div>\n\t\t\t\t\t<\/div>\n\t\t\t\t<\/div>\n\t\t\t\t<\/div>\n\t\t","protected":false},"excerpt":{"rendered":"<p>Instrumentos \/ CONSULTORIOS AKR 800 AUTOREFRACTO\u0301METRO \u2013 KERATO\u0301METRO F\u00e1cil de usar totalmente autom\u00e1tico, sus funciones avanzadas como visi\u00f3n nocturna, y evaluaci\u00f3n de la acomodaci\u00f3n, permite comprender mejor las necesidades de los pacientes y guiarlos a mejores y acertadas soluciones, retroiluminaci\u00f3n, pupilometr\u00eda y medida de la cornea. Descargar NUESTRAS SOLUCIONES EXPERIENCIA EN PERSONALIZACI\u00d3N EXPERIENCIA EN PERSONALIZACI\u00d3N M\u00c1S INFORMACI\u00d3N CONSULTORIOS CONSULTORIOS M\u00c1S INFORMACI\u00d3N DIAGN\u00d3STICO ESPECIALIZADO DIAGN\u00d3TICO ESPECIALIZADO M\u00c1S INFORMACI\u00d3N LABORATORIOS LABORATORIOS M\u00c1S INFORMACI\u00d3N MOBILIARIOS MOBILIARIO M\u00c1S INFORMACI\u00d3N CONT\u00c1CTENOS CONT\u00c1CTENOS M\u00c1S INFORMACI\u00d3N<\/p>\n","protected":false},"author":4,"featured_media":0,"parent":0,"menu_order":0,"comment_status":"closed","ping_status":"closed","template":"","meta":{"footnotes":""},"class_list":["post-6230","page","type-page","status-publish","hentry"],"_links":{"self":[{"href":"https:\/\/essilorpro.com.co\/instruments\/wp-json\/wp\/v2\/pages\/6230","targetHints":{"allow":["GET"]}}],"collection":[{"href":"https:\/\/essilorpro.com.co\/instruments\/wp-json\/wp\/v2\/pages"}],"about":[{"href":"https:\/\/essilorpro.com.co\/instruments\/wp-json\/wp\/v2\/types\/page"}],"author":[{"embeddable":true,"href":"https:\/\/essilorpro.com.co\/instruments\/wp-json\/wp\/v2\/users\/4"}],"replies":[{"embeddable":true,"href":"https:\/\/essilorpro.com.co\/instruments\/wp-json\/wp\/v2\/comments?post=6230"}],"version-history":[{"count":25,"href":"https:\/\/essilorpro.com.co\/instruments\/wp-json\/wp\/v2\/pages\/6230\/revisions"}],"predecessor-version":[{"id":7957,"href":"https:\/\/essilorpro.com.co\/instruments\/wp-json\/wp\/v2\/pages\/6230\/revisions\/7957"}],"wp:attachment":[{"href":"https:\/\/essilorpro.com.co\/instruments\/wp-json\/wp\/v2\/media?parent=6230"}],"curies":[{"name":"wp","href":"https:\/\/api.w.org\/{rel}","templated":true}]}}