{"id":5629,"date":"2024-02-21T19:55:25","date_gmt":"2024-02-21T14:55:25","guid":{"rendered":"https:\/\/essilorpro.com.co\/instruments\/?page_id=5629"},"modified":"2024-09-12T21:14:42","modified_gmt":"2024-09-12T16:14:42","slug":"mph-150","status":"publish","type":"page","link":"https:\/\/essilorpro.com.co\/instruments\/mph-150\/","title":{"rendered":"MPH 150"},"content":{"rendered":"\t\t<div data-elementor-type=\"wp-page\" data-elementor-id=\"5629\" class=\"elementor elementor-5629\" data-elementor-post-type=\"page\">\n\t\t\t\t<div class=\"elementor-element elementor-element-5ca42e81 e-flex e-con-boxed wpr-particle-no wpr-jarallax-no wpr-parallax-no wpr-sticky-section-no wpr-equal-height-no e-con e-parent\" data-id=\"5ca42e81\" data-element_type=\"container\" data-e-type=\"container\">\n\t\t\t\t\t<div class=\"e-con-inner\">\n\t\t\t\t<div class=\"elementor-element elementor-element-6366cc11 elementor-widget elementor-widget-text-editor\" data-id=\"6366cc11\" data-element_type=\"widget\" data-e-type=\"widget\" data-widget_type=\"text-editor.default\">\n\t\t\t\t<div class=\"elementor-widget-container\">\n\t\t\t\t\t\t\t\t\t<p>Instrumentos \/ CONSULTORIOS<\/p>\t\t\t\t\t\t\t\t<\/div>\n\t\t\t\t<\/div>\n\t\t\t\t\t<\/div>\n\t\t\t\t<\/div>\n\t\t\t\t<section class=\"elementor-section elementor-top-section elementor-element elementor-element-78a3c05c elementor-section-boxed elementor-section-height-default elementor-section-height-default wpr-particle-no wpr-jarallax-no wpr-parallax-no wpr-sticky-section-no wpr-equal-height-no\" data-id=\"78a3c05c\" data-element_type=\"section\" data-e-type=\"section\">\n\t\t\t\t\t\t<div class=\"elementor-container elementor-column-gap-default\">\n\t\t\t\t\t<div class=\"elementor-column elementor-col-50 elementor-top-column elementor-element elementor-element-1351fa61\" data-id=\"1351fa61\" data-element_type=\"column\" data-e-type=\"column\">\n\t\t\t<div class=\"elementor-widget-wrap elementor-element-populated\">\n\t\t\t\t\t\t<div class=\"elementor-element elementor-element-1c0aad40 elementor-widget elementor-widget-image\" data-id=\"1c0aad40\" data-element_type=\"widget\" data-e-type=\"widget\" data-widget_type=\"image.default\">\n\t\t\t\t<div class=\"elementor-widget-container\">\n\t\t\t\t\t\t\t\t\t\t\t\t\t\t\t<img fetchpriority=\"high\" decoding=\"async\" width=\"310\" height=\"278\" src=\"https:\/\/essilorpro.com.co\/instruments\/wp-content\/uploads\/2024\/02\/BrochureInstrumentos_Compaginado_mph-150-49.png\" class=\"attachment-medium size-medium wp-image-5611\" alt=\"\" \/>\t\t\t\t\t\t\t\t\t\t\t\t\t\t\t<\/div>\n\t\t\t\t<\/div>\n\t\t\t\t\t<\/div>\n\t\t<\/div>\n\t\t\t\t<div class=\"elementor-column elementor-col-50 elementor-top-column elementor-element elementor-element-73d0c13d\" data-id=\"73d0c13d\" data-element_type=\"column\" data-e-type=\"column\">\n\t\t\t<div class=\"elementor-widget-wrap elementor-element-populated\">\n\t\t\t\t\t\t<div class=\"elementor-element elementor-element-56255cea elementor-position-top elementor-widget elementor-widget-image-box\" data-id=\"56255cea\" data-element_type=\"widget\" data-e-type=\"widget\" data-widget_type=\"image-box.default\">\n\t\t\t\t<div class=\"elementor-widget-container\">\n\t\t\t\t\t<div class=\"elementor-image-box-wrapper\"><figure class=\"elementor-image-box-img\"><img decoding=\"async\" width=\"230\" height=\"68\" src=\"https:\/\/essilorpro.com.co\/instruments\/wp-content\/uploads\/2024\/02\/BrochureInstrumentos_Compaginado_mph-150-50.png\" class=\"attachment-2048x2048 size-2048x2048 wp-image-5612\" alt=\"\" \/><\/figure><div class=\"elementor-image-box-content\"><p class=\"elementor-image-box-description\">FOR\u00d3PTEROS<\/p><\/div><\/div>\t\t\t\t<\/div>\n\t\t\t\t<\/div>\n\t\t\t\t<div class=\"elementor-element elementor-element-4007b4d elementor-widget elementor-widget-text-editor\" data-id=\"4007b4d\" data-element_type=\"widget\" data-e-type=\"widget\" data-widget_type=\"text-editor.default\">\n\t\t\t\t<div class=\"elementor-widget-container\">\n\t\t\t\t\t\t\t\t\t<p>FOR\u00d3PTERO MANUAL, UNA SOLUCI\u00d3N EFICIENTE PARA SU SALA DE REFRACCI\u00d3N.<\/p><ul><li>AMPLIO RANGO DE LENTES Y FILTROS QUE<br \/>GARANTIZAN REFRACCIONES DE CALIDAD EN<br \/>VISI\u00d3N DE LEJOS Y DE CERCA.<\/li><li>MECANISMO DE INCLINACI\u00d3N QUE PERMITE F\u00c1CIL<br \/>CONVERGENCIA DE EJES \u00d3PTICOS PARA<br \/>EX\u00c1MENES DE VISI\u00d3N DE CERCA.<\/li><li>DISE\u00d1O MEC\u00c1NICO FLEXIBLE Y DE ALTA CALIDAD<\/li><li>CAMBIO R\u00c1PIDO DE LOS LENTES A TRAV\u00c9S<br \/>DE UN BOT\u00d3N CON IMPULSORES AUTOM\u00c1TICOS<br \/>DE LOS DISCOS.<\/li><\/ul>\t\t\t\t\t\t\t\t<\/div>\n\t\t\t\t<\/div>\n\t\t\t\t<div class=\"elementor-element elementor-element-3b382a7 elementor-align-center elementor-widget elementor-widget-button\" data-id=\"3b382a7\" data-element_type=\"widget\" data-e-type=\"widget\" data-widget_type=\"button.default\">\n\t\t\t\t<div class=\"elementor-widget-container\">\n\t\t\t\t\t\t\t\t\t<div class=\"elementor-button-wrapper\">\n\t\t\t\t\t<a class=\"elementor-button elementor-button-link elementor-size-sm\" href=\"https:\/\/essilorpro.com.co\/instruments\/wp-content\/uploads\/2024\/09\/MPH_100-foropter.pdf\">\n\t\t\t\t\t\t<span class=\"elementor-button-content-wrapper\">\n\t\t\t\t\t\t\t\t\t<span class=\"elementor-button-text\">Descargar<\/span>\n\t\t\t\t\t<\/span>\n\t\t\t\t\t<\/a>\n\t\t\t\t<\/div>\n\t\t\t\t\t\t\t\t<\/div>\n\t\t\t\t<\/div>\n\t\t\t\t\t<\/div>\n\t\t<\/div>\n\t\t\t\t\t<\/div>\n\t\t<\/section>\n\t\t<div class=\"elementor-element elementor-element-2b80503e e-flex e-con-boxed wpr-particle-no wpr-jarallax-no wpr-parallax-no wpr-sticky-section-no wpr-equal-height-no e-con e-parent\" data-id=\"2b80503e\" data-element_type=\"container\" data-e-type=\"container\">\n\t\t\t\t\t<div class=\"e-con-inner\">\n\t\t\t\t\t<\/div>\n\t\t\t\t<\/div>\n\t\t\t\t<section class=\"elementor-section elementor-top-section elementor-element elementor-element-a6afe7d elementor-section-boxed elementor-section-height-default elementor-section-height-default wpr-particle-no wpr-jarallax-no wpr-parallax-no wpr-sticky-section-no wpr-equal-height-no\" data-id=\"a6afe7d\" data-element_type=\"section\" data-e-type=\"section\">\n\t\t\t\t\t\t<div class=\"elementor-container elementor-column-gap-default\">\n\t\t\t\t\t<div class=\"elementor-column elementor-col-100 elementor-top-column elementor-element elementor-element-edc7ce8\" data-id=\"edc7ce8\" data-element_type=\"column\" data-e-type=\"column\">\n\t\t\t<div class=\"elementor-widget-wrap elementor-element-populated\">\n\t\t\t\t\t\t<div class=\"elementor-element elementor-element-64195e13 elementor-widget elementor-widget-text-editor\" data-id=\"64195e13\" data-element_type=\"widget\" data-e-type=\"widget\" data-widget_type=\"text-editor.default\">\n\t\t\t\t<div class=\"elementor-widget-container\">\n\t\t\t\t\t\t\t\t\t<p>CONSULTORIOS<\/p>\t\t\t\t\t\t\t\t<\/div>\n\t\t\t\t<\/div>\n\t\t\t\t\t<\/div>\n\t\t<\/div>\n\t\t\t\t\t<\/div>\n\t\t<\/section>\n\t\t<div class=\"elementor-element elementor-element-5ee06d61 e-flex e-con-boxed wpr-particle-no wpr-jarallax-no wpr-parallax-no wpr-sticky-section-no wpr-equal-height-no e-con e-parent\" data-id=\"5ee06d61\" data-element_type=\"container\" data-e-type=\"container\">\n\t\t\t\t\t<div class=\"e-con-inner\">\n\t\t\t\t<div class=\"elementor-element elementor-element-34dc09c7 elementor-widget-divider--view-line elementor-widget elementor-widget-divider\" data-id=\"34dc09c7\" data-element_type=\"widget\" data-e-type=\"widget\" data-widget_type=\"divider.default\">\n\t\t\t\t<div class=\"elementor-widget-container\">\n\t\t\t\t\t\t\t<div class=\"elementor-divider\">\n\t\t\t<span class=\"elementor-divider-separator\">\n\t\t\t\t\t\t<\/span>\n\t\t<\/div>\n\t\t\t\t\t\t<\/div>\n\t\t\t\t<\/div>\n\t\t\t\t\t<\/div>\n\t\t\t\t<\/div>\n\t\t<div class=\"elementor-element elementor-element-73091b37 e-flex e-con-boxed wpr-particle-no wpr-jarallax-no wpr-parallax-no wpr-sticky-section-no wpr-equal-height-no e-con e-parent\" data-id=\"73091b37\" data-element_type=\"container\" data-e-type=\"container\">\n\t\t\t\t\t<div class=\"e-con-inner\">\n\t\t<div class=\"elementor-element elementor-element-507227fe e-con-full e-flex wpr-particle-no wpr-jarallax-no wpr-parallax-no wpr-sticky-section-no wpr-equal-height-no e-con e-child\" data-id=\"507227fe\" data-element_type=\"container\" data-e-type=\"container\">\n\t\t\t\t<div class=\"elementor-element elementor-element-378d73c1 wpr-flip-box-animation-flip wpr-flip-box-animation-3d-yes wpr-flip-box-anim-direction-right wpr-flip-box-front-align-center wpr-flip-box-back-align-center elementor-widget elementor-widget-wpr-flip-box\" data-id=\"378d73c1\" data-element_type=\"widget\" data-e-type=\"widget\" data-widget_type=\"wpr-flip-box.default\">\n\t\t\t\t<div class=\"elementor-widget-container\">\n\t\t\t\t\t\t\t\t\n\t\t<div class=\"wpr-flip-box\" data-trigger=\"hover\">\n\t\t\t\n\t\t\t<div class=\"wpr-flip-box-item wpr-flip-box-front wpr-anim-timing-ease-default\">\n\n\t\t\t\t<div class=\"wpr-flip-box-overlay\"><\/div>\n\n\t\t\t\t<div class=\"wpr-flip-box-content\">\n\t\t\t\t\t\n\t\t\t\t\t\t\t\t\t\t\n\t\t\t\t\t\n\t\t\t\t\t\t\t\t\t\t\t<div class=\"wpr-flip-box-description\"><p><img decoding=\"async\" class=\"wp-image-5364 aligncenter\" src=\"https:\/\/essilorpro.com.co\/instruments\/wp-content\/uploads\/2024\/02\/xr-1@2x-304x640.png\" alt=\"\" width=\"145\" height=\"305\" srcset=\"https:\/\/essilorpro.com.co\/instruments\/wp-content\/uploads\/2024\/02\/xr-1@2x-304x640.png 304w, https:\/\/essilorpro.com.co\/instruments\/wp-content\/uploads\/2024\/02\/xr-1@2x-152x320.png 152w, https:\/\/essilorpro.com.co\/instruments\/wp-content\/uploads\/2024\/02\/xr-1@2x.png 456w\" sizes=\"(max-width: 145px) 100vw, 145px\" \/>CONSULTORIOS<\/p><\/div>\t\t\t\t\t\t\n\t\t\t\t\t\t\n\n\t\t\t\t\t\t\n\n\t\t\t\t<\/div>\n\t\t\t<\/div>\n\n\t\t\t<div class=\"wpr-flip-box-item wpr-flip-box-back wpr-anim-timing-ease-default\">\n\n\t\t\t\t<div class=\"wpr-flip-box-overlay\"><\/div>\n\t\t\t\t\n\t\t\t\t<div class=\"wpr-flip-box-content\">\n\t\t\t\t\t\n\t\t\t\t\t\t\t\t\t\t<a class=\"wpr-flip-box-link\" ><\/a>\t\n\t\t\t\t\t\n\t\t\t\t\t\t\t\t\t\t\n\t\t\t\t\t\t\t\t\t\t\t<h3 class=\"wpr-flip-box-title\">\n\t\t\t\t\t\t\tCONSULTORIOS\t\t\t\t\t\t<\/h3>\n\t\t\t\t\t\n\t\t\t\t\t\t\n\n\t\t\t\t\t\t\n\n\t\t\t\t<\/div>\n\t\t\t<\/div>\n\t\t<\/div>\n\n\t\t\t\t\t\t<\/div>\n\t\t\t\t<\/div>\n\t\t\t\t<\/div>\n\t\t<div class=\"elementor-element elementor-element-187d5b5a e-con-full e-flex wpr-particle-no wpr-jarallax-no wpr-parallax-no wpr-sticky-section-no wpr-equal-height-no e-con e-child\" data-id=\"187d5b5a\" data-element_type=\"container\" data-e-type=\"container\">\n\t\t\t\t<div class=\"elementor-element elementor-element-16d5ce3e elementor-nav-menu--dropdown-tablet elementor-nav-menu__text-align-aside elementor-nav-menu--toggle elementor-nav-menu--burger elementor-widget elementor-widget-nav-menu\" data-id=\"16d5ce3e\" data-element_type=\"widget\" data-e-type=\"widget\" data-settings=\"{&quot;layout&quot;:&quot;vertical&quot;,&quot;submenu_icon&quot;:{&quot;value&quot;:&quot;&lt;svg aria-hidden=\\&quot;true\\&quot; class=\\&quot;e-font-icon-svg e-fas-caret-down\\&quot; viewBox=\\&quot;0 0 320 512\\&quot; xmlns=\\&quot;http:\\\/\\\/www.w3.org\\\/2000\\\/svg\\&quot;&gt;&lt;path d=\\&quot;M31.3 192h257.3c17.8 0 26.7 21.5 14.1 34.1L174.1 354.8c-7.8 7.8-20.5 7.8-28.3 0L17.2 226.1C4.6 213.5 13.5 192 31.3 192z\\&quot;&gt;&lt;\\\/path&gt;&lt;\\\/svg&gt;&quot;,&quot;library&quot;:&quot;fa-solid&quot;},&quot;toggle&quot;:&quot;burger&quot;}\" data-widget_type=\"nav-menu.default\">\n\t\t\t\t<div class=\"elementor-widget-container\">\n\t\t\t\t\t\t\t\t<nav aria-label=\"Men\u00fa\" class=\"elementor-nav-menu--main elementor-nav-menu__container elementor-nav-menu--layout-vertical e--pointer-underline e--animation-fade\">\n\t\t\t\t<ul id=\"menu-1-16d5ce3e\" class=\"elementor-nav-menu sm-vertical\"><li class=\"menu-item menu-item-type-custom menu-item-object-custom menu-item-has-children menu-item-6577\"><a href=\"#\" class=\"elementor-item elementor-item-anchor\">FOR\u00d3PTER Y PANTALLAS<\/a>\n<ul class=\"sub-menu elementor-nav-menu--dropdown\">\n\t<li class=\"menu-item menu-item-type-post_type menu-item-object-page menu-item-6579\"><a href=\"https:\/\/essilorpro.com.co\/instruments\/vision-air-r800\/\" class=\"elementor-sub-item\">VISION-R 800<\/a><\/li>\n\t<li class=\"menu-item menu-item-type-post_type menu-item-object-page menu-item-6580\"><a href=\"https:\/\/essilorpro.com.co\/instruments\/vision-r-700\/\" class=\"elementor-sub-item\">VISION-R 700<\/a><\/li>\n\t<li class=\"menu-item menu-item-type-post_type menu-item-object-page menu-item-6581\"><a href=\"https:\/\/essilorpro.com.co\/instruments\/vision-s-700\/\" class=\"elementor-sub-item\">VISION-S 700<\/a><\/li>\n\t<li class=\"menu-item menu-item-type-post_type menu-item-object-page menu-item-8120\"><a href=\"https:\/\/essilorpro.com.co\/instruments\/vision-c-600\/\" class=\"elementor-sub-item\">VISION-C 600<\/a><\/li>\n\t<li class=\"menu-item menu-item-type-post_type menu-item-object-page menu-item-8121\"><a href=\"https:\/\/essilorpro.com.co\/instruments\/cs-pola-600\/\" class=\"elementor-sub-item\">CS POLA 600<\/a><\/li>\n\t<li class=\"menu-item menu-item-type-post_type menu-item-object-page menu-item-6583\"><a href=\"https:\/\/essilorpro.com.co\/instruments\/aph-550\/\" class=\"elementor-sub-item\">APH 550<\/a><\/li>\n\t<li class=\"menu-item menu-item-type-post_type menu-item-object-page menu-item-6585\"><a href=\"https:\/\/essilorpro.com.co\/instruments\/cs550\/\" class=\"elementor-sub-item\">CS550<\/a><\/li>\n\t<li class=\"menu-item menu-item-type-post_type menu-item-object-page menu-item-6586\"><a href=\"https:\/\/essilorpro.com.co\/instruments\/mph-150\/\" class=\"elementor-sub-item\">MPH 150<\/a><\/li>\n<\/ul>\n<\/li>\n<li class=\"menu-item menu-item-type-custom menu-item-object-custom menu-item-has-children menu-item-6594\"><a href=\"#\" class=\"elementor-item elementor-item-anchor\">L\u00c1MPARAS DE HENDIDURAS<\/a>\n<ul class=\"sub-menu elementor-nav-menu--dropdown\">\n\t<li class=\"menu-item menu-item-type-custom menu-item-object-custom menu-item-8218\"><a href=\"https:\/\/essilorpro.com.co\/instruments\/sl650plus\/\" class=\"elementor-sub-item\">SL650+<\/a><\/li>\n\t<li class=\"menu-item menu-item-type-post_type menu-item-object-page menu-item-6598\"><a href=\"https:\/\/essilorpro.com.co\/instruments\/sl-500\/\" class=\"elementor-sub-item\">SL500<\/a><\/li>\n\t<li class=\"menu-item menu-item-type-post_type menu-item-object-page menu-item-6599\"><a href=\"https:\/\/essilorpro.com.co\/instruments\/sl-450\/\" class=\"elementor-sub-item\">SL450<\/a><\/li>\n\t<li class=\"menu-item menu-item-type-post_type menu-item-object-page menu-item-6600\"><a href=\"https:\/\/essilorpro.com.co\/instruments\/sl400\/\" class=\"elementor-sub-item\">SL400<\/a><\/li>\n\t<li class=\"menu-item menu-item-type-post_type menu-item-object-page menu-item-6601\"><a href=\"https:\/\/essilorpro.com.co\/instruments\/sl350\/\" class=\"elementor-sub-item\">Sl350<\/a><\/li>\n\t<li class=\"menu-item menu-item-type-post_type menu-item-object-page menu-item-6602\"><a href=\"https:\/\/essilorpro.com.co\/instruments\/sl300-sl350\/\" class=\"elementor-sub-item\">Sl300-SL350<\/a><\/li>\n<\/ul>\n<\/li>\n<li class=\"menu-item menu-item-type-custom menu-item-object-custom menu-item-has-children menu-item-6603\"><a href=\"#\" class=\"elementor-item elementor-item-anchor\">LENS\u00d3METRO<\/a>\n<ul class=\"sub-menu elementor-nav-menu--dropdown\">\n\t<li class=\"menu-item menu-item-type-post_type menu-item-object-page menu-item-6611\"><a href=\"https:\/\/essilorpro.com.co\/instruments\/alm-800\/\" class=\"elementor-sub-item\">ALM 800<\/a><\/li>\n\t<li class=\"menu-item menu-item-type-post_type menu-item-object-page menu-item-6606\"><a href=\"https:\/\/essilorpro.com.co\/instruments\/alm-700\/\" class=\"elementor-sub-item\">ALM 700<\/a><\/li>\n\t<li class=\"menu-item menu-item-type-post_type menu-item-object-page menu-item-6605\"><a href=\"https:\/\/essilorpro.com.co\/instruments\/alm-500\/\" class=\"elementor-sub-item\">ALM 500<\/a><\/li>\n<\/ul>\n<\/li>\n<li class=\"menu-item menu-item-type-custom menu-item-object-custom menu-item-has-children menu-item-6607\"><a href=\"#\" class=\"elementor-item elementor-item-anchor\">AUTOQUERATORE FRACTOMETROS<\/a>\n<ul class=\"sub-menu elementor-nav-menu--dropdown\">\n\t<li class=\"menu-item menu-item-type-post_type menu-item-object-page menu-item-6610\"><a href=\"https:\/\/essilorpro.com.co\/instruments\/alm-800\/\" class=\"elementor-sub-item\">ALM 800<\/a><\/li>\n\t<li class=\"menu-item menu-item-type-post_type menu-item-object-page menu-item-6609\"><a href=\"https:\/\/essilorpro.com.co\/instruments\/akr-550\/\" class=\"elementor-sub-item\">AKR 550<\/a><\/li>\n\t<li class=\"menu-item menu-item-type-post_type menu-item-object-page menu-item-6608\"><a href=\"https:\/\/essilorpro.com.co\/instruments\/akr-300\/\" class=\"elementor-sub-item\">AKR 300<\/a><\/li>\n<\/ul>\n<\/li>\n<\/ul>\t\t\t<\/nav>\n\t\t\t\t\t<div class=\"elementor-menu-toggle\" role=\"button\" tabindex=\"0\" aria-label=\"Alternar men\u00fa\" aria-expanded=\"false\">\n\t\t\t<svg aria-hidden=\"true\" role=\"presentation\" class=\"elementor-menu-toggle__icon--open e-font-icon-svg e-eicon-menu-bar\" viewBox=\"0 0 1000 1000\" xmlns=\"http:\/\/www.w3.org\/2000\/svg\"><path d=\"M104 333H896C929 333 958 304 958 271S929 208 896 208H104C71 208 42 237 42 271S71 333 104 333ZM104 583H896C929 583 958 554 958 521S929 458 896 458H104C71 458 42 487 42 521S71 583 104 583ZM104 833H896C929 833 958 804 958 771S929 708 896 708H104C71 708 42 737 42 771S71 833 104 833Z\"><\/path><\/svg><svg aria-hidden=\"true\" role=\"presentation\" class=\"elementor-menu-toggle__icon--close e-font-icon-svg e-eicon-close\" viewBox=\"0 0 1000 1000\" xmlns=\"http:\/\/www.w3.org\/2000\/svg\"><path d=\"M742 167L500 408 258 167C246 154 233 150 217 150 196 150 179 158 167 167 154 179 150 196 150 212 150 229 154 242 171 254L408 500 167 742C138 771 138 800 167 829 196 858 225 858 254 829L496 587 738 829C750 842 767 846 783 846 800 846 817 842 829 829 842 817 846 804 846 783 846 767 842 750 829 737L588 500 833 258C863 229 863 200 833 171 804 137 775 137 742 167Z\"><\/path><\/svg>\t\t<\/div>\n\t\t\t\t\t<nav class=\"elementor-nav-menu--dropdown elementor-nav-menu__container\" aria-hidden=\"true\">\n\t\t\t\t<ul id=\"menu-2-16d5ce3e\" class=\"elementor-nav-menu sm-vertical\"><li class=\"menu-item menu-item-type-custom menu-item-object-custom menu-item-has-children menu-item-6577\"><a href=\"#\" class=\"elementor-item elementor-item-anchor\" tabindex=\"-1\">FOR\u00d3PTER Y PANTALLAS<\/a>\n<ul class=\"sub-menu elementor-nav-menu--dropdown\">\n\t<li class=\"menu-item menu-item-type-post_type menu-item-object-page menu-item-6579\"><a href=\"https:\/\/essilorpro.com.co\/instruments\/vision-air-r800\/\" class=\"elementor-sub-item\" tabindex=\"-1\">VISION-R 800<\/a><\/li>\n\t<li class=\"menu-item menu-item-type-post_type menu-item-object-page menu-item-6580\"><a href=\"https:\/\/essilorpro.com.co\/instruments\/vision-r-700\/\" class=\"elementor-sub-item\" tabindex=\"-1\">VISION-R 700<\/a><\/li>\n\t<li class=\"menu-item menu-item-type-post_type menu-item-object-page menu-item-6581\"><a href=\"https:\/\/essilorpro.com.co\/instruments\/vision-s-700\/\" class=\"elementor-sub-item\" tabindex=\"-1\">VISION-S 700<\/a><\/li>\n\t<li class=\"menu-item menu-item-type-post_type menu-item-object-page menu-item-8120\"><a href=\"https:\/\/essilorpro.com.co\/instruments\/vision-c-600\/\" class=\"elementor-sub-item\" tabindex=\"-1\">VISION-C 600<\/a><\/li>\n\t<li class=\"menu-item menu-item-type-post_type menu-item-object-page menu-item-8121\"><a href=\"https:\/\/essilorpro.com.co\/instruments\/cs-pola-600\/\" class=\"elementor-sub-item\" tabindex=\"-1\">CS POLA 600<\/a><\/li>\n\t<li class=\"menu-item menu-item-type-post_type menu-item-object-page menu-item-6583\"><a href=\"https:\/\/essilorpro.com.co\/instruments\/aph-550\/\" class=\"elementor-sub-item\" tabindex=\"-1\">APH 550<\/a><\/li>\n\t<li class=\"menu-item menu-item-type-post_type menu-item-object-page menu-item-6585\"><a href=\"https:\/\/essilorpro.com.co\/instruments\/cs550\/\" class=\"elementor-sub-item\" tabindex=\"-1\">CS550<\/a><\/li>\n\t<li class=\"menu-item menu-item-type-post_type menu-item-object-page menu-item-6586\"><a href=\"https:\/\/essilorpro.com.co\/instruments\/mph-150\/\" class=\"elementor-sub-item\" tabindex=\"-1\">MPH 150<\/a><\/li>\n<\/ul>\n<\/li>\n<li class=\"menu-item menu-item-type-custom menu-item-object-custom menu-item-has-children menu-item-6594\"><a href=\"#\" class=\"elementor-item elementor-item-anchor\" tabindex=\"-1\">L\u00c1MPARAS DE HENDIDURAS<\/a>\n<ul class=\"sub-menu elementor-nav-menu--dropdown\">\n\t<li class=\"menu-item menu-item-type-custom menu-item-object-custom menu-item-8218\"><a href=\"https:\/\/essilorpro.com.co\/instruments\/sl650plus\/\" class=\"elementor-sub-item\" tabindex=\"-1\">SL650+<\/a><\/li>\n\t<li class=\"menu-item menu-item-type-post_type menu-item-object-page menu-item-6598\"><a href=\"https:\/\/essilorpro.com.co\/instruments\/sl-500\/\" class=\"elementor-sub-item\" tabindex=\"-1\">SL500<\/a><\/li>\n\t<li class=\"menu-item menu-item-type-post_type menu-item-object-page menu-item-6599\"><a href=\"https:\/\/essilorpro.com.co\/instruments\/sl-450\/\" class=\"elementor-sub-item\" tabindex=\"-1\">SL450<\/a><\/li>\n\t<li class=\"menu-item menu-item-type-post_type menu-item-object-page menu-item-6600\"><a href=\"https:\/\/essilorpro.com.co\/instruments\/sl400\/\" class=\"elementor-sub-item\" tabindex=\"-1\">SL400<\/a><\/li>\n\t<li class=\"menu-item menu-item-type-post_type menu-item-object-page menu-item-6601\"><a href=\"https:\/\/essilorpro.com.co\/instruments\/sl350\/\" class=\"elementor-sub-item\" tabindex=\"-1\">Sl350<\/a><\/li>\n\t<li class=\"menu-item menu-item-type-post_type menu-item-object-page menu-item-6602\"><a href=\"https:\/\/essilorpro.com.co\/instruments\/sl300-sl350\/\" class=\"elementor-sub-item\" tabindex=\"-1\">Sl300-SL350<\/a><\/li>\n<\/ul>\n<\/li>\n<li class=\"menu-item menu-item-type-custom menu-item-object-custom menu-item-has-children menu-item-6603\"><a href=\"#\" class=\"elementor-item elementor-item-anchor\" tabindex=\"-1\">LENS\u00d3METRO<\/a>\n<ul class=\"sub-menu elementor-nav-menu--dropdown\">\n\t<li class=\"menu-item menu-item-type-post_type menu-item-object-page menu-item-6611\"><a href=\"https:\/\/essilorpro.com.co\/instruments\/alm-800\/\" class=\"elementor-sub-item\" tabindex=\"-1\">ALM 800<\/a><\/li>\n\t<li class=\"menu-item menu-item-type-post_type menu-item-object-page menu-item-6606\"><a href=\"https:\/\/essilorpro.com.co\/instruments\/alm-700\/\" class=\"elementor-sub-item\" tabindex=\"-1\">ALM 700<\/a><\/li>\n\t<li class=\"menu-item menu-item-type-post_type menu-item-object-page menu-item-6605\"><a href=\"https:\/\/essilorpro.com.co\/instruments\/alm-500\/\" class=\"elementor-sub-item\" tabindex=\"-1\">ALM 500<\/a><\/li>\n<\/ul>\n<\/li>\n<li class=\"menu-item menu-item-type-custom menu-item-object-custom menu-item-has-children menu-item-6607\"><a href=\"#\" class=\"elementor-item elementor-item-anchor\" tabindex=\"-1\">AUTOQUERATORE FRACTOMETROS<\/a>\n<ul class=\"sub-menu elementor-nav-menu--dropdown\">\n\t<li class=\"menu-item menu-item-type-post_type menu-item-object-page menu-item-6610\"><a href=\"https:\/\/essilorpro.com.co\/instruments\/alm-800\/\" class=\"elementor-sub-item\" tabindex=\"-1\">ALM 800<\/a><\/li>\n\t<li class=\"menu-item menu-item-type-post_type menu-item-object-page menu-item-6609\"><a href=\"https:\/\/essilorpro.com.co\/instruments\/akr-550\/\" class=\"elementor-sub-item\" tabindex=\"-1\">AKR 550<\/a><\/li>\n\t<li class=\"menu-item menu-item-type-post_type menu-item-object-page menu-item-6608\"><a href=\"https:\/\/essilorpro.com.co\/instruments\/akr-300\/\" class=\"elementor-sub-item\" tabindex=\"-1\">AKR 300<\/a><\/li>\n<\/ul>\n<\/li>\n<\/ul>\t\t\t<\/nav>\n\t\t\t\t\t\t<\/div>\n\t\t\t\t<\/div>\n\t\t\t\t<\/div>\n\t\t\t\t\t<\/div>\n\t\t\t\t<\/div>\n\t\t\t\t<\/div>\n\t\t","protected":false},"excerpt":{"rendered":"<p>Instrumentos \/ CONSULTORIOS FOR\u00d3PTEROS FOR\u00d3PTERO MANUAL, UNA SOLUCI\u00d3N EFICIENTE PARA SU SALA DE REFRACCI\u00d3N. AMPLIO RANGO DE LENTES Y FILTROS QUEGARANTIZAN REFRACCIONES DE CALIDAD ENVISI\u00d3N DE LEJOS Y DE CERCA. MECANISMO DE INCLINACI\u00d3N QUE PERMITE F\u00c1CILCONVERGENCIA DE EJES \u00d3PTICOS PARAEX\u00c1MENES DE VISI\u00d3N DE CERCA. DISE\u00d1O MEC\u00c1NICO FLEXIBLE Y DE ALTA CALIDAD CAMBIO R\u00c1PIDO DE LOS LENTES A TRAV\u00c9SDE UN BOT\u00d3N CON IMPULSORES AUTOM\u00c1TICOSDE LOS DISCOS. Descargar CONSULTORIOS CONSULTORIOS CONSULTORIOS<\/p>\n","protected":false},"author":4,"featured_media":0,"parent":0,"menu_order":0,"comment_status":"closed","ping_status":"closed","template":"","meta":{"footnotes":""},"class_list":["post-5629","page","type-page","status-publish","hentry"],"_links":{"self":[{"href":"https:\/\/essilorpro.com.co\/instruments\/wp-json\/wp\/v2\/pages\/5629","targetHints":{"allow":["GET"]}}],"collection":[{"href":"https:\/\/essilorpro.com.co\/instruments\/wp-json\/wp\/v2\/pages"}],"about":[{"href":"https:\/\/essilorpro.com.co\/instruments\/wp-json\/wp\/v2\/types\/page"}],"author":[{"embeddable":true,"href":"https:\/\/essilorpro.com.co\/instruments\/wp-json\/wp\/v2\/users\/4"}],"replies":[{"embeddable":true,"href":"https:\/\/essilorpro.com.co\/instruments\/wp-json\/wp\/v2\/comments?post=5629"}],"version-history":[{"count":23,"href":"https:\/\/essilorpro.com.co\/instruments\/wp-json\/wp\/v2\/pages\/5629\/revisions"}],"predecessor-version":[{"id":8094,"href":"https:\/\/essilorpro.com.co\/instruments\/wp-json\/wp\/v2\/pages\/5629\/revisions\/8094"}],"wp:attachment":[{"href":"https:\/\/essilorpro.com.co\/instruments\/wp-json\/wp\/v2\/media?parent=5629"}],"curies":[{"name":"wp","href":"https:\/\/api.w.org\/{rel}","templated":true}]}}