{"id":5476,"date":"2024-02-16T20:52:27","date_gmt":"2024-02-16T15:52:27","guid":{"rendered":"https:\/\/essilorpro.com.co\/instruments\/?page_id=5476"},"modified":"2024-11-05T21:40:31","modified_gmt":"2024-11-05T16:40:31","slug":"cs550","status":"publish","type":"page","link":"https:\/\/essilorpro.com.co\/instruments\/cs550\/","title":{"rendered":"CS550"},"content":{"rendered":"\t\t<div data-elementor-type=\"wp-page\" data-elementor-id=\"5476\" class=\"elementor elementor-5476\" data-elementor-post-type=\"page\">\n\t\t\t\t<div class=\"elementor-element elementor-element-21fa9f2f e-flex e-con-boxed wpr-particle-no wpr-jarallax-no wpr-parallax-no wpr-sticky-section-no wpr-equal-height-no e-con e-parent\" data-id=\"21fa9f2f\" data-element_type=\"container\" data-e-type=\"container\">\n\t\t\t\t\t<div class=\"e-con-inner\">\n\t\t\t\t<div class=\"elementor-element elementor-element-37701eee elementor-widget elementor-widget-text-editor\" data-id=\"37701eee\" data-element_type=\"widget\" data-e-type=\"widget\" data-widget_type=\"text-editor.default\">\n\t\t\t\t<div class=\"elementor-widget-container\">\n\t\t\t\t\t\t\t\t\t<p>Instrumentos \/ CONSULTORIOS<\/p>\t\t\t\t\t\t\t\t<\/div>\n\t\t\t\t<\/div>\n\t\t\t\t\t<\/div>\n\t\t\t\t<\/div>\n\t\t\t\t<section class=\"elementor-section elementor-top-section elementor-element elementor-element-62154876 elementor-section-boxed elementor-section-height-default elementor-section-height-default wpr-particle-no wpr-jarallax-no wpr-parallax-no wpr-sticky-section-no wpr-equal-height-no\" data-id=\"62154876\" data-element_type=\"section\" data-e-type=\"section\">\n\t\t\t\t\t\t<div class=\"elementor-container elementor-column-gap-default\">\n\t\t\t\t\t<div class=\"elementor-column elementor-col-50 elementor-top-column elementor-element elementor-element-5cc1cfe8\" data-id=\"5cc1cfe8\" data-element_type=\"column\" data-e-type=\"column\">\n\t\t\t<div class=\"elementor-widget-wrap elementor-element-populated\">\n\t\t\t\t\t\t<div class=\"elementor-element elementor-element-70911f1f elementor-widget elementor-widget-image\" data-id=\"70911f1f\" data-element_type=\"widget\" data-e-type=\"widget\" data-widget_type=\"image.default\">\n\t\t\t\t<div class=\"elementor-widget-container\">\n\t\t\t\t\t\t\t\t\t\t\t\t\t\t\t<img fetchpriority=\"high\" decoding=\"async\" width=\"640\" height=\"566\" src=\"https:\/\/essilorpro.com.co\/instruments\/wp-content\/uploads\/2024\/02\/Sin-titulo-8-640x566.png\" class=\"attachment-medium size-medium wp-image-5545\" alt=\"\" srcset=\"https:\/\/essilorpro.com.co\/instruments\/wp-content\/uploads\/2024\/02\/Sin-titulo-8-640x566.png 640w, https:\/\/essilorpro.com.co\/instruments\/wp-content\/uploads\/2024\/02\/Sin-titulo-8-320x283.png 320w, https:\/\/essilorpro.com.co\/instruments\/wp-content\/uploads\/2024\/02\/Sin-titulo-8.png 704w\" sizes=\"(max-width: 640px) 100vw, 640px\" \/>\t\t\t\t\t\t\t\t\t\t\t\t\t\t\t<\/div>\n\t\t\t\t<\/div>\n\t\t\t\t<div class=\"elementor-element elementor-element-dac6339 elementor-pagination-position-inside elementor-widget elementor-widget-image-carousel\" data-id=\"dac6339\" data-element_type=\"widget\" data-e-type=\"widget\" data-settings=\"{&quot;slides_to_show&quot;:&quot;2&quot;,&quot;navigation&quot;:&quot;dots&quot;,&quot;slides_to_scroll&quot;:&quot;2&quot;,&quot;autoplay&quot;:&quot;yes&quot;,&quot;pause_on_hover&quot;:&quot;yes&quot;,&quot;autoplay_speed&quot;:5000,&quot;speed&quot;:500}\" data-widget_type=\"image-carousel.default\">\n\t\t\t\t<div class=\"elementor-widget-container\">\n\t\t\t\t\t\t\t<div class=\"elementor-image-carousel-wrapper swiper\" role=\"region\" aria-roledescription=\"carousel\" aria-label=\"Carrusel de im\u00e1genes\" dir=\"ltr\">\n\t\t\t<div class=\"elementor-image-carousel swiper-wrapper\" aria-live=\"off\">\n\t\t\t\t\t\t\t\t<div class=\"swiper-slide\" role=\"group\" aria-roledescription=\"slide\" aria-label=\"1 de 2\"><figure class=\"swiper-slide-inner\"><img decoding=\"async\" class=\"swiper-slide-image\" src=\"https:\/\/essilorpro.com.co\/instruments\/wp-content\/uploads\/2024\/07\/pixelcut-export-1-640x518.png\" alt=\"pixelcut-export (1)\" \/><\/figure><\/div><div class=\"swiper-slide\" role=\"group\" aria-roledescription=\"slide\" aria-label=\"2 de 2\"><figure class=\"swiper-slide-inner\"><img decoding=\"async\" class=\"swiper-slide-image\" src=\"https:\/\/essilorpro.com.co\/instruments\/wp-content\/uploads\/2024\/08\/pixelcut-export-9-Photoroom-1-395x640.png\" alt=\"pixelcut-export (9)-Photoroom (1)\" \/><\/figure><\/div>\t\t\t<\/div>\n\t\t\t\t\t\t\t\n\t\t\t\t\t\t\t\t\t<div class=\"swiper-pagination\"><\/div>\n\t\t\t\t\t\t\t\t\t<\/div>\n\t\t\t\t\t\t<\/div>\n\t\t\t\t<\/div>\n\t\t\t\t\t<\/div>\n\t\t<\/div>\n\t\t\t\t<div class=\"elementor-column elementor-col-50 elementor-top-column elementor-element elementor-element-e661f28\" data-id=\"e661f28\" data-element_type=\"column\" data-e-type=\"column\">\n\t\t\t<div class=\"elementor-widget-wrap elementor-element-populated\">\n\t\t\t\t\t\t<div class=\"elementor-element elementor-element-7959feae elementor-position-top elementor-widget elementor-widget-image-box\" data-id=\"7959feae\" data-element_type=\"widget\" data-e-type=\"widget\" data-widget_type=\"image-box.default\">\n\t\t\t\t<div class=\"elementor-widget-container\">\n\t\t\t\t\t<div class=\"elementor-image-box-wrapper\"><figure class=\"elementor-image-box-img\"><img decoding=\"async\" width=\"284\" height=\"135\" src=\"https:\/\/essilorpro.com.co\/instruments\/wp-content\/uploads\/2024\/02\/Sin-titulo-8-03.png\" class=\"attachment-full size-full wp-image-5544\" alt=\"\" \/><\/figure><\/div>\t\t\t\t<\/div>\n\t\t\t\t<\/div>\n\t\t\t\t<div class=\"elementor-element elementor-element-297fa3d6 elementor-widget elementor-widget-text-editor\" data-id=\"297fa3d6\" data-element_type=\"widget\" data-e-type=\"widget\" data-widget_type=\"text-editor.default\">\n\t\t\t\t<div class=\"elementor-widget-container\">\n\t\t\t\t\t\t\t\t\t<p>CS 550 es un sistema autom\u00e1tico de agudeza visual, de tipo aut\u00f3nomo, que exhibe una amplia gama de optotipos, en un panel LCD, incluido el rojo\/verde para la optometr\u00eda del ojo.<\/p>\n<p>La rotaci\u00f3n del optotipo se puede realizar mediante control remoto con cable o inal\u00e1mbrico o mediante dispositivos externos a trav\u00e9s de una caja de control del for\u00f3ptero digital. En el panel LCD y el producto se puede ajustar al nivel de los pacientes para un examen m\u00e1s preciso.<\/p>\t\t\t\t\t\t\t\t<\/div>\n\t\t\t\t<\/div>\n\t\t\t\t<div class=\"elementor-element elementor-element-e823775 elementor-align-center elementor-widget elementor-widget-button\" data-id=\"e823775\" data-element_type=\"widget\" data-e-type=\"widget\" data-widget_type=\"button.default\">\n\t\t\t\t<div class=\"elementor-widget-container\">\n\t\t\t\t\t\t\t\t\t<div class=\"elementor-button-wrapper\">\n\t\t\t\t\t<a class=\"elementor-button elementor-button-link elementor-size-sm\" href=\"https:\/\/essilorpro.com.co\/instruments\/wp-content\/uploads\/2024\/09\/CS550-pantalla-1.pdf\">\n\t\t\t\t\t\t<span class=\"elementor-button-content-wrapper\">\n\t\t\t\t\t\t\t\t\t<span class=\"elementor-button-text\">Descargar<\/span>\n\t\t\t\t\t<\/span>\n\t\t\t\t\t<\/a>\n\t\t\t\t<\/div>\n\t\t\t\t\t\t\t\t<\/div>\n\t\t\t\t<\/div>\n\t\t\t\t\t<\/div>\n\t\t<\/div>\n\t\t\t\t\t<\/div>\n\t\t<\/section>\n\t\t<div class=\"elementor-element elementor-element-5efd8aa8 e-flex e-con-boxed wpr-particle-no wpr-jarallax-no wpr-parallax-no wpr-sticky-section-no wpr-equal-height-no e-con e-parent\" data-id=\"5efd8aa8\" data-element_type=\"container\" data-e-type=\"container\">\n\t\t\t\t\t<div class=\"e-con-inner\">\n\t\t\t\t\t<\/div>\n\t\t\t\t<\/div>\n\t\t\t\t<section class=\"elementor-section elementor-top-section elementor-element elementor-element-6ed52b16 elementor-section-boxed elementor-section-height-default elementor-section-height-default wpr-particle-no wpr-jarallax-no wpr-parallax-no wpr-sticky-section-no wpr-equal-height-no\" data-id=\"6ed52b16\" data-element_type=\"section\" data-e-type=\"section\">\n\t\t\t\t\t\t<div class=\"elementor-container elementor-column-gap-default\">\n\t\t\t\t\t<div class=\"elementor-column elementor-col-100 elementor-top-column elementor-element elementor-element-460b8138\" data-id=\"460b8138\" data-element_type=\"column\" data-e-type=\"column\">\n\t\t\t<div class=\"elementor-widget-wrap elementor-element-populated\">\n\t\t\t\t\t\t<div class=\"elementor-element elementor-element-12a0b4d2 elementor-widget elementor-widget-text-editor\" data-id=\"12a0b4d2\" data-element_type=\"widget\" data-e-type=\"widget\" data-widget_type=\"text-editor.default\">\n\t\t\t\t<div class=\"elementor-widget-container\">\n\t\t\t\t\t\t\t\t\t<p>CONSULTORIOS<\/p>\t\t\t\t\t\t\t\t<\/div>\n\t\t\t\t<\/div>\n\t\t\t\t\t<\/div>\n\t\t<\/div>\n\t\t\t\t\t<\/div>\n\t\t<\/section>\n\t\t<div class=\"elementor-element elementor-element-72033cb6 e-flex e-con-boxed wpr-particle-no wpr-jarallax-no wpr-parallax-no wpr-sticky-section-no wpr-equal-height-no e-con e-parent\" data-id=\"72033cb6\" data-element_type=\"container\" data-e-type=\"container\">\n\t\t\t\t\t<div class=\"e-con-inner\">\n\t\t\t\t<div class=\"elementor-element elementor-element-142041b8 elementor-widget-divider--view-line elementor-widget elementor-widget-divider\" data-id=\"142041b8\" data-element_type=\"widget\" data-e-type=\"widget\" data-widget_type=\"divider.default\">\n\t\t\t\t<div class=\"elementor-widget-container\">\n\t\t\t\t\t\t\t<div class=\"elementor-divider\">\n\t\t\t<span class=\"elementor-divider-separator\">\n\t\t\t\t\t\t<\/span>\n\t\t<\/div>\n\t\t\t\t\t\t<\/div>\n\t\t\t\t<\/div>\n\t\t\t\t\t<\/div>\n\t\t\t\t<\/div>\n\t\t<div class=\"elementor-element elementor-element-504c781e e-flex e-con-boxed wpr-particle-no wpr-jarallax-no wpr-parallax-no wpr-sticky-section-no wpr-equal-height-no e-con e-parent\" data-id=\"504c781e\" data-element_type=\"container\" data-e-type=\"container\">\n\t\t\t\t\t<div class=\"e-con-inner\">\n\t\t<div class=\"elementor-element elementor-element-174afd26 e-con-full e-flex wpr-particle-no wpr-jarallax-no wpr-parallax-no wpr-sticky-section-no wpr-equal-height-no e-con e-child\" data-id=\"174afd26\" data-element_type=\"container\" data-e-type=\"container\">\n\t\t\t\t<div class=\"elementor-element elementor-element-2ed908d0 wpr-flip-box-animation-flip wpr-flip-box-animation-3d-yes wpr-flip-box-anim-direction-right wpr-flip-box-front-align-center wpr-flip-box-back-align-center elementor-widget elementor-widget-wpr-flip-box\" data-id=\"2ed908d0\" data-element_type=\"widget\" data-e-type=\"widget\" data-widget_type=\"wpr-flip-box.default\">\n\t\t\t\t<div class=\"elementor-widget-container\">\n\t\t\t\t\t\t\t\t\n\t\t<div class=\"wpr-flip-box\" data-trigger=\"hover\">\n\t\t\t\n\t\t\t<div class=\"wpr-flip-box-item wpr-flip-box-front wpr-anim-timing-ease-default\">\n\n\t\t\t\t<div class=\"wpr-flip-box-overlay\"><\/div>\n\n\t\t\t\t<div class=\"wpr-flip-box-content\">\n\t\t\t\t\t\n\t\t\t\t\t\t\t\t\t\t\n\t\t\t\t\t\n\t\t\t\t\t\t\t\t\t\t\t<div class=\"wpr-flip-box-description\"><p><img decoding=\"async\" class=\"wp-image-5364 aligncenter\" src=\"https:\/\/essilorpro.com.co\/instruments\/wp-content\/uploads\/2024\/02\/xr-1@2x-304x640.png\" alt=\"\" width=\"145\" height=\"305\" srcset=\"https:\/\/essilorpro.com.co\/instruments\/wp-content\/uploads\/2024\/02\/xr-1@2x-304x640.png 304w, https:\/\/essilorpro.com.co\/instruments\/wp-content\/uploads\/2024\/02\/xr-1@2x-152x320.png 152w, https:\/\/essilorpro.com.co\/instruments\/wp-content\/uploads\/2024\/02\/xr-1@2x.png 456w\" sizes=\"(max-width: 145px) 100vw, 145px\" \/>CONSULTORIOS<\/p><\/div>\t\t\t\t\t\t\n\t\t\t\t\t\t\n\n\t\t\t\t\t\t\n\n\t\t\t\t<\/div>\n\t\t\t<\/div>\n\n\t\t\t<div class=\"wpr-flip-box-item wpr-flip-box-back wpr-anim-timing-ease-default\">\n\n\t\t\t\t<div class=\"wpr-flip-box-overlay\"><\/div>\n\t\t\t\t\n\t\t\t\t<div class=\"wpr-flip-box-content\">\n\t\t\t\t\t\n\t\t\t\t\t\t\t\t\t\t<a class=\"wpr-flip-box-link\" ><\/a>\t\n\t\t\t\t\t\n\t\t\t\t\t\t\t\t\t\t\n\t\t\t\t\t\t\t\t\t\t\t<h3 class=\"wpr-flip-box-title\">\n\t\t\t\t\t\t\tCONSULTORIOS\t\t\t\t\t\t<\/h3>\n\t\t\t\t\t\n\t\t\t\t\t\t\n\n\t\t\t\t\t\t\n\n\t\t\t\t<\/div>\n\t\t\t<\/div>\n\t\t<\/div>\n\n\t\t\t\t\t\t<\/div>\n\t\t\t\t<\/div>\n\t\t\t\t<\/div>\n\t\t<div class=\"elementor-element elementor-element-7587bceb e-con-full e-flex wpr-particle-no wpr-jarallax-no wpr-parallax-no wpr-sticky-section-no wpr-equal-height-no e-con e-child\" data-id=\"7587bceb\" data-element_type=\"container\" data-e-type=\"container\">\n\t\t\t\t<div class=\"elementor-element elementor-element-207dba0f elementor-nav-menu--dropdown-tablet elementor-nav-menu__text-align-aside elementor-nav-menu--toggle elementor-nav-menu--burger elementor-widget elementor-widget-nav-menu\" data-id=\"207dba0f\" data-element_type=\"widget\" data-e-type=\"widget\" data-settings=\"{&quot;layout&quot;:&quot;vertical&quot;,&quot;submenu_icon&quot;:{&quot;value&quot;:&quot;&lt;svg aria-hidden=\\&quot;true\\&quot; class=\\&quot;e-font-icon-svg e-fas-caret-down\\&quot; viewBox=\\&quot;0 0 320 512\\&quot; xmlns=\\&quot;http:\\\/\\\/www.w3.org\\\/2000\\\/svg\\&quot;&gt;&lt;path d=\\&quot;M31.3 192h257.3c17.8 0 26.7 21.5 14.1 34.1L174.1 354.8c-7.8 7.8-20.5 7.8-28.3 0L17.2 226.1C4.6 213.5 13.5 192 31.3 192z\\&quot;&gt;&lt;\\\/path&gt;&lt;\\\/svg&gt;&quot;,&quot;library&quot;:&quot;fa-solid&quot;},&quot;toggle&quot;:&quot;burger&quot;}\" data-widget_type=\"nav-menu.default\">\n\t\t\t\t<div class=\"elementor-widget-container\">\n\t\t\t\t\t\t\t\t<nav aria-label=\"Men\u00fa\" class=\"elementor-nav-menu--main elementor-nav-menu__container elementor-nav-menu--layout-vertical e--pointer-underline e--animation-fade\">\n\t\t\t\t<ul id=\"menu-1-207dba0f\" class=\"elementor-nav-menu sm-vertical\"><li class=\"menu-item menu-item-type-custom menu-item-object-custom menu-item-has-children menu-item-6577\"><a href=\"#\" class=\"elementor-item elementor-item-anchor\">FOR\u00d3PTER Y PANTALLAS<\/a>\n<ul class=\"sub-menu elementor-nav-menu--dropdown\">\n\t<li class=\"menu-item menu-item-type-post_type menu-item-object-page menu-item-6579\"><a href=\"https:\/\/essilorpro.com.co\/instruments\/vision-air-r800\/\" class=\"elementor-sub-item\">VISION-R 800<\/a><\/li>\n\t<li class=\"menu-item menu-item-type-post_type menu-item-object-page menu-item-6580\"><a href=\"https:\/\/essilorpro.com.co\/instruments\/vision-r-700\/\" class=\"elementor-sub-item\">VISION-R 700<\/a><\/li>\n\t<li class=\"menu-item menu-item-type-post_type menu-item-object-page menu-item-6581\"><a href=\"https:\/\/essilorpro.com.co\/instruments\/vision-s-700\/\" class=\"elementor-sub-item\">VISION-S 700<\/a><\/li>\n\t<li class=\"menu-item menu-item-type-post_type menu-item-object-page menu-item-8120\"><a href=\"https:\/\/essilorpro.com.co\/instruments\/vision-c-600\/\" class=\"elementor-sub-item\">VISION-C 600<\/a><\/li>\n\t<li class=\"menu-item menu-item-type-post_type menu-item-object-page menu-item-8121\"><a href=\"https:\/\/essilorpro.com.co\/instruments\/cs-pola-600\/\" class=\"elementor-sub-item\">CS POLA 600<\/a><\/li>\n\t<li class=\"menu-item menu-item-type-post_type menu-item-object-page menu-item-6583\"><a href=\"https:\/\/essilorpro.com.co\/instruments\/aph-550\/\" class=\"elementor-sub-item\">APH 550<\/a><\/li>\n\t<li class=\"menu-item menu-item-type-post_type menu-item-object-page menu-item-6585\"><a href=\"https:\/\/essilorpro.com.co\/instruments\/cs550\/\" class=\"elementor-sub-item\">CS550<\/a><\/li>\n\t<li class=\"menu-item menu-item-type-post_type menu-item-object-page menu-item-6586\"><a href=\"https:\/\/essilorpro.com.co\/instruments\/mph-150\/\" class=\"elementor-sub-item\">MPH 150<\/a><\/li>\n<\/ul>\n<\/li>\n<li class=\"menu-item menu-item-type-custom menu-item-object-custom menu-item-has-children menu-item-6594\"><a href=\"#\" class=\"elementor-item elementor-item-anchor\">L\u00c1MPARAS DE HENDIDURAS<\/a>\n<ul class=\"sub-menu elementor-nav-menu--dropdown\">\n\t<li class=\"menu-item menu-item-type-custom menu-item-object-custom menu-item-8218\"><a href=\"https:\/\/essilorpro.com.co\/instruments\/sl650plus\/\" class=\"elementor-sub-item\">SL650+<\/a><\/li>\n\t<li class=\"menu-item menu-item-type-post_type menu-item-object-page menu-item-6598\"><a href=\"https:\/\/essilorpro.com.co\/instruments\/sl-500\/\" class=\"elementor-sub-item\">SL500<\/a><\/li>\n\t<li class=\"menu-item menu-item-type-post_type menu-item-object-page menu-item-6599\"><a href=\"https:\/\/essilorpro.com.co\/instruments\/sl-450\/\" class=\"elementor-sub-item\">SL450<\/a><\/li>\n\t<li class=\"menu-item menu-item-type-post_type menu-item-object-page menu-item-6600\"><a href=\"https:\/\/essilorpro.com.co\/instruments\/sl400\/\" class=\"elementor-sub-item\">SL400<\/a><\/li>\n\t<li class=\"menu-item menu-item-type-post_type menu-item-object-page menu-item-6601\"><a href=\"https:\/\/essilorpro.com.co\/instruments\/sl350\/\" class=\"elementor-sub-item\">Sl350<\/a><\/li>\n\t<li class=\"menu-item menu-item-type-post_type menu-item-object-page menu-item-6602\"><a href=\"https:\/\/essilorpro.com.co\/instruments\/sl300-sl350\/\" class=\"elementor-sub-item\">Sl300-SL350<\/a><\/li>\n<\/ul>\n<\/li>\n<li class=\"menu-item menu-item-type-custom menu-item-object-custom menu-item-has-children menu-item-6603\"><a href=\"#\" class=\"elementor-item elementor-item-anchor\">LENS\u00d3METRO<\/a>\n<ul class=\"sub-menu elementor-nav-menu--dropdown\">\n\t<li class=\"menu-item menu-item-type-post_type menu-item-object-page menu-item-6611\"><a href=\"https:\/\/essilorpro.com.co\/instruments\/alm-800\/\" class=\"elementor-sub-item\">ALM 800<\/a><\/li>\n\t<li class=\"menu-item menu-item-type-post_type menu-item-object-page menu-item-6606\"><a href=\"https:\/\/essilorpro.com.co\/instruments\/alm-700\/\" class=\"elementor-sub-item\">ALM 700<\/a><\/li>\n\t<li class=\"menu-item menu-item-type-post_type menu-item-object-page menu-item-6605\"><a href=\"https:\/\/essilorpro.com.co\/instruments\/alm-500\/\" class=\"elementor-sub-item\">ALM 500<\/a><\/li>\n<\/ul>\n<\/li>\n<li class=\"menu-item menu-item-type-custom menu-item-object-custom menu-item-has-children menu-item-6607\"><a href=\"#\" class=\"elementor-item elementor-item-anchor\">AUTOQUERATORE FRACTOMETROS<\/a>\n<ul class=\"sub-menu elementor-nav-menu--dropdown\">\n\t<li class=\"menu-item menu-item-type-post_type menu-item-object-page menu-item-6610\"><a href=\"https:\/\/essilorpro.com.co\/instruments\/alm-800\/\" class=\"elementor-sub-item\">ALM 800<\/a><\/li>\n\t<li class=\"menu-item menu-item-type-post_type menu-item-object-page menu-item-6609\"><a href=\"https:\/\/essilorpro.com.co\/instruments\/akr-550\/\" class=\"elementor-sub-item\">AKR 550<\/a><\/li>\n\t<li class=\"menu-item menu-item-type-post_type menu-item-object-page menu-item-6608\"><a href=\"https:\/\/essilorpro.com.co\/instruments\/akr-300\/\" class=\"elementor-sub-item\">AKR 300<\/a><\/li>\n<\/ul>\n<\/li>\n<\/ul>\t\t\t<\/nav>\n\t\t\t\t\t<div class=\"elementor-menu-toggle\" role=\"button\" tabindex=\"0\" aria-label=\"Alternar men\u00fa\" aria-expanded=\"false\">\n\t\t\t<svg aria-hidden=\"true\" role=\"presentation\" class=\"elementor-menu-toggle__icon--open e-font-icon-svg e-eicon-menu-bar\" viewBox=\"0 0 1000 1000\" xmlns=\"http:\/\/www.w3.org\/2000\/svg\"><path d=\"M104 333H896C929 333 958 304 958 271S929 208 896 208H104C71 208 42 237 42 271S71 333 104 333ZM104 583H896C929 583 958 554 958 521S929 458 896 458H104C71 458 42 487 42 521S71 583 104 583ZM104 833H896C929 833 958 804 958 771S929 708 896 708H104C71 708 42 737 42 771S71 833 104 833Z\"><\/path><\/svg><svg aria-hidden=\"true\" role=\"presentation\" class=\"elementor-menu-toggle__icon--close e-font-icon-svg e-eicon-close\" viewBox=\"0 0 1000 1000\" xmlns=\"http:\/\/www.w3.org\/2000\/svg\"><path d=\"M742 167L500 408 258 167C246 154 233 150 217 150 196 150 179 158 167 167 154 179 150 196 150 212 150 229 154 242 171 254L408 500 167 742C138 771 138 800 167 829 196 858 225 858 254 829L496 587 738 829C750 842 767 846 783 846 800 846 817 842 829 829 842 817 846 804 846 783 846 767 842 750 829 737L588 500 833 258C863 229 863 200 833 171 804 137 775 137 742 167Z\"><\/path><\/svg>\t\t<\/div>\n\t\t\t\t\t<nav class=\"elementor-nav-menu--dropdown elementor-nav-menu__container\" aria-hidden=\"true\">\n\t\t\t\t<ul id=\"menu-2-207dba0f\" class=\"elementor-nav-menu sm-vertical\"><li class=\"menu-item menu-item-type-custom menu-item-object-custom menu-item-has-children menu-item-6577\"><a href=\"#\" class=\"elementor-item elementor-item-anchor\" tabindex=\"-1\">FOR\u00d3PTER Y PANTALLAS<\/a>\n<ul class=\"sub-menu elementor-nav-menu--dropdown\">\n\t<li class=\"menu-item menu-item-type-post_type menu-item-object-page menu-item-6579\"><a href=\"https:\/\/essilorpro.com.co\/instruments\/vision-air-r800\/\" class=\"elementor-sub-item\" tabindex=\"-1\">VISION-R 800<\/a><\/li>\n\t<li class=\"menu-item menu-item-type-post_type menu-item-object-page menu-item-6580\"><a href=\"https:\/\/essilorpro.com.co\/instruments\/vision-r-700\/\" class=\"elementor-sub-item\" tabindex=\"-1\">VISION-R 700<\/a><\/li>\n\t<li class=\"menu-item menu-item-type-post_type menu-item-object-page menu-item-6581\"><a href=\"https:\/\/essilorpro.com.co\/instruments\/vision-s-700\/\" class=\"elementor-sub-item\" tabindex=\"-1\">VISION-S 700<\/a><\/li>\n\t<li class=\"menu-item menu-item-type-post_type menu-item-object-page menu-item-8120\"><a href=\"https:\/\/essilorpro.com.co\/instruments\/vision-c-600\/\" class=\"elementor-sub-item\" tabindex=\"-1\">VISION-C 600<\/a><\/li>\n\t<li class=\"menu-item menu-item-type-post_type menu-item-object-page menu-item-8121\"><a href=\"https:\/\/essilorpro.com.co\/instruments\/cs-pola-600\/\" class=\"elementor-sub-item\" tabindex=\"-1\">CS POLA 600<\/a><\/li>\n\t<li class=\"menu-item menu-item-type-post_type menu-item-object-page menu-item-6583\"><a href=\"https:\/\/essilorpro.com.co\/instruments\/aph-550\/\" class=\"elementor-sub-item\" tabindex=\"-1\">APH 550<\/a><\/li>\n\t<li class=\"menu-item menu-item-type-post_type menu-item-object-page menu-item-6585\"><a href=\"https:\/\/essilorpro.com.co\/instruments\/cs550\/\" class=\"elementor-sub-item\" tabindex=\"-1\">CS550<\/a><\/li>\n\t<li class=\"menu-item menu-item-type-post_type menu-item-object-page menu-item-6586\"><a href=\"https:\/\/essilorpro.com.co\/instruments\/mph-150\/\" class=\"elementor-sub-item\" tabindex=\"-1\">MPH 150<\/a><\/li>\n<\/ul>\n<\/li>\n<li class=\"menu-item menu-item-type-custom menu-item-object-custom menu-item-has-children menu-item-6594\"><a href=\"#\" class=\"elementor-item elementor-item-anchor\" tabindex=\"-1\">L\u00c1MPARAS DE HENDIDURAS<\/a>\n<ul class=\"sub-menu elementor-nav-menu--dropdown\">\n\t<li class=\"menu-item menu-item-type-custom menu-item-object-custom menu-item-8218\"><a href=\"https:\/\/essilorpro.com.co\/instruments\/sl650plus\/\" class=\"elementor-sub-item\" tabindex=\"-1\">SL650+<\/a><\/li>\n\t<li class=\"menu-item menu-item-type-post_type menu-item-object-page menu-item-6598\"><a href=\"https:\/\/essilorpro.com.co\/instruments\/sl-500\/\" class=\"elementor-sub-item\" tabindex=\"-1\">SL500<\/a><\/li>\n\t<li class=\"menu-item menu-item-type-post_type menu-item-object-page menu-item-6599\"><a href=\"https:\/\/essilorpro.com.co\/instruments\/sl-450\/\" class=\"elementor-sub-item\" tabindex=\"-1\">SL450<\/a><\/li>\n\t<li class=\"menu-item menu-item-type-post_type menu-item-object-page menu-item-6600\"><a href=\"https:\/\/essilorpro.com.co\/instruments\/sl400\/\" class=\"elementor-sub-item\" tabindex=\"-1\">SL400<\/a><\/li>\n\t<li class=\"menu-item menu-item-type-post_type menu-item-object-page menu-item-6601\"><a href=\"https:\/\/essilorpro.com.co\/instruments\/sl350\/\" class=\"elementor-sub-item\" tabindex=\"-1\">Sl350<\/a><\/li>\n\t<li class=\"menu-item menu-item-type-post_type menu-item-object-page menu-item-6602\"><a href=\"https:\/\/essilorpro.com.co\/instruments\/sl300-sl350\/\" class=\"elementor-sub-item\" tabindex=\"-1\">Sl300-SL350<\/a><\/li>\n<\/ul>\n<\/li>\n<li class=\"menu-item menu-item-type-custom menu-item-object-custom menu-item-has-children menu-item-6603\"><a href=\"#\" class=\"elementor-item elementor-item-anchor\" tabindex=\"-1\">LENS\u00d3METRO<\/a>\n<ul class=\"sub-menu elementor-nav-menu--dropdown\">\n\t<li class=\"menu-item menu-item-type-post_type menu-item-object-page menu-item-6611\"><a href=\"https:\/\/essilorpro.com.co\/instruments\/alm-800\/\" class=\"elementor-sub-item\" tabindex=\"-1\">ALM 800<\/a><\/li>\n\t<li class=\"menu-item menu-item-type-post_type menu-item-object-page menu-item-6606\"><a href=\"https:\/\/essilorpro.com.co\/instruments\/alm-700\/\" class=\"elementor-sub-item\" tabindex=\"-1\">ALM 700<\/a><\/li>\n\t<li class=\"menu-item menu-item-type-post_type menu-item-object-page menu-item-6605\"><a href=\"https:\/\/essilorpro.com.co\/instruments\/alm-500\/\" class=\"elementor-sub-item\" tabindex=\"-1\">ALM 500<\/a><\/li>\n<\/ul>\n<\/li>\n<li class=\"menu-item menu-item-type-custom menu-item-object-custom menu-item-has-children menu-item-6607\"><a href=\"#\" class=\"elementor-item elementor-item-anchor\" tabindex=\"-1\">AUTOQUERATORE FRACTOMETROS<\/a>\n<ul class=\"sub-menu elementor-nav-menu--dropdown\">\n\t<li class=\"menu-item menu-item-type-post_type menu-item-object-page menu-item-6610\"><a href=\"https:\/\/essilorpro.com.co\/instruments\/alm-800\/\" class=\"elementor-sub-item\" tabindex=\"-1\">ALM 800<\/a><\/li>\n\t<li class=\"menu-item menu-item-type-post_type menu-item-object-page menu-item-6609\"><a href=\"https:\/\/essilorpro.com.co\/instruments\/akr-550\/\" class=\"elementor-sub-item\" tabindex=\"-1\">AKR 550<\/a><\/li>\n\t<li class=\"menu-item menu-item-type-post_type menu-item-object-page menu-item-6608\"><a href=\"https:\/\/essilorpro.com.co\/instruments\/akr-300\/\" class=\"elementor-sub-item\" tabindex=\"-1\">AKR 300<\/a><\/li>\n<\/ul>\n<\/li>\n<\/ul>\t\t\t<\/nav>\n\t\t\t\t\t\t<\/div>\n\t\t\t\t<\/div>\n\t\t\t\t<\/div>\n\t\t\t\t\t<\/div>\n\t\t\t\t<\/div>\n\t\t\t\t<\/div>\n\t\t","protected":false},"excerpt":{"rendered":"<p>Instrumentos \/ CONSULTORIOS CS 550 es un sistema autom\u00e1tico de agudeza visual, de tipo aut\u00f3nomo, que exhibe una amplia gama de optotipos, en un panel LCD, incluido el rojo\/verde para la optometr\u00eda del ojo. La rotaci\u00f3n del optotipo se puede realizar mediante control remoto con cable o inal\u00e1mbrico o mediante dispositivos externos a trav\u00e9s de una caja de control del for\u00f3ptero digital. En el panel LCD y el producto se puede ajustar al nivel de los pacientes para un examen m\u00e1s preciso. Descargar CONSULTORIOS CONSULTORIOS CONSULTORIOS<\/p>\n","protected":false},"author":4,"featured_media":0,"parent":0,"menu_order":0,"comment_status":"closed","ping_status":"closed","template":"","meta":{"footnotes":""},"class_list":["post-5476","page","type-page","status-publish","hentry"],"_links":{"self":[{"href":"https:\/\/essilorpro.com.co\/instruments\/wp-json\/wp\/v2\/pages\/5476","targetHints":{"allow":["GET"]}}],"collection":[{"href":"https:\/\/essilorpro.com.co\/instruments\/wp-json\/wp\/v2\/pages"}],"about":[{"href":"https:\/\/essilorpro.com.co\/instruments\/wp-json\/wp\/v2\/types\/page"}],"author":[{"embeddable":true,"href":"https:\/\/essilorpro.com.co\/instruments\/wp-json\/wp\/v2\/users\/4"}],"replies":[{"embeddable":true,"href":"https:\/\/essilorpro.com.co\/instruments\/wp-json\/wp\/v2\/comments?post=5476"}],"version-history":[{"count":50,"href":"https:\/\/essilorpro.com.co\/instruments\/wp-json\/wp\/v2\/pages\/5476\/revisions"}],"predecessor-version":[{"id":8150,"href":"https:\/\/essilorpro.com.co\/instruments\/wp-json\/wp\/v2\/pages\/5476\/revisions\/8150"}],"wp:attachment":[{"href":"https:\/\/essilorpro.com.co\/instruments\/wp-json\/wp\/v2\/media?parent=5476"}],"curies":[{"name":"wp","href":"https:\/\/api.w.org\/{rel}","templated":true}]}}