{"id":4468,"date":"2022-09-14T08:49:46","date_gmt":"2022-09-14T03:49:46","guid":{"rendered":"https:\/\/essilorpro.com.co\/instruments\/?page_id=4468"},"modified":"2024-09-03T00:49:39","modified_gmt":"2024-09-02T19:49:39","slug":"contactenos","status":"publish","type":"page","link":"https:\/\/essilorpro.com.co\/instruments\/contactenos\/","title":{"rendered":"Contactenos"},"content":{"rendered":"\t\t<div data-elementor-type=\"wp-page\" data-elementor-id=\"4468\" class=\"elementor elementor-4468\" data-elementor-post-type=\"page\">\n\t\t\t\t<div class=\"elementor-element elementor-element-476f4f2d e-flex e-con-boxed wpr-particle-no wpr-jarallax-no wpr-parallax-no wpr-sticky-section-no wpr-equal-height-no e-con e-parent\" data-id=\"476f4f2d\" data-element_type=\"container\" data-e-type=\"container\">\n\t\t\t\t\t<div class=\"e-con-inner\">\n\t\t\t\t<div class=\"elementor-element elementor-element-2f0324a7 elementor-widget elementor-widget-text-editor\" data-id=\"2f0324a7\" data-element_type=\"widget\" data-e-type=\"widget\" data-widget_type=\"text-editor.default\">\n\t\t\t\t<div class=\"elementor-widget-container\">\n\t\t\t\t\t\t\t\t\t<p>Cont\u00e1ctenos<\/p>\t\t\t\t\t\t\t\t<\/div>\n\t\t\t\t<\/div>\n\t\t\t\t\t<\/div>\n\t\t\t\t<\/div>\n\t\t\t\t<section class=\"elementor-section elementor-top-section elementor-element elementor-element-fa0402e elementor-section-boxed elementor-section-height-default elementor-section-height-default wpr-particle-no wpr-jarallax-no wpr-parallax-no wpr-sticky-section-no wpr-equal-height-no\" data-id=\"fa0402e\" data-element_type=\"section\" data-e-type=\"section\">\n\t\t\t\t\t\t<div class=\"elementor-container elementor-column-gap-default\">\n\t\t\t\t\t<div class=\"elementor-column elementor-col-50 elementor-top-column elementor-element elementor-element-ecdc6e5\" data-id=\"ecdc6e5\" data-element_type=\"column\" data-e-type=\"column\">\n\t\t\t<div class=\"elementor-widget-wrap elementor-element-populated\">\n\t\t\t\t\t\t<div class=\"elementor-element elementor-element-c08872d elementor-widget elementor-widget-image\" data-id=\"c08872d\" data-element_type=\"widget\" data-e-type=\"widget\" data-widget_type=\"image.default\">\n\t\t\t\t<div class=\"elementor-widget-container\">\n\t\t\t\t\t\t\t\t\t\t\t\t\t\t\t<img fetchpriority=\"high\" decoding=\"async\" width=\"717\" height=\"1024\" src=\"https:\/\/essilorpro.com.co\/instruments\/wp-content\/uploads\/2024\/02\/CONTACTENOS-ESSILOR-INSTRUMENTS-717x1024.webp\" class=\"attachment-large size-large wp-image-5309\" alt=\"CONTACTENOS ESSILOR INSTRUMENTS\" srcset=\"https:\/\/essilorpro.com.co\/instruments\/wp-content\/uploads\/2024\/02\/CONTACTENOS-ESSILOR-INSTRUMENTS-717x1024.webp 717w, https:\/\/essilorpro.com.co\/instruments\/wp-content\/uploads\/2024\/02\/CONTACTENOS-ESSILOR-INSTRUMENTS-448x640.webp 448w, https:\/\/essilorpro.com.co\/instruments\/wp-content\/uploads\/2024\/02\/CONTACTENOS-ESSILOR-INSTRUMENTS-224x320.webp 224w, https:\/\/essilorpro.com.co\/instruments\/wp-content\/uploads\/2024\/02\/CONTACTENOS-ESSILOR-INSTRUMENTS-768x1097.webp 768w, https:\/\/essilorpro.com.co\/instruments\/wp-content\/uploads\/2024\/02\/CONTACTENOS-ESSILOR-INSTRUMENTS.webp 777w\" sizes=\"(max-width: 717px) 100vw, 717px\" \/>\t\t\t\t\t\t\t\t\t\t\t\t\t\t\t<\/div>\n\t\t\t\t<\/div>\n\t\t\t\t\t<\/div>\n\t\t<\/div>\n\t\t\t\t<div class=\"elementor-column elementor-col-50 elementor-top-column elementor-element elementor-element-d4e57f2\" data-id=\"d4e57f2\" data-element_type=\"column\" data-e-type=\"column\">\n\t\t\t<div class=\"elementor-widget-wrap elementor-element-populated\">\n\t\t\t\t\t\t<div class=\"elementor-element elementor-element-d04eaec elementor-button-align-stretch elementor-widget elementor-widget-form\" data-id=\"d04eaec\" data-element_type=\"widget\" data-e-type=\"widget\" data-settings=\"{&quot;step_next_label&quot;:&quot;Siguiente&quot;,&quot;step_previous_label&quot;:&quot;Anterior&quot;,&quot;button_width&quot;:&quot;100&quot;,&quot;step_type&quot;:&quot;number_text&quot;,&quot;step_icon_shape&quot;:&quot;circle&quot;}\" data-widget_type=\"form.default\">\n\t\t\t\t<div class=\"elementor-widget-container\">\n\t\t\t\t\t\t\t<form class=\"elementor-form\" method=\"post\" name=\"contacto\" aria-label=\"contacto\">\n\t\t\t<input type=\"hidden\" name=\"post_id\" value=\"4468\"\/>\n\t\t\t<input type=\"hidden\" name=\"form_id\" value=\"d04eaec\"\/>\n\t\t\t<input type=\"hidden\" name=\"referer_title\" value=\"Contactenos\" \/>\n\n\t\t\t\t\t\t\t<input type=\"hidden\" name=\"queried_id\" value=\"4468\"\/>\n\t\t\t\n\t\t\t<div class=\"elementor-form-fields-wrapper elementor-labels-above\">\n\t\t\t\t\t\t\t\t<div class=\"elementor-field-type-text elementor-field-group elementor-column elementor-field-group-name elementor-col-100 elementor-field-required\">\n\t\t\t\t\t\t\t\t\t\t\t\t<label for=\"form-field-name\" class=\"elementor-field-label\">\n\t\t\t\t\t\t\t\tNombre y Apellidos\t\t\t\t\t\t\t<\/label>\n\t\t\t\t\t\t\t\t\t\t\t\t\t\t<input size=\"1\" type=\"text\" name=\"form_fields[name]\" id=\"form-field-name\" class=\"elementor-field elementor-size-xs  elementor-field-textual\" required=\"required\">\n\t\t\t\t\t\t\t\t\t\t\t<\/div>\n\t\t\t\t\t\t\t\t<div class=\"elementor-field-type-text elementor-field-group elementor-column elementor-field-group-field_bbcc826 elementor-col-100 elementor-field-required\">\n\t\t\t\t\t\t\t\t\t\t\t\t<label for=\"form-field-field_bbcc826\" class=\"elementor-field-label\">\n\t\t\t\t\t\t\t\tCargo\t\t\t\t\t\t\t<\/label>\n\t\t\t\t\t\t\t\t\t\t\t\t\t\t<input size=\"1\" type=\"text\" name=\"form_fields[field_bbcc826]\" id=\"form-field-field_bbcc826\" class=\"elementor-field elementor-size-xs  elementor-field-textual\" required=\"required\">\n\t\t\t\t\t\t\t\t\t\t\t<\/div>\n\t\t\t\t\t\t\t\t<div class=\"elementor-field-type-tel elementor-field-group elementor-column elementor-field-group-field_0b95228 elementor-col-100 elementor-field-required\">\n\t\t\t\t\t\t\t\t\t\t\t\t<label for=\"form-field-field_0b95228\" class=\"elementor-field-label\">\n\t\t\t\t\t\t\t\tTel\u00e9fono\t\t\t\t\t\t\t<\/label>\n\t\t\t\t\t\t\t\t<input size=\"1\" type=\"tel\" name=\"form_fields[field_0b95228]\" id=\"form-field-field_0b95228\" class=\"elementor-field elementor-size-xs  elementor-field-textual\" required=\"required\" pattern=\"[0-9()#&amp;+*-=.]+\" title=\"Solo se aceptan n\u00fameros y caracteres de tel\u00e9fono (#,-,*,etc).\">\n\n\t\t\t\t\t\t<\/div>\n\t\t\t\t\t\t\t\t<div class=\"elementor-field-type-email elementor-field-group elementor-column elementor-field-group-email elementor-col-100 elementor-field-required\">\n\t\t\t\t\t\t\t\t\t\t\t\t<label for=\"form-field-email\" class=\"elementor-field-label\">\n\t\t\t\t\t\t\t\tEmail\t\t\t\t\t\t\t<\/label>\n\t\t\t\t\t\t\t\t\t\t\t\t\t\t<input size=\"1\" type=\"email\" name=\"form_fields[email]\" id=\"form-field-email\" class=\"elementor-field elementor-size-xs  elementor-field-textual\" required=\"required\">\n\t\t\t\t\t\t\t\t\t\t\t<\/div>\n\t\t\t\t\t\t\t\t<div class=\"elementor-field-type-text elementor-field-group elementor-column elementor-field-group-field_56e677c elementor-col-100 elementor-field-required\">\n\t\t\t\t\t\t\t\t\t\t\t\t<label for=\"form-field-field_56e677c\" class=\"elementor-field-label\">\n\t\t\t\t\t\t\t\tAsunto\t\t\t\t\t\t\t<\/label>\n\t\t\t\t\t\t\t\t\t\t\t\t\t\t<input size=\"1\" type=\"text\" name=\"form_fields[field_56e677c]\" id=\"form-field-field_56e677c\" class=\"elementor-field elementor-size-xs  elementor-field-textual\" required=\"required\">\n\t\t\t\t\t\t\t\t\t\t\t<\/div>\n\t\t\t\t\t\t\t\t<div class=\"elementor-field-type-textarea elementor-field-group elementor-column elementor-field-group-message elementor-col-100 elementor-field-required\">\n\t\t\t\t\t\t\t\t\t\t\t\t<label for=\"form-field-message\" class=\"elementor-field-label\">\n\t\t\t\t\t\t\t\tEscr\u00edbenos tu mensaje\t\t\t\t\t\t\t<\/label>\n\t\t\t\t\t\t<textarea class=\"elementor-field-textual elementor-field  elementor-size-xs\" name=\"form_fields[message]\" id=\"form-field-message\" rows=\"4\" required=\"required\"><\/textarea>\t\t\t\t<\/div>\n\t\t\t\t\t\t\t\t<div class=\"elementor-field-group elementor-column elementor-field-type-submit elementor-col-100 e-form__buttons\">\n\t\t\t\t\t<button class=\"elementor-button elementor-size-sm\" type=\"submit\">\n\t\t\t\t\t\t<span class=\"elementor-button-content-wrapper\">\n\t\t\t\t\t\t\t\t\t\t\t\t\t\t\t\t\t\t\t\t\t\t<span class=\"elementor-button-text\">Enviar<\/span>\n\t\t\t\t\t\t\t\t\t\t\t\t\t<\/span>\n\t\t\t\t\t<\/button>\n\t\t\t\t<\/div>\n\t\t\t<\/div>\n\t\t<\/form>\n\t\t\t\t\t\t<\/div>\n\t\t\t\t<\/div>\n\t\t\t\t\t<\/div>\n\t\t<\/div>\n\t\t\t\t\t<\/div>\n\t\t<\/section>\n\t\t<div class=\"elementor-element elementor-element-0b7afd8 e-flex e-con-boxed wpr-particle-no wpr-jarallax-no wpr-parallax-no wpr-sticky-section-no wpr-equal-height-no e-con e-parent\" data-id=\"0b7afd8\" data-element_type=\"container\" data-e-type=\"container\">\n\t\t\t\t\t<div class=\"e-con-inner\">\n\t\t\t\t<div class=\"elementor-element elementor-element-3fa5612 elementor-widget-divider--view-line elementor-widget elementor-widget-divider\" data-id=\"3fa5612\" data-element_type=\"widget\" data-e-type=\"widget\" data-widget_type=\"divider.default\">\n\t\t\t\t<div class=\"elementor-widget-container\">\n\t\t\t\t\t\t\t<div class=\"elementor-divider\">\n\t\t\t<span class=\"elementor-divider-separator\">\n\t\t\t\t\t\t<\/span>\n\t\t<\/div>\n\t\t\t\t\t\t<\/div>\n\t\t\t\t<\/div>\n\t\t\t\t<div class=\"elementor-element elementor-element-6ecb99b elementor-widget elementor-widget-text-editor\" data-id=\"6ecb99b\" data-element_type=\"widget\" data-e-type=\"widget\" data-widget_type=\"text-editor.default\">\n\t\t\t\t<div class=\"elementor-widget-container\">\n\t\t\t\t\t\t\t\t\t<p><strong>Tel\u00e9fono:<\/strong> 315 303 19 37<br \/><strong>Direcci\u00f3n:<\/strong> Cll 75 a # 20c \u2013 55, Bogot\u00e1.<br \/><strong>E-mail:<\/strong> analista.intrumentos@essilor.com.co<\/p>\t\t\t\t\t\t\t\t<\/div>\n\t\t\t\t<\/div>\n\t\t\t\t<div class=\"elementor-element elementor-element-5651131 elementor-widget elementor-widget-heading\" data-id=\"5651131\" data-element_type=\"widget\" data-e-type=\"widget\" data-widget_type=\"heading.default\">\n\t\t\t\t<div class=\"elementor-widget-container\">\n\t\t\t\t\t<h2 class=\"elementor-heading-title elementor-size-default\">ASISTENCIA T\u00c9CNICA:<\/h2>\t\t\t\t<\/div>\n\t\t\t\t<\/div>\n\t\t\t\t<div class=\"elementor-element elementor-element-d9cd585 elementor-widget elementor-widget-text-editor\" data-id=\"d9cd585\" data-element_type=\"widget\" data-e-type=\"widget\" data-widget_type=\"text-editor.default\">\n\t\t\t\t<div class=\"elementor-widget-container\">\n\t\t\t\t\t\t\t\t\t<p><strong>Tel\u00e9fono:<\/strong> 313 8884484<\/p>\t\t\t\t\t\t\t\t<\/div>\n\t\t\t\t<\/div>\n\t\t\t\t<div class=\"elementor-element elementor-element-d11406a elementor-widget elementor-widget-text-editor\" data-id=\"d11406a\" data-element_type=\"widget\" data-e-type=\"widget\" data-widget_type=\"text-editor.default\">\n\t\t\t\t<div class=\"elementor-widget-container\">\n\t\t\t\t\t\t\t\t\t<p><a href=\"https:\/\/zfrmz.com\/YUeVGToTfJkF7SJc3Iye\">https:\/\/zfrmz.com\/YUeVGToTfJkF7SJc3Iye<\/a><\/p>\t\t\t\t\t\t\t\t<\/div>\n\t\t\t\t<\/div>\n\t\t\t\t<div class=\"elementor-element elementor-element-6ea15e0 elementor-widget elementor-widget-image\" data-id=\"6ea15e0\" data-element_type=\"widget\" data-e-type=\"widget\" data-widget_type=\"image.default\">\n\t\t\t\t<div class=\"elementor-widget-container\">\n\t\t\t\t\t\t\t\t\t\t\t\t\t\t\t<img decoding=\"async\" width=\"800\" height=\"391\" src=\"https:\/\/essilorpro.com.co\/instruments\/wp-content\/uploads\/2024\/02\/MAPA-ESSILOR-INSTRUMENTOS-1024x500.webp\" class=\"attachment-large size-large wp-image-5310\" alt=\"MAPA ESSILOR INSTRUMENTOS\" srcset=\"https:\/\/essilorpro.com.co\/instruments\/wp-content\/uploads\/2024\/02\/MAPA-ESSILOR-INSTRUMENTOS-1024x500.webp 1024w, https:\/\/essilorpro.com.co\/instruments\/wp-content\/uploads\/2024\/02\/MAPA-ESSILOR-INSTRUMENTOS-640x313.webp 640w, https:\/\/essilorpro.com.co\/instruments\/wp-content\/uploads\/2024\/02\/MAPA-ESSILOR-INSTRUMENTOS-320x156.webp 320w, https:\/\/essilorpro.com.co\/instruments\/wp-content\/uploads\/2024\/02\/MAPA-ESSILOR-INSTRUMENTOS-768x375.webp 768w, https:\/\/essilorpro.com.co\/instruments\/wp-content\/uploads\/2024\/02\/MAPA-ESSILOR-INSTRUMENTOS-1536x750.webp 1536w, https:\/\/essilorpro.com.co\/instruments\/wp-content\/uploads\/2024\/02\/MAPA-ESSILOR-INSTRUMENTOS.webp 1920w\" sizes=\"(max-width: 800px) 100vw, 800px\" \/>\t\t\t\t\t\t\t\t\t\t\t\t\t\t\t<\/div>\n\t\t\t\t<\/div>\n\t\t\t\t\t<\/div>\n\t\t\t\t<\/div>\n\t\t\t\t<\/div>\n\t\t","protected":false},"excerpt":{"rendered":"<p>Cont\u00e1ctenos Tel\u00e9fono: 315 303 19 37Direcci\u00f3n: Cll 75 a # 20c \u2013 55, Bogot\u00e1.E-mail: analista.intrumentos@essilor.com.co ASISTENCIA T\u00c9CNICA: Tel\u00e9fono: 313 8884484 https:\/\/zfrmz.com\/YUeVGToTfJkF7SJc3Iye<\/p>\n","protected":false},"author":5,"featured_media":0,"parent":0,"menu_order":0,"comment_status":"closed","ping_status":"closed","template":"","meta":{"footnotes":""},"class_list":["post-4468","page","type-page","status-publish","hentry"],"_links":{"self":[{"href":"https:\/\/essilorpro.com.co\/instruments\/wp-json\/wp\/v2\/pages\/4468","targetHints":{"allow":["GET"]}}],"collection":[{"href":"https:\/\/essilorpro.com.co\/instruments\/wp-json\/wp\/v2\/pages"}],"about":[{"href":"https:\/\/essilorpro.com.co\/instruments\/wp-json\/wp\/v2\/types\/page"}],"author":[{"embeddable":true,"href":"https:\/\/essilorpro.com.co\/instruments\/wp-json\/wp\/v2\/users\/5"}],"replies":[{"embeddable":true,"href":"https:\/\/essilorpro.com.co\/instruments\/wp-json\/wp\/v2\/comments?post=4468"}],"version-history":[{"count":37,"href":"https:\/\/essilorpro.com.co\/instruments\/wp-json\/wp\/v2\/pages\/4468\/revisions"}],"predecessor-version":[{"id":7911,"href":"https:\/\/essilorpro.com.co\/instruments\/wp-json\/wp\/v2\/pages\/4468\/revisions\/7911"}],"wp:attachment":[{"href":"https:\/\/essilorpro.com.co\/instruments\/wp-json\/wp\/v2\/media?parent=4468"}],"curies":[{"name":"wp","href":"https:\/\/api.w.org\/{rel}","templated":true}]}}