{"id":4467,"date":"2022-09-14T08:49:30","date_gmt":"2022-09-14T03:49:30","guid":{"rendered":"https:\/\/essilorpro.com.co\/instruments\/?page_id=4467"},"modified":"2024-09-24T21:44:53","modified_gmt":"2024-09-24T16:44:53","slug":"sobre-nosotros","status":"publish","type":"page","link":"https:\/\/essilorpro.com.co\/instruments\/sobre-nosotros\/","title":{"rendered":"Sobre nosotros"},"content":{"rendered":"\t\t<div data-elementor-type=\"wp-page\" data-elementor-id=\"4467\" class=\"elementor elementor-4467\" data-elementor-post-type=\"page\">\n\t\t\t\t<div class=\"elementor-element elementor-element-6d2091b9 e-flex e-con-boxed wpr-particle-no wpr-jarallax-no wpr-parallax-no wpr-sticky-section-no e-con e-parent\" data-id=\"6d2091b9\" data-element_type=\"container\">\n\t\t\t\t\t<div class=\"e-con-inner\">\n\t\t\t\t<div class=\"elementor-element elementor-element-4c2b0be2 elementor-widget elementor-widget-text-editor\" data-id=\"4c2b0be2\" data-element_type=\"widget\" data-widget_type=\"text-editor.default\">\n\t\t\t\t<div class=\"elementor-widget-container\">\n\t\t\t\t\t\t\t\t\t<p>Sobre Nosotros<\/p>\t\t\t\t\t\t\t\t<\/div>\n\t\t\t\t<\/div>\n\t\t\t\t\t<\/div>\n\t\t\t\t<\/div>\n\t\t\t\t<section class=\"elementor-section elementor-top-section elementor-element elementor-element-3fdcf14 elementor-section-boxed elementor-section-height-default elementor-section-height-default wpr-particle-no wpr-jarallax-no wpr-parallax-no wpr-sticky-section-no\" data-id=\"3fdcf14\" data-element_type=\"section\">\n\t\t\t\t\t\t<div class=\"elementor-container elementor-column-gap-default\">\n\t\t\t\t\t<div class=\"elementor-column elementor-col-50 elementor-top-column elementor-element elementor-element-10e357d\" data-id=\"10e357d\" data-element_type=\"column\">\n\t\t\t<div class=\"elementor-widget-wrap elementor-element-populated\">\n\t\t\t\t\t\t<div class=\"elementor-element elementor-element-3bda459 elementor-widget elementor-widget-image\" data-id=\"3bda459\" data-element_type=\"widget\" data-widget_type=\"image.default\">\n\t\t\t\t<div class=\"elementor-widget-container\">\n\t\t\t\t\t\t\t\t\t\t\t\t\t\t\t<img fetchpriority=\"high\" decoding=\"async\" width=\"702\" height=\"1024\" src=\"https:\/\/essilorpro.com.co\/instruments\/wp-content\/uploads\/2024\/02\/essilor-instruments-702x1024.webp\" class=\"attachment-large size-large wp-image-5259\" alt=\"essilor instruments\" srcset=\"https:\/\/essilorpro.com.co\/instruments\/wp-content\/uploads\/2024\/02\/essilor-instruments-702x1024.webp 702w, https:\/\/essilorpro.com.co\/instruments\/wp-content\/uploads\/2024\/02\/essilor-instruments-439x640.webp 439w, https:\/\/essilorpro.com.co\/instruments\/wp-content\/uploads\/2024\/02\/essilor-instruments-219x320.webp 219w, https:\/\/essilorpro.com.co\/instruments\/wp-content\/uploads\/2024\/02\/essilor-instruments-768x1121.webp 768w, https:\/\/essilorpro.com.co\/instruments\/wp-content\/uploads\/2024\/02\/essilor-instruments.webp 777w\" sizes=\"(max-width: 702px) 100vw, 702px\" \/>\t\t\t\t\t\t\t\t\t\t\t\t\t\t\t<\/div>\n\t\t\t\t<\/div>\n\t\t\t\t\t<\/div>\n\t\t<\/div>\n\t\t\t\t<div class=\"elementor-column elementor-col-50 elementor-top-column elementor-element elementor-element-3a1899d\" data-id=\"3a1899d\" data-element_type=\"column\">\n\t\t\t<div class=\"elementor-widget-wrap elementor-element-populated\">\n\t\t\t\t\t\t<div class=\"elementor-element elementor-element-b7bf7fd elementor-widget elementor-widget-image\" data-id=\"b7bf7fd\" data-element_type=\"widget\" data-widget_type=\"image.default\">\n\t\t\t\t<div class=\"elementor-widget-container\">\n\t\t\t\t\t\t\t\t\t\t\t\t\t\t\t<img decoding=\"async\" width=\"333\" height=\"118\" src=\"https:\/\/essilorpro.com.co\/instruments\/wp-content\/uploads\/2024\/02\/logo-essilor-instruments-colores.webp\" class=\"attachment-large size-large wp-image-5260\" alt=\"logo essilor instruments colores\" srcset=\"https:\/\/essilorpro.com.co\/instruments\/wp-content\/uploads\/2024\/02\/logo-essilor-instruments-colores.webp 333w, https:\/\/essilorpro.com.co\/instruments\/wp-content\/uploads\/2024\/02\/logo-essilor-instruments-colores-320x113.webp 320w\" sizes=\"(max-width: 333px) 100vw, 333px\" \/>\t\t\t\t\t\t\t\t\t\t\t\t\t\t\t<\/div>\n\t\t\t\t<\/div>\n\t\t\t\t<div class=\"elementor-element elementor-element-1c6942b elementor-widget-divider--view-line elementor-widget elementor-widget-divider\" data-id=\"1c6942b\" data-element_type=\"widget\" data-widget_type=\"divider.default\">\n\t\t\t\t<div class=\"elementor-widget-container\">\n\t\t\t\t\t\t\t<div class=\"elementor-divider\">\n\t\t\t<span class=\"elementor-divider-separator\">\n\t\t\t\t\t\t<\/span>\n\t\t<\/div>\n\t\t\t\t\t\t<\/div>\n\t\t\t\t<\/div>\n\t\t\t\t<div class=\"elementor-element elementor-element-b1f164e elementor-widget elementor-widget-text-editor\" data-id=\"b1f164e\" data-element_type=\"widget\" data-widget_type=\"text-editor.default\">\n\t\t\t\t<div class=\"elementor-widget-container\">\n\t\t\t\t\t\t\t\t\tEssilor instruments es l\u00edder en el desarrollo de soluciones modernas y tecnolog\u00edas para los profesionales de la salud visual alrededor del mundo.\n\nNuestro objetivo es proporcionar a nuestros clientes el equipo y los servicios que satisfagan sus necesidades comerciales y ayudarlos a construir una relaci\u00f3n de confianza con sus pacientes, gracias a un profundo conocimiento de las necesidades comerciales locales y de cada \u00e1rea pr\u00e1ctica as\u00ed como a nuestra presencia en todo el mundo.\n\nCon una innovaci\u00f3n constante de nuestro departamento de investigaci\u00f3n y desarrollo para enfrentar estos desaf\u00edos. Hemos alcanzado una posici\u00f3n de liderazgo mundial en varias categor\u00edas como acabado, refracci\u00f3n, equipo diagn\u00f3stico, examen visual y medici\u00f3n de la distancia interpupilar para satisfacer sus necesidades diarias.\n\nStereo Optical es una divisi\u00f3n de Essilor Instruments. Durante m\u00e1s de 60 a\u00f1os, Stereo Optical ha sido un experto en la fabricaci\u00f3n, venta y distribuci\u00f3n global de productos para ex\u00e1menes visuales en muchos mercados y profesiones, con uso y validaci\u00f3n confiables.\t\t\t\t\t\t\t\t<\/div>\n\t\t\t\t<\/div>\n\t\t\t\t\t<\/div>\n\t\t<\/div>\n\t\t\t\t\t<\/div>\n\t\t<\/section>\n\t\t\t\t<\/div>\n\t\t","protected":false},"excerpt":{"rendered":"<p>Sobre Nosotros Essilor instruments es l\u00edder en el desarrollo de soluciones modernas y tecnolog\u00edas para los profesionales de la salud visual alrededor del mundo. Nuestro objetivo es proporcionar a nuestros clientes el equipo y los servicios que satisfagan sus necesidades comerciales y ayudarlos a construir una relaci\u00f3n de confianza con sus pacientes, gracias a un profundo conocimiento de las necesidades comerciales locales y de cada \u00e1rea pr\u00e1ctica as\u00ed como a nuestra presencia en todo el mundo. Con una innovaci\u00f3n constante de nuestro departamento de investigaci\u00f3n y desarrollo para enfrentar estos desaf\u00edos. Hemos alcanzado una posici\u00f3n de liderazgo mundial en varias categor\u00edas como acabado, refracci\u00f3n, equipo diagn\u00f3stico, examen visual y medici\u00f3n de la distancia interpupilar para satisfacer sus necesidades diarias. Stereo Optical es una divisi\u00f3n de Essilor Instruments. Durante m\u00e1s de 60 a\u00f1os, Stereo Optical ha sido un experto en la fabricaci\u00f3n, venta y distribuci\u00f3n global de productos para ex\u00e1menes visuales en muchos mercados y profesiones, con uso y validaci\u00f3n confiables.<\/p>\n","protected":false},"author":5,"featured_media":0,"parent":0,"menu_order":0,"comment_status":"closed","ping_status":"closed","template":"","meta":{"footnotes":""},"class_list":["post-4467","page","type-page","status-publish","hentry"],"_links":{"self":[{"href":"https:\/\/essilorpro.com.co\/instruments\/wp-json\/wp\/v2\/pages\/4467","targetHints":{"allow":["GET"]}}],"collection":[{"href":"https:\/\/essilorpro.com.co\/instruments\/wp-json\/wp\/v2\/pages"}],"about":[{"href":"https:\/\/essilorpro.com.co\/instruments\/wp-json\/wp\/v2\/types\/page"}],"author":[{"embeddable":true,"href":"https:\/\/essilorpro.com.co\/instruments\/wp-json\/wp\/v2\/users\/5"}],"replies":[{"embeddable":true,"href":"https:\/\/essilorpro.com.co\/instruments\/wp-json\/wp\/v2\/comments?post=4467"}],"version-history":[{"count":22,"href":"https:\/\/essilorpro.com.co\/instruments\/wp-json\/wp\/v2\/pages\/4467\/revisions"}],"predecessor-version":[{"id":8129,"href":"https:\/\/essilorpro.com.co\/instruments\/wp-json\/wp\/v2\/pages\/4467\/revisions\/8129"}],"wp:attachment":[{"href":"https:\/\/essilorpro.com.co\/instruments\/wp-json\/wp\/v2\/media?parent=4467"}],"curies":[{"name":"wp","href":"https:\/\/api.w.org\/{rel}","templated":true}]}}