{"id":4448,"date":"2022-09-14T08:44:35","date_gmt":"2022-09-14T03:44:35","guid":{"rendered":"https:\/\/essilorpro.com.co\/instruments\/?page_id=4448"},"modified":"2023-12-27T02:28:08","modified_gmt":"2023-12-26T21:28:08","slug":"refralines3","status":"publish","type":"page","link":"https:\/\/essilorpro.com.co\/instruments\/refralines3\/","title":{"rendered":"Refralines3"},"content":{"rendered":"\t\t<div data-elementor-type=\"wp-page\" data-elementor-id=\"4448\" class=\"elementor elementor-4448\" data-elementor-post-type=\"page\">\n\t\t\t\t\t\t<section class=\"elementor-section elementor-top-section elementor-element elementor-element-556186d9 elementor-section-boxed elementor-section-height-default elementor-section-height-default wpr-particle-no wpr-jarallax-no wpr-parallax-no wpr-sticky-section-no\" data-id=\"556186d9\" data-element_type=\"section\">\n\t\t\t\t\t\t<div class=\"elementor-container elementor-column-gap-default\">\n\t\t\t\t\t<div class=\"elementor-column elementor-col-100 elementor-top-column elementor-element elementor-element-46d6c947\" data-id=\"46d6c947\" data-element_type=\"column\">\n\t\t\t<div class=\"elementor-widget-wrap elementor-element-populated\">\n\t\t\t\t\t\t<div class=\"elementor-element elementor-element-628488c0 elementor-widget elementor-widget-text-editor\" data-id=\"628488c0\" data-element_type=\"widget\" data-widget_type=\"text-editor.default\">\n\t\t\t\t<div class=\"elementor-widget-container\">\n\t\t\t\t\t\t\t\t\t<h1 class=\"uppercase\">REFRALINES<\/h1><p>UNA GAMA\u00a0FLEXIBLE<br \/>QUE SE ADAPTA AL ESPACIO DISPONIBLE,\u00a0N\u00daMERO Y TIPO DE RECONOCIMIENTOS.<\/p>\t\t\t\t\t\t\t\t<\/div>\n\t\t\t\t<\/div>\n\t\t\t\t<section class=\"elementor-section elementor-inner-section elementor-element elementor-element-67701d3d elementor-section-content-top elementor-reverse-mobile elementor-section-boxed elementor-section-height-default elementor-section-height-default wpr-particle-no wpr-jarallax-no wpr-parallax-no wpr-sticky-section-no\" data-id=\"67701d3d\" data-element_type=\"section\">\n\t\t\t\t\t\t<div class=\"elementor-container elementor-column-gap-default\">\n\t\t\t\t\t<div class=\"elementor-column elementor-col-50 elementor-inner-column elementor-element elementor-element-4b716e06\" data-id=\"4b716e06\" data-element_type=\"column\">\n\t\t\t<div class=\"elementor-widget-wrap elementor-element-populated\">\n\t\t\t\t\t\t<div class=\"elementor-element elementor-element-21a179e5 elementor-widget elementor-widget-text-editor\" data-id=\"21a179e5\" data-element_type=\"widget\" data-widget_type=\"text-editor.default\">\n\t\t\t\t<div class=\"elementor-widget-container\">\n\t\t\t\t\t\t\t\t\t<h2 class=\"uppercase\">REFRALINES 3<\/h2><p>Un modelo profesional, eficaz y de dise\u00f1o<\/p><ul><li>Perfecta para el d\u00eda a d\u00eda, la unidad de refracci\u00f3n Refraline 2 seduce por su practicidad y su dise\u00f1o compacto. Un equipo ergon\u00f3mico y muy f\u00e1cil de manejar. Gracias a su bandeja ajustable, el paciente apenas tiene que moverse durante el reconocimiento.<\/li><\/ul>\t\t\t\t\t\t\t\t<\/div>\n\t\t\t\t<\/div>\n\t\t\t\t\t<\/div>\n\t\t<\/div>\n\t\t\t\t<div class=\"elementor-column elementor-col-50 elementor-inner-column elementor-element elementor-element-77b951d7\" data-id=\"77b951d7\" data-element_type=\"column\">\n\t\t\t<div class=\"elementor-widget-wrap elementor-element-populated\">\n\t\t\t\t\t\t<div class=\"elementor-element elementor-element-6737d5d4 elementor-widget elementor-widget-image\" data-id=\"6737d5d4\" data-element_type=\"widget\" data-widget_type=\"image.default\">\n\t\t\t\t<div class=\"elementor-widget-container\">\n\t\t\t\t\t\t\t\t\t\t\t\t\t\t\t<img fetchpriority=\"high\" decoding=\"async\" width=\"532\" height=\"800\" src=\"https:\/\/essilorpro.com.co\/instruments\/wp-content\/uploads\/2022\/09\/refraline3-bis3577047090443829238.psd-1_-1xoxar-532x800-1.png\" class=\"attachment-full size-full wp-image-4792\" alt=\"\" srcset=\"https:\/\/essilorpro.com.co\/instruments\/wp-content\/uploads\/2022\/09\/refraline3-bis3577047090443829238.psd-1_-1xoxar-532x800-1.png 532w, https:\/\/essilorpro.com.co\/instruments\/wp-content\/uploads\/2022\/09\/refraline3-bis3577047090443829238.psd-1_-1xoxar-532x800-1-426x640.png 426w, https:\/\/essilorpro.com.co\/instruments\/wp-content\/uploads\/2022\/09\/refraline3-bis3577047090443829238.psd-1_-1xoxar-532x800-1-213x320.png 213w, https:\/\/essilorpro.com.co\/instruments\/wp-content\/uploads\/2022\/09\/refraline3-bis3577047090443829238.psd-1_-1xoxar-532x800-1-97x146.png 97w, https:\/\/essilorpro.com.co\/instruments\/wp-content\/uploads\/2022\/09\/refraline3-bis3577047090443829238.psd-1_-1xoxar-532x800-1-33x50.png 33w, https:\/\/essilorpro.com.co\/instruments\/wp-content\/uploads\/2022\/09\/refraline3-bis3577047090443829238.psd-1_-1xoxar-532x800-1-50x75.png 50w\" sizes=\"(max-width: 532px) 100vw, 532px\" \/>\t\t\t\t\t\t\t\t\t\t\t\t\t\t\t<\/div>\n\t\t\t\t<\/div>\n\t\t\t\t\t<\/div>\n\t\t<\/div>\n\t\t\t\t\t<\/div>\n\t\t<\/section>\n\t\t\t\t\t<\/div>\n\t\t<\/div>\n\t\t\t\t\t<\/div>\n\t\t<\/section>\n\t\t\t\t<\/div>\n\t\t","protected":false},"excerpt":{"rendered":"<p>REFRALINES UNA GAMA\u00a0FLEXIBLEQUE SE ADAPTA AL ESPACIO DISPONIBLE,\u00a0N\u00daMERO Y TIPO DE RECONOCIMIENTOS. REFRALINES 3 Un modelo profesional, eficaz y de dise\u00f1o Perfecta para el d\u00eda a d\u00eda, la unidad de refracci\u00f3n Refraline 2 seduce por su practicidad y su dise\u00f1o compacto. Un equipo ergon\u00f3mico y muy f\u00e1cil de manejar. Gracias a su bandeja ajustable, el paciente apenas tiene que moverse durante el reconocimiento.<\/p>\n","protected":false},"author":5,"featured_media":0,"parent":0,"menu_order":0,"comment_status":"closed","ping_status":"closed","template":"","meta":{"footnotes":""},"class_list":["post-4448","page","type-page","status-publish","hentry"],"_links":{"self":[{"href":"https:\/\/essilorpro.com.co\/instruments\/wp-json\/wp\/v2\/pages\/4448","targetHints":{"allow":["GET"]}}],"collection":[{"href":"https:\/\/essilorpro.com.co\/instruments\/wp-json\/wp\/v2\/pages"}],"about":[{"href":"https:\/\/essilorpro.com.co\/instruments\/wp-json\/wp\/v2\/types\/page"}],"author":[{"embeddable":true,"href":"https:\/\/essilorpro.com.co\/instruments\/wp-json\/wp\/v2\/users\/5"}],"replies":[{"embeddable":true,"href":"https:\/\/essilorpro.com.co\/instruments\/wp-json\/wp\/v2\/comments?post=4448"}],"version-history":[{"count":10,"href":"https:\/\/essilorpro.com.co\/instruments\/wp-json\/wp\/v2\/pages\/4448\/revisions"}],"predecessor-version":[{"id":5130,"href":"https:\/\/essilorpro.com.co\/instruments\/wp-json\/wp\/v2\/pages\/4448\/revisions\/5130"}],"wp:attachment":[{"href":"https:\/\/essilorpro.com.co\/instruments\/wp-json\/wp\/v2\/media?parent=4448"}],"curies":[{"name":"wp","href":"https:\/\/api.w.org\/{rel}","templated":true}]}}